{"id":28944,"date":"2025-04-10T12:08:22","date_gmt":"2025-04-10T10:08:22","guid":{"rendered":"https:\/\/myspainfood.com\/producto\/trska-20-30-cela-soljena-trska-s-ferskih-otokov\/"},"modified":"2025-08-12T09:50:52","modified_gmt":"2025-08-12T07:50:52","slug":"trska-20-30-cela-soljena-trska-s-ferskih-otokov","status":"publish","type":"product","link":"https:\/\/myspainfood.com\/sl\/producto\/trska-20-30-cela-soljena-trska-s-ferskih-otokov\/","title":{"rendered":"Trska 20\/30 Cela soljena trska s Ferskih otokov"},"content":{"rendered":"<p><a href=\"https:\/\/labarajilla.es\/bacalao\/\" target=\"_blank\" rel=\"noopener noreferrer nofollow\">La Barajilla<\/a> Faroe Cod 20\/30 Celotna soljena trska Faroe temelji na celotnem kosu trske, ki je prerezan na pol, soljen in su\u0161en.<\/p>\n<p>Osnova za pripravo regionalnih jedi v skladu s tradicijo posamezne dr\u017eave.<\/p>\n<ul>\n<li><strong>VELIKOST<\/strong>: 20\/30<\/li>\n<li><strong>VRSTA<\/strong>: trska ( Gadus Morhua )<u><\/u><u><\/u><\/li>\n<li><strong>RIBI\u0160KA OBLIKA<\/strong>: severozahodni Atlantik ( FAO 27 )<u><\/u><u><\/u><\/li>\n<li><strong>SKLADI\u0160\u010cENJE<\/strong>: med 0\u00baC in 5\u00baC.<\/li>\n<\/ul>\n<p>S prehranskega vidika je trska hrana, bogata z beljakovinami, z visoko biolo\u0161ko vrednostjo in prebavljivostjo ter nizko vsebnostjo ma\u0161\u010dob in kalorij.<\/p>\n<p>Vsebnost vode je pribli\u017eno 80 % (v sve\u017ei trski).<\/p>\n<p>Ta trska je dober vir vitaminov (predvsem iz skupine B) in mineralnih soli, ki so nujno potrebni za telo.<\/p>\n<p>Sve\u017eo ali razsoljeno trsko lahko u\u017eivajo ljudje z visokim krvnim tlakom, saj vsebuje malo natrija in veliko kalija.<\/p>\n<p>&#8220;Trska je skupno ime za ve\u010d vrst rib iz rodu Gadus, \u010deprav imajo nekatere vrste iz istega rodu lahko druga imena.<\/p>\n<p>Najpogostej\u0161a vrsta je atlantska trska (Gadus morhua ali navadna trska).<\/p>\n<p>\u010ce \u017eelite kupiti trsko 20\/30 Celotno soljeno trsko s Ferskih otokov ali katero koli drugo vrsto <a href=\"https:\/\/latiendadesami.com\/categoria-producto\/frio\/\" rel=\"noopener noreferrer nofollow\" target=\"_blank\">hladnega<\/a> izdelka, si oglejte na\u0161 celoten spletni katalog, da si ogledate \u0161iroko paleto trsk, ki jih ponujamo.<\/p>\n<p>Za ve\u010d informacij nam pi\u0161ite.<\/p>\n","protected":false},"excerpt":{"rendered":"<p>La Barajilla Faroe Cod 20\/30 Celotna soljena trska Faroe temelji na celotnem kosu trske, ki je prerezan na pol, soljen in su\u0161en. Osnova za pripravo regionalnih jedi v skladu s tradicijo posamezne dr\u017eave. VELIKOST: 20\/30 VRSTA: trska ( Gadus Morhua ) RIBI\u0160KA OBLIKA: severozahodni Atlantik ( FAO 27 ) SKLADI\u0160\u010cENJE: med 0\u00baC in 5\u00baC. S [&hellip;]<\/p>\n","protected":false},"featured_media":28952,"template":"","meta":{"_et_pb_use_builder":"","_et_pb_old_content":"","_et_gb_content_width":""},"product_brand":[1290],"product_cat":[1813,3546],"product_tag":[],"class_list":{"0":"post-28944","1":"product","2":"type-product","3":"status-publish","4":"has-post-thumbnail","6":"product_brand-la-barajilla","7":"product_cat-hladno","8":"product_cat-trska","9":"product_shipping_class-hladna-posiljka","11":"first","12":"outofstock","13":"taxable","14":"shipping-taxable","15":"purchasable","16":"product-type-variable"},"_links":{"self":[{"href":"https:\/\/myspainfood.com\/sl\/wp-json\/wp\/v2\/product\/28944","targetHints":{"allow":["GET"]}}],"collection":[{"href":"https:\/\/myspainfood.com\/sl\/wp-json\/wp\/v2\/product"}],"about":[{"href":"https:\/\/myspainfood.com\/sl\/wp-json\/wp\/v2\/types\/product"}],"wp:featuredmedia":[{"embeddable":true,"href":"https:\/\/myspainfood.com\/sl\/wp-json\/wp\/v2\/media\/28952"}],"wp:attachment":[{"href":"https:\/\/myspainfood.com\/sl\/wp-json\/wp\/v2\/media?parent=28944"}],"wp:term":[{"taxonomy":"product_brand","embeddable":true,"href":"https:\/\/myspainfood.com\/sl\/wp-json\/wp\/v2\/product_brand?post=28944"},{"taxonomy":"product_cat","embeddable":true,"href":"https:\/\/myspainfood.com\/sl\/wp-json\/wp\/v2\/product_cat?post=28944"},{"taxonomy":"product_tag","embeddable":true,"href":"https:\/\/myspainfood.com\/sl\/wp-json\/wp\/v2\/product_tag?post=28944"}],"curies":[{"name":"wp","href":"https:\/\/api.w.org\/{rel}","templated":true}]}}