{"id":29338,"date":"2025-04-10T12:08:13","date_gmt":"2025-04-10T10:08:13","guid":{"rendered":"https:\/\/myspainfood.com\/producto\/jajcne-dobrote-s-sardoni-65-enot\/"},"modified":"2025-07-28T12:55:13","modified_gmt":"2025-07-28T10:55:13","slug":"jajcne-dobrote-s-sardoni-65-enot","status":"publish","type":"product","link":"https:\/\/myspainfood.com\/sl\/producto\/jajcne-dobrote-s-sardoni-65-enot\/","title":{"rendered":"Jaj\u010dne dobrote s sardoni 65 enot"},"content":{"rendered":"<p>Olje (85 % son\u010dni\u010dno, 15 % olj\u010dno olje), oljke, polnjene z <strong>in\u010duni<\/strong>, <strong>in\u010duni<\/strong> v kisu, prepeli\u010dje <strong>jajce<\/strong>, piparra in rde\u010da paprika.<\/p>\n","protected":false},"excerpt":{"rendered":"<p>Olje (85 % son\u010dni\u010dno, 15 % olj\u010dno olje), oljke, polnjene z in\u010duni, in\u010duni v kisu, prepeli\u010dje jajce, piparra in rde\u010da paprika.<\/p>\n","protected":false},"featured_media":29342,"template":"","meta":{"_et_pb_use_builder":"","_et_pb_old_content":"","_et_gb_content_width":""},"product_brand":[1277],"product_cat":[1813,1720,1717,1817,1902],"product_tag":[],"class_list":{"0":"post-29338","1":"product","2":"type-product","3":"status-publish","4":"has-post-thumbnail","6":"product_brand-bokeo","7":"product_cat-hladno","8":"product_cat-oljke","9":"product_cat-pickles-sl","10":"product_cat-pintxos-sl","11":"product_cat-sardele-sl","12":"product_shipping_class-hladna-posiljka","14":"first","15":"outofstock","16":"taxable","17":"shipping-taxable","18":"purchasable","19":"product-type-simple"},"_links":{"self":[{"href":"https:\/\/myspainfood.com\/sl\/wp-json\/wp\/v2\/product\/29338","targetHints":{"allow":["GET"]}}],"collection":[{"href":"https:\/\/myspainfood.com\/sl\/wp-json\/wp\/v2\/product"}],"about":[{"href":"https:\/\/myspainfood.com\/sl\/wp-json\/wp\/v2\/types\/product"}],"wp:featuredmedia":[{"embeddable":true,"href":"https:\/\/myspainfood.com\/sl\/wp-json\/wp\/v2\/media\/29342"}],"wp:attachment":[{"href":"https:\/\/myspainfood.com\/sl\/wp-json\/wp\/v2\/media?parent=29338"}],"wp:term":[{"taxonomy":"product_brand","embeddable":true,"href":"https:\/\/myspainfood.com\/sl\/wp-json\/wp\/v2\/product_brand?post=29338"},{"taxonomy":"product_cat","embeddable":true,"href":"https:\/\/myspainfood.com\/sl\/wp-json\/wp\/v2\/product_cat?post=29338"},{"taxonomy":"product_tag","embeddable":true,"href":"https:\/\/myspainfood.com\/sl\/wp-json\/wp\/v2\/product_tag?post=29338"}],"curies":[{"name":"wp","href":"https:\/\/api.w.org\/{rel}","templated":true}]}}