{"id":29508,"date":"2025-04-10T12:08:22","date_gmt":"2025-04-10T10:08:22","guid":{"rendered":"https:\/\/myspainfood.com\/producto\/vahnja-fino-drobljena-5kg\/"},"modified":"2025-07-28T10:36:54","modified_gmt":"2025-07-28T08:36:54","slug":"vahnja-fino-drobljena-5kg","status":"publish","type":"product","link":"https:\/\/myspainfood.com\/sl\/producto\/vahnja-fino-drobljena-5kg\/","title":{"rendered":"Vahnja fino drobljena 5kg"},"content":{"rendered":"<p>Desmigado Fino Abadejo 5 kg <a href=\"https:\/\/labarajilla.es\/bacalao\/\" target=\"_blank\" rel=\"noopener noreferrer nofollow\">La Barajilla<\/a> temelji na kosih vrhunske kakovosti brez ko\u017ee in kosti, ki so idealni za omlete, krokete in ajoarriero.<\/p>\n<p>Ta izdelek mora biti skladi\u0161\u010den pri temperaturi med 0 in 5 \u00baC, da se ohranijo njegove lastnosti v nespremenjeni obliki.<\/p>\n<p>S prehranskega vidika je trska hrana, bogata z beljakovinami, z visoko biolo\u0161ko vrednostjo in prebavljivostjo ter nizko vsebnostjo ma\u0161\u010dob in kalorij.<\/p>\n<p>Vsebnost vode je pribli\u017eno 80 % (v sve\u017ei trski).<\/p>\n<p>Ta trska je dober vir vitaminov (predvsem iz skupine B) in mineralnih soli, ki so nujno potrebni za telo.<\/p>\n<p>Sve\u017eo ali razsoljeno trsko lahko u\u017eivajo ljudje z visokim krvnim tlakom, saj vsebuje malo natrija in veliko kalija.<\/p>\n<p>&#8220;Trska je skupno ime za ve\u010d vrst rib iz rodu Gadus, \u010deprav imajo nekatere vrste iz istega rodu lahko druga imena.<\/p>\n<p>Najpogostej\u0161a vrsta je atlantska trska (Gadus morhua ali navadna trska).<\/p>\n<p>\u010ce \u017eeli\u0161 kupiti Desmigado Fino Abadejo 5kg ali katero koli drugo vrsto <a href=\"https:\/\/latiendadesami.com\/categoria-producto\/frio\/\" rel=\"noopener noreferrer nofollow\" target=\"_blank\">hladnega<\/a> izdelka, si oglej celoten katalog izdelkov na spletu in si oglej najrazli\u010dnej\u0161e vrste trske, ki jih ponujamo.<\/p>\n<p>Za ve\u010d informacij nam pi\u0161ite.<\/p>\n","protected":false},"excerpt":{"rendered":"<p>Desmigado Fino Abadejo 5 kg La Barajilla temelji na kosih vrhunske kakovosti brez ko\u017ee in kosti, ki so idealni za omlete, krokete in ajoarriero. Ta izdelek mora biti skladi\u0161\u010den pri temperaturi med 0 in 5 \u00baC, da se ohranijo njegove lastnosti v nespremenjeni obliki. S prehranskega vidika je trska hrana, bogata z beljakovinami, z visoko [&hellip;]<\/p>\n","protected":false},"featured_media":29512,"template":"","meta":{"_et_pb_use_builder":"","_et_pb_old_content":"","_et_gb_content_width":""},"product_brand":[1290],"product_cat":[1813,3546],"product_tag":[],"class_list":{"0":"post-29508","1":"product","2":"type-product","3":"status-publish","4":"has-post-thumbnail","6":"product_brand-la-barajilla","7":"product_cat-hladno","8":"product_cat-trska","9":"product_shipping_class-hladna-posiljka","11":"first","12":"outofstock","13":"taxable","14":"shipping-taxable","15":"purchasable","16":"product-type-simple"},"_links":{"self":[{"href":"https:\/\/myspainfood.com\/sl\/wp-json\/wp\/v2\/product\/29508","targetHints":{"allow":["GET"]}}],"collection":[{"href":"https:\/\/myspainfood.com\/sl\/wp-json\/wp\/v2\/product"}],"about":[{"href":"https:\/\/myspainfood.com\/sl\/wp-json\/wp\/v2\/types\/product"}],"wp:featuredmedia":[{"embeddable":true,"href":"https:\/\/myspainfood.com\/sl\/wp-json\/wp\/v2\/media\/29512"}],"wp:attachment":[{"href":"https:\/\/myspainfood.com\/sl\/wp-json\/wp\/v2\/media?parent=29508"}],"wp:term":[{"taxonomy":"product_brand","embeddable":true,"href":"https:\/\/myspainfood.com\/sl\/wp-json\/wp\/v2\/product_brand?post=29508"},{"taxonomy":"product_cat","embeddable":true,"href":"https:\/\/myspainfood.com\/sl\/wp-json\/wp\/v2\/product_cat?post=29508"},{"taxonomy":"product_tag","embeddable":true,"href":"https:\/\/myspainfood.com\/sl\/wp-json\/wp\/v2\/product_tag?post=29508"}],"curies":[{"name":"wp","href":"https:\/\/api.w.org\/{rel}","templated":true}]}}