{"id":29919,"date":"2025-04-10T12:08:05","date_gmt":"2025-04-10T10:08:05","guid":{"rendered":"https:\/\/myspainfood.com\/producto\/sushi-cecina-in-sir-80-enot\/"},"modified":"2025-07-28T10:37:03","modified_gmt":"2025-07-28T08:37:03","slug":"sushi-cecina-in-sir-80-enot","status":"publish","type":"product","link":"https:\/\/myspainfood.com\/sl\/producto\/sushi-cecina-in-sir-80-enot\/","title":{"rendered":"Sushi Cecina in sir 80 enot"},"content":{"rendered":"<p>Olje (85 % son\u010dni\u010dno, 15 % olj\u010dno), oljka, polnjena z<strong> in\u010duni<\/strong>, prepeli\u010dje <strong>jajce<\/strong>, me\u0161ani sir in goveje surovo meso.<\/p>\n","protected":false},"excerpt":{"rendered":"<p>Olje (85 % son\u010dni\u010dno, 15 % olj\u010dno), oljka, polnjena z in\u010duni, prepeli\u010dje jajce, me\u0161ani sir in goveje surovo meso.<\/p>\n","protected":false},"featured_media":29923,"template":"","meta":{"_et_pb_use_builder":"","_et_pb_old_content":"","_et_gb_content_width":""},"product_brand":[1277],"product_cat":[1813,1720,1717,1817,2258],"product_tag":[],"class_list":{"0":"post-29919","1":"product","2":"type-product","3":"status-publish","4":"has-post-thumbnail","6":"product_brand-bokeo","7":"product_cat-hladno","8":"product_cat-oljke","9":"product_cat-pickles-sl","10":"product_cat-pintxos-sl","11":"product_cat-sir-in-klobasa","12":"product_shipping_class-hladna-posiljka","14":"first","15":"outofstock","16":"taxable","17":"shipping-taxable","18":"purchasable","19":"product-type-simple"},"_links":{"self":[{"href":"https:\/\/myspainfood.com\/sl\/wp-json\/wp\/v2\/product\/29919","targetHints":{"allow":["GET"]}}],"collection":[{"href":"https:\/\/myspainfood.com\/sl\/wp-json\/wp\/v2\/product"}],"about":[{"href":"https:\/\/myspainfood.com\/sl\/wp-json\/wp\/v2\/types\/product"}],"wp:featuredmedia":[{"embeddable":true,"href":"https:\/\/myspainfood.com\/sl\/wp-json\/wp\/v2\/media\/29923"}],"wp:attachment":[{"href":"https:\/\/myspainfood.com\/sl\/wp-json\/wp\/v2\/media?parent=29919"}],"wp:term":[{"taxonomy":"product_brand","embeddable":true,"href":"https:\/\/myspainfood.com\/sl\/wp-json\/wp\/v2\/product_brand?post=29919"},{"taxonomy":"product_cat","embeddable":true,"href":"https:\/\/myspainfood.com\/sl\/wp-json\/wp\/v2\/product_cat?post=29919"},{"taxonomy":"product_tag","embeddable":true,"href":"https:\/\/myspainfood.com\/sl\/wp-json\/wp\/v2\/product_tag?post=29919"}],"curies":[{"name":"wp","href":"https:\/\/api.w.org\/{rel}","templated":true}]}}