{"id":30147,"date":"2025-04-10T12:08:03","date_gmt":"2025-04-10T10:08:03","guid":{"rendered":"https:\/\/myspainfood.com\/producto\/gildas-de-boqueron-bokeo-5-enot\/"},"modified":"2025-06-24T13:33:31","modified_gmt":"2025-06-24T11:33:31","slug":"gildas-de-boqueron-bokeo-5-enot","status":"publish","type":"product","link":"https:\/\/myspainfood.com\/sl\/producto\/gildas-de-boqueron-bokeo-5-enot\/","title":{"rendered":"Gildas de Boquer\u00f3n Bokeo 5 enot"},"content":{"rendered":"<p>Olje (85 % son\u010dni\u010dno, 15 % olj\u010dno olje), oljke, polnjene z <strong>in\u010duni<\/strong>, <strong>in\u010duni<\/strong> v kisu, rde\u010da paprika, peter\u0161ilj in \u010desen.<\/p>\n","protected":false},"excerpt":{"rendered":"<p>Olje (85 % son\u010dni\u010dno, 15 % olj\u010dno olje), oljke, polnjene z in\u010duni, in\u010duni v kisu, rde\u010da paprika, peter\u0161ilj in \u010desen.<\/p>\n","protected":false},"featured_media":30152,"template":"","meta":{"_et_pb_use_builder":"","_et_pb_old_content":"","_et_gb_content_width":""},"product_brand":[1277],"product_cat":[1813,1983,1720,2323,1717,1817,1902],"product_tag":[],"class_list":{"0":"post-30147","1":"product","2":"type-product","3":"status-publish","4":"has-post-thumbnail","6":"product_brand-bokeo","7":"product_cat-hladno","8":"product_cat-ohranja","9":"product_cat-oljke","10":"product_cat-paprike","11":"product_cat-pickles-sl","12":"product_cat-pintxos-sl","13":"product_cat-sardele-sl","14":"product_shipping_class-hladna-posiljka","16":"first","17":"instock","18":"taxable","19":"shipping-taxable","20":"product-type-variable"},"_links":{"self":[{"href":"https:\/\/myspainfood.com\/sl\/wp-json\/wp\/v2\/product\/30147","targetHints":{"allow":["GET"]}}],"collection":[{"href":"https:\/\/myspainfood.com\/sl\/wp-json\/wp\/v2\/product"}],"about":[{"href":"https:\/\/myspainfood.com\/sl\/wp-json\/wp\/v2\/types\/product"}],"wp:featuredmedia":[{"embeddable":true,"href":"https:\/\/myspainfood.com\/sl\/wp-json\/wp\/v2\/media\/30152"}],"wp:attachment":[{"href":"https:\/\/myspainfood.com\/sl\/wp-json\/wp\/v2\/media?parent=30147"}],"wp:term":[{"taxonomy":"product_brand","embeddable":true,"href":"https:\/\/myspainfood.com\/sl\/wp-json\/wp\/v2\/product_brand?post=30147"},{"taxonomy":"product_cat","embeddable":true,"href":"https:\/\/myspainfood.com\/sl\/wp-json\/wp\/v2\/product_cat?post=30147"},{"taxonomy":"product_tag","embeddable":true,"href":"https:\/\/myspainfood.com\/sl\/wp-json\/wp\/v2\/product_tag?post=30147"}],"curies":[{"name":"wp","href":"https:\/\/api.w.org\/{rel}","templated":true}]}}