{"id":30550,"date":"2025-04-10T12:08:03","date_gmt":"2025-04-10T10:08:03","guid":{"rendered":"https:\/\/myspainfood.com\/producto\/cecina-in-sir-gildas-4-enote\/"},"modified":"2025-06-24T14:13:13","modified_gmt":"2025-06-24T12:13:13","slug":"cecina-in-sir-gildas-4-enote","status":"publish","type":"product","link":"https:\/\/myspainfood.com\/sl\/producto\/cecina-in-sir-gildas-4-enote\/","title":{"rendered":"Cecina in sir Gildas 4 enote"},"content":{"rendered":"<p>Olje (85 % son\u010dni\u010dno, 15 % olj\u010dno), polsu\u0161eni sir in surova govedina.<\/p>\n","protected":false},"excerpt":{"rendered":"<p>Olje (85 % son\u010dni\u010dno, 15 % olj\u010dno), polsu\u0161eni sir in surova govedina.<\/p>\n","protected":false},"featured_media":30559,"template":"","meta":{"_et_pb_use_builder":"","_et_pb_old_content":"","_et_gb_content_width":""},"product_brand":[1277],"product_cat":[2090,1813,2259,1717,1817,2258,2730],"product_tag":[],"class_list":{"0":"post-30550","1":"product","2":"type-product","3":"status-publish","4":"has-post-thumbnail","6":"product_brand-bokeo","7":"product_cat-banderillas-sl","8":"product_cat-hladno","9":"product_cat-klobase","10":"product_cat-pickles-sl","11":"product_cat-pintxos-sl","12":"product_cat-sir-in-klobasa","13":"product_cat-zdravljenje","14":"product_shipping_class-hladna-posiljka","16":"first","17":"outofstock","18":"taxable","19":"shipping-taxable","20":"product-type-variable"},"_links":{"self":[{"href":"https:\/\/myspainfood.com\/sl\/wp-json\/wp\/v2\/product\/30550","targetHints":{"allow":["GET"]}}],"collection":[{"href":"https:\/\/myspainfood.com\/sl\/wp-json\/wp\/v2\/product"}],"about":[{"href":"https:\/\/myspainfood.com\/sl\/wp-json\/wp\/v2\/types\/product"}],"wp:featuredmedia":[{"embeddable":true,"href":"https:\/\/myspainfood.com\/sl\/wp-json\/wp\/v2\/media\/30559"}],"wp:attachment":[{"href":"https:\/\/myspainfood.com\/sl\/wp-json\/wp\/v2\/media?parent=30550"}],"wp:term":[{"taxonomy":"product_brand","embeddable":true,"href":"https:\/\/myspainfood.com\/sl\/wp-json\/wp\/v2\/product_brand?post=30550"},{"taxonomy":"product_cat","embeddable":true,"href":"https:\/\/myspainfood.com\/sl\/wp-json\/wp\/v2\/product_cat?post=30550"},{"taxonomy":"product_tag","embeddable":true,"href":"https:\/\/myspainfood.com\/sl\/wp-json\/wp\/v2\/product_tag?post=30550"}],"curies":[{"name":"wp","href":"https:\/\/api.w.org\/{rel}","templated":true}]}}