{"id":30714,"date":"2025-04-10T12:08:41","date_gmt":"2025-04-10T10:08:41","guid":{"rendered":"https:\/\/myspainfood.com\/producto\/drobtine-iz-soljene-trske-500g\/"},"modified":"2025-07-28T10:37:22","modified_gmt":"2025-07-28T08:37:22","slug":"drobtine-iz-soljene-trske-500g","status":"publish","type":"product","link":"https:\/\/myspainfood.com\/sl\/producto\/drobtine-iz-soljene-trske-500g\/","title":{"rendered":"Drobtine iz soljene trske 500G"},"content":{"rendered":"<div class=\"wpb_animate_when_almost_visible wpb_bottom-to-top bottom-to-top wpb_column vc_column_container vc_col-sm-6 wpb_start_animation animated\">\n<div class=\"vc_column-inner \">\n<div class=\"wpb_wrapper\">\n<div class=\"wpb_text_column wpb_content_element \">\n<div class=\"wpb_wrapper\">\n<p>Desmigado bacalao salado 500G de <a href=\"https:\/\/labarajilla.es\/bacalao\/\" target=\"_blank\" rel=\"noopener noreferrer nofollow\">La Barajilla<\/a> temelji na kosih vrhunske kakovosti brez ko\u017ee in kosti, idealen za omlete, krokete in ajoarriero.<\/p>\n<ul>\n<li><strong>VRSTA<\/strong>: trska ( Gadus Morhua )<\/li>\n<li><strong>RIBI\u0160KA OBLIKA<\/strong>: severozahodni Atlantik ( FAO 27 )<\/li>\n<li><strong>SKLADI\u0160\u010cENJE<\/strong>: med 0\u00baC in 5\u00baC.<\/li>\n<\/ul>\n<p>S prehranskega vidika je trska hrana, bogata z beljakovinami, z visoko biolo\u0161ko vrednostjo in prebavljivostjo ter nizko vsebnostjo ma\u0161\u010dob in kalorij.<\/p>\n<p>Vsebnost vode je pribli\u017eno 80 % (v sve\u017ei trski).<\/p>\n<p>Ta trska je dober vir vitaminov (predvsem iz skupine B) in mineralnih soli, ki so nujno potrebni za telo.<\/p>\n<p>Sve\u017eo ali razsoljeno trsko lahko u\u017eivajo ljudje z visokim krvnim tlakom, saj vsebuje malo natrija in veliko kalija.<\/p>\n<p>&#8220;Trska je skupno ime za ve\u010d vrst rib iz rodu Gadus, \u010deprav imajo nekatere vrste iz istega rodu lahko druga imena.<\/p>\n<p>Najpogostej\u0161a vrsta je atlantska trska (Gadus morhua ali navadna trska).<\/p>\n<p>\u010ce \u017eeli\u0161 kupiti Desmigado bacalao salado 500G ali katero koli drugo vrsto <a href=\"https:\/\/latiendadesami.com\/categoria-producto\/frio\/\" rel=\"noopener noreferrer nofollow\" target=\"_blank\">hladnih<\/a> izdelkov, si oglej celoten katalog izdelkov na spletu in si oglej najrazli\u010dnej\u0161e trske, ki jih ponujamo.<\/p>\n<p>Za ve\u010d informacij nam pi\u0161ite.<\/p>\n<\/div>\n<\/div>\n<\/div>\n<\/div>\n<\/div>\n","protected":false},"excerpt":{"rendered":"<p>Desmigado bacalao salado 500G de La Barajilla temelji na kosih vrhunske kakovosti brez ko\u017ee in kosti, idealen za omlete, krokete in ajoarriero. VRSTA: trska ( Gadus Morhua ) RIBI\u0160KA OBLIKA: severozahodni Atlantik ( FAO 27 ) SKLADI\u0160\u010cENJE: med 0\u00baC in 5\u00baC. S prehranskega vidika je trska hrana, bogata z beljakovinami, z visoko biolo\u0161ko vrednostjo in [&hellip;]<\/p>\n","protected":false},"featured_media":30718,"template":"","meta":{"_et_pb_use_builder":"","_et_pb_old_content":"","_et_gb_content_width":""},"product_brand":[1290],"product_cat":[1813,3546],"product_tag":[],"class_list":{"0":"post-30714","1":"product","2":"type-product","3":"status-publish","4":"has-post-thumbnail","6":"product_brand-la-barajilla","7":"product_cat-hladno","8":"product_cat-trska","9":"product_shipping_class-hladna-posiljka","11":"first","12":"outofstock","13":"taxable","14":"shipping-taxable","15":"purchasable","16":"product-type-simple"},"_links":{"self":[{"href":"https:\/\/myspainfood.com\/sl\/wp-json\/wp\/v2\/product\/30714","targetHints":{"allow":["GET"]}}],"collection":[{"href":"https:\/\/myspainfood.com\/sl\/wp-json\/wp\/v2\/product"}],"about":[{"href":"https:\/\/myspainfood.com\/sl\/wp-json\/wp\/v2\/types\/product"}],"wp:featuredmedia":[{"embeddable":true,"href":"https:\/\/myspainfood.com\/sl\/wp-json\/wp\/v2\/media\/30718"}],"wp:attachment":[{"href":"https:\/\/myspainfood.com\/sl\/wp-json\/wp\/v2\/media?parent=30714"}],"wp:term":[{"taxonomy":"product_brand","embeddable":true,"href":"https:\/\/myspainfood.com\/sl\/wp-json\/wp\/v2\/product_brand?post=30714"},{"taxonomy":"product_cat","embeddable":true,"href":"https:\/\/myspainfood.com\/sl\/wp-json\/wp\/v2\/product_cat?post=30714"},{"taxonomy":"product_tag","embeddable":true,"href":"https:\/\/myspainfood.com\/sl\/wp-json\/wp\/v2\/product_tag?post=30714"}],"curies":[{"name":"wp","href":"https:\/\/api.w.org\/{rel}","templated":true}]}}