{"id":30770,"date":"2025-04-10T12:08:34","date_gmt":"2025-04-10T10:08:34","guid":{"rendered":"https:\/\/myspainfood.com\/producto\/na-kocke-narezana-trska-5-kg\/"},"modified":"2025-06-24T13:32:02","modified_gmt":"2025-06-24T11:32:02","slug":"na-kocke-narezana-trska-5-kg","status":"publish","type":"product","link":"https:\/\/myspainfood.com\/sl\/producto\/na-kocke-narezana-trska-5-kg\/","title":{"rendered":"Na kocke narezana trska 5 kg"},"content":{"rendered":"<p><a href=\"https:\/\/labarajilla.es\/bacalao\/\" target=\"_blank\" rel=\"noopener noreferrer nofollow\">La Barajilla<\/a> Cod 5 kg temelji na odprtem rezu nasoljene trske, pri \u010demer se izbere najbolj so\u010den del in se izogne kostem.<\/p>\n<ul>\n<li><strong>VRSTA<\/strong>: trska ( Gadus Morhua )<u><\/u><u><\/u><\/li>\n<li><strong>RIBI\u0160KA OBLIKA<\/strong>: severozahodni Atlantik ( FAO 27 )<u><\/u><u><\/u><\/li>\n<li><strong>SKLADI\u0160\u010cENJE<\/strong>: med 0\u00baC in 5\u00baC.<\/li>\n<\/ul>\n<p>S prehranskega vidika je trska hrana, bogata z beljakovinami, z visoko biolo\u0161ko vrednostjo in prebavljivostjo ter nizko vsebnostjo ma\u0161\u010dob in kalorij.<\/p>\n<p>Vsebnost vode je pribli\u017eno 80 % (v sve\u017ei trski).<\/p>\n<p>Ta trska je dober vir vitaminov (predvsem iz skupine B) in mineralnih soli, ki so nujno potrebni za telo.<\/p>\n<p>Sve\u017eo ali razsoljeno trsko lahko u\u017eivajo ljudje z visokim krvnim tlakom, saj vsebuje malo natrija in veliko kalija.<\/p>\n<p>&#8220;Trska je skupno ime za ve\u010d vrst rib iz rodu Gadus, \u010deprav imajo nekatere vrste iz istega rodu lahko druga imena.<\/p>\n<p>Najpogostej\u0161a vrsta je atlantska trska (Gadus morhua ali navadna trska).<\/p>\n<p>\u010ce \u017eelite kupiti trsko v kosih 5 kg ali kateri koli drug <a href=\"https:\/\/latiendadesami.com\/categoria-producto\/frio\/\" rel=\"noopener noreferrer nofollow\" target=\"_blank\">hladen<\/a> izdelek, si oglejte na\u0161 spletni katalog, da si ogledate \u0161iroko paleto ponujenih trsk.<\/p>\n<p>Za ve\u010d informacij nam pi\u0161ite.<\/p>\n","protected":false},"excerpt":{"rendered":"<p>La Barajilla Cod 5 kg temelji na odprtem rezu nasoljene trske, pri \u010demer se izbere najbolj so\u010den del in se izogne kostem. VRSTA: trska ( Gadus Morhua ) RIBI\u0160KA OBLIKA: severozahodni Atlantik ( FAO 27 ) SKLADI\u0160\u010cENJE: med 0\u00baC in 5\u00baC. S prehranskega vidika je trska hrana, bogata z beljakovinami, z visoko biolo\u0161ko vrednostjo in [&hellip;]<\/p>\n","protected":false},"featured_media":30771,"template":"","meta":{"_et_pb_use_builder":"","_et_pb_old_content":"","_et_gb_content_width":""},"product_brand":[1290],"product_cat":[1813,3546],"product_tag":[],"class_list":{"0":"post-30770","1":"product","2":"type-product","3":"status-publish","4":"has-post-thumbnail","6":"product_brand-la-barajilla","7":"product_cat-hladno","8":"product_cat-trska","9":"product_shipping_class-hladna-posiljka","11":"first","12":"outofstock","13":"taxable","14":"shipping-taxable","15":"purchasable","16":"product-type-simple"},"_links":{"self":[{"href":"https:\/\/myspainfood.com\/sl\/wp-json\/wp\/v2\/product\/30770","targetHints":{"allow":["GET"]}}],"collection":[{"href":"https:\/\/myspainfood.com\/sl\/wp-json\/wp\/v2\/product"}],"about":[{"href":"https:\/\/myspainfood.com\/sl\/wp-json\/wp\/v2\/types\/product"}],"wp:featuredmedia":[{"embeddable":true,"href":"https:\/\/myspainfood.com\/sl\/wp-json\/wp\/v2\/media\/30771"}],"wp:attachment":[{"href":"https:\/\/myspainfood.com\/sl\/wp-json\/wp\/v2\/media?parent=30770"}],"wp:term":[{"taxonomy":"product_brand","embeddable":true,"href":"https:\/\/myspainfood.com\/sl\/wp-json\/wp\/v2\/product_brand?post=30770"},{"taxonomy":"product_cat","embeddable":true,"href":"https:\/\/myspainfood.com\/sl\/wp-json\/wp\/v2\/product_cat?post=30770"},{"taxonomy":"product_tag","embeddable":true,"href":"https:\/\/myspainfood.com\/sl\/wp-json\/wp\/v2\/product_tag?post=30770"}],"curies":[{"name":"wp","href":"https:\/\/api.w.org\/{rel}","templated":true}]}}