{"id":31415,"date":"2025-04-10T12:08:39","date_gmt":"2025-04-10T10:08:39","guid":{"rendered":"https:\/\/myspainfood.com\/producto\/cruceiro-de-ferreiros-albarino\/"},"modified":"2025-09-09T23:05:07","modified_gmt":"2025-09-09T21:05:07","slug":"cruceiro-de-ferreiros-albarino","status":"publish","type":"product","link":"https:\/\/myspainfood.com\/sl\/producto\/cruceiro-de-ferreiros-albarino\/","title":{"rendered":"Cruceiro de Ferreiros Albari\u00f1o"},"content":{"rendered":"<p>To klasi\u010dno galicijsko vino je \u010diste in svetle, skoraj zelene barve. Vonj po grenivki se prepleta s cvetli\u010dnim ozadjem s pridihom mineralnosti. Ima telo, dobro strukturo in mo\u010dan zaklju\u010dek, odli\u010dno vino za lahke ribje jedi ali sve\u017e sir.  <\/p>\n<div>vino iz grozdja Albari\u00f1o, Godello in Loureiro, je na mednarodnem ocenjevanju International Wine Awards 2017 prejelo srebrno medaljo v kategoriji belih vin.<\/div>\n<p>Ime\/obmo\u010dje: Ixp Do Mi\u00f1o<\/p>\n","protected":false},"excerpt":{"rendered":"<p>To klasi\u010dno galicijsko vino je \u010diste in svetle, skoraj zelene barve. Vonj po grenivki se prepleta s cvetli\u010dnim ozadjem s pridihom mineralnosti. Ima telo, dobro strukturo in mo\u010dan zaklju\u010dek, odli\u010dno vino za lahke ribje jedi ali sve\u017e sir. vino iz grozdja Albari\u00f1o, Godello in Loureiro, je na mednarodnem ocenjevanju International Wine Awards 2017 prejelo srebrno [&hellip;]<\/p>\n","protected":false},"featured_media":31419,"template":"","meta":{"_et_pb_use_builder":"","_et_pb_old_content":"","_et_gb_content_width":""},"product_brand":[1302],"product_cat":[4854,6259],"product_tag":[7017],"class_list":{"0":"post-31415","1":"product","2":"type-product","3":"status-publish","4":"has-post-thumbnail","6":"product_brand-galiciano","7":"product_cat-pijace","8":"product_cat-vino-sl-3","9":"product_tag-albarino-sl","11":"first","12":"instock","13":"taxable","14":"shipping-taxable","15":"purchasable","16":"product-type-variable"},"_links":{"self":[{"href":"https:\/\/myspainfood.com\/sl\/wp-json\/wp\/v2\/product\/31415","targetHints":{"allow":["GET"]}}],"collection":[{"href":"https:\/\/myspainfood.com\/sl\/wp-json\/wp\/v2\/product"}],"about":[{"href":"https:\/\/myspainfood.com\/sl\/wp-json\/wp\/v2\/types\/product"}],"wp:featuredmedia":[{"embeddable":true,"href":"https:\/\/myspainfood.com\/sl\/wp-json\/wp\/v2\/media\/31419"}],"wp:attachment":[{"href":"https:\/\/myspainfood.com\/sl\/wp-json\/wp\/v2\/media?parent=31415"}],"wp:term":[{"taxonomy":"product_brand","embeddable":true,"href":"https:\/\/myspainfood.com\/sl\/wp-json\/wp\/v2\/product_brand?post=31415"},{"taxonomy":"product_cat","embeddable":true,"href":"https:\/\/myspainfood.com\/sl\/wp-json\/wp\/v2\/product_cat?post=31415"},{"taxonomy":"product_tag","embeddable":true,"href":"https:\/\/myspainfood.com\/sl\/wp-json\/wp\/v2\/product_tag?post=31415"}],"curies":[{"name":"wp","href":"https:\/\/api.w.org\/{rel}","templated":true}]}}