{"id":31727,"date":"2025-04-10T12:09:09","date_gmt":"2025-04-10T10:09:09","guid":{"rendered":"https:\/\/myspainfood.com\/producto\/el-gran-cardenal-kozji-in-kravji-sir-s-papriko\/"},"modified":"2025-06-24T14:15:01","modified_gmt":"2025-06-24T12:15:01","slug":"el-gran-cardenal-kozji-in-kravji-sir-s-papriko","status":"publish","type":"product","link":"https:\/\/myspainfood.com\/sl\/producto\/el-gran-cardenal-kozji-in-kravji-sir-s-papriko\/","title":{"rendered":"El Gran Cardenal Kozji in kravji sir s papriko"},"content":{"rendered":"<div class=\"et_pb_blurb_container\">\n<div class=\"et_pb_blurb_container\">\n<h4 class=\"et_pb_module_header\">Koza s papriko<\/h4>\n<div class=\"et_pb_blurb_description\">Zunanjost sira je premazana z naravno papriko (pridobljeno s su\u0161enjem in mletjem rde\u010de paprike), ki siru daje privla\u010dno rde\u010dkasto barvo ter posebno aromo in okus.<\/p>\n<p>Kombinacija kremastosti kozjega mleka in okusa naravne paprike je ena najbolj\u0161ih mo\u017enih kombinacij sirov.<\/p><\/div>\n<\/div>\n<\/div>\n","protected":false},"excerpt":{"rendered":"<p>Koza s papriko Zunanjost sira je premazana z naravno papriko (pridobljeno s su\u0161enjem in mletjem rde\u010de paprike), ki siru daje privla\u010dno rde\u010dkasto barvo ter posebno aromo in okus. Kombinacija kremastosti kozjega mleka in okusa naravne paprike je ena najbolj\u0161ih mo\u017enih kombinacij sirov.<\/p>\n","protected":false},"featured_media":31735,"template":"","meta":{"_et_pb_use_builder":"","_et_pb_old_content":"","_et_gb_content_width":""},"product_brand":[1319],"product_cat":[1813,2258,2730],"product_tag":[],"class_list":{"0":"post-31727","1":"product","2":"type-product","3":"status-publish","4":"has-post-thumbnail","6":"product_brand-el-gran-cardenal","7":"product_cat-hladno","8":"product_cat-sir-in-klobasa","9":"product_cat-zdravljenje","10":"product_shipping_class-hladna-posiljka","12":"first","13":"outofstock","14":"taxable","15":"shipping-taxable","16":"product-type-variable"},"_links":{"self":[{"href":"https:\/\/myspainfood.com\/sl\/wp-json\/wp\/v2\/product\/31727","targetHints":{"allow":["GET"]}}],"collection":[{"href":"https:\/\/myspainfood.com\/sl\/wp-json\/wp\/v2\/product"}],"about":[{"href":"https:\/\/myspainfood.com\/sl\/wp-json\/wp\/v2\/types\/product"}],"wp:featuredmedia":[{"embeddable":true,"href":"https:\/\/myspainfood.com\/sl\/wp-json\/wp\/v2\/media\/31735"}],"wp:attachment":[{"href":"https:\/\/myspainfood.com\/sl\/wp-json\/wp\/v2\/media?parent=31727"}],"wp:term":[{"taxonomy":"product_brand","embeddable":true,"href":"https:\/\/myspainfood.com\/sl\/wp-json\/wp\/v2\/product_brand?post=31727"},{"taxonomy":"product_cat","embeddable":true,"href":"https:\/\/myspainfood.com\/sl\/wp-json\/wp\/v2\/product_cat?post=31727"},{"taxonomy":"product_tag","embeddable":true,"href":"https:\/\/myspainfood.com\/sl\/wp-json\/wp\/v2\/product_tag?post=31727"}],"curies":[{"name":"wp","href":"https:\/\/api.w.org\/{rel}","templated":true}]}}