{"id":31756,"date":"2025-04-10T12:09:10","date_gmt":"2025-04-10T10:09:10","guid":{"rendered":"https:\/\/myspainfood.com\/producto\/kozji-in-kravji-sir-s-crnim-cesnom-el-gran-cardenal\/"},"modified":"2025-06-24T14:18:03","modified_gmt":"2025-06-24T12:18:03","slug":"kozji-in-kravji-sir-s-crnim-cesnom-el-gran-cardenal","status":"publish","type":"product","link":"https:\/\/myspainfood.com\/sl\/producto\/kozji-in-kravji-sir-s-crnim-cesnom-el-gran-cardenal\/","title":{"rendered":"Kozji in kravji sir s \u010drnim \u010desnom El Gran Cardenal"},"content":{"rendered":"<div class=\"et_pb_blurb_container\">\n<div class=\"et_pb_blurb_container\">\n<div class=\"et_pb_blurb_container\">\n<h4 class=\"et_pb_module_header\">Koza s \u010drnim \u010desnom<\/h4>\n<div class=\"et_pb_blurb_description\">Kremni sir iz kozjega in kravjega mleka, v katerem so ko\u0161\u010dki \u010drnega \u010desna. To mu daje rahlo sladek okus in antioksidativne lastnosti. <\/p>\n<p>Pripisujejo mu tudi druge lastnosti, kot sta zmanj\u0161anje tveganja za nastanek raka in podalj\u0161anje \u017eivljenja. Prepri\u010dani smo, da vas bo okus kozjega mleka skupaj s \u010drnim \u010desnom prijetno presenetil. <\/p><\/div>\n<\/div>\n<\/div>\n<\/div>\n","protected":false},"excerpt":{"rendered":"<p>Koza s \u010drnim \u010desnom Kremni sir iz kozjega in kravjega mleka, v katerem so ko\u0161\u010dki \u010drnega \u010desna. To mu daje rahlo sladek okus in antioksidativne lastnosti. Pripisujejo mu tudi druge lastnosti, kot sta zmanj\u0161anje tveganja za nastanek raka in podalj\u0161anje \u017eivljenja. Prepri\u010dani smo, da vas bo okus kozjega mleka skupaj s \u010drnim \u010desnom prijetno presenetil.<\/p>\n","protected":false},"featured_media":31761,"template":"","meta":{"_et_pb_use_builder":"","_et_pb_old_content":"","_et_gb_content_width":""},"product_brand":[1319],"product_cat":[1813,2258,2730],"product_tag":[],"class_list":{"0":"post-31756","1":"product","2":"type-product","3":"status-publish","4":"has-post-thumbnail","6":"product_brand-el-gran-cardenal","7":"product_cat-hladno","8":"product_cat-sir-in-klobasa","9":"product_cat-zdravljenje","10":"product_shipping_class-hladna-posiljka","12":"first","13":"outofstock","14":"taxable","15":"shipping-taxable","16":"purchasable","17":"product-type-variable"},"_links":{"self":[{"href":"https:\/\/myspainfood.com\/sl\/wp-json\/wp\/v2\/product\/31756","targetHints":{"allow":["GET"]}}],"collection":[{"href":"https:\/\/myspainfood.com\/sl\/wp-json\/wp\/v2\/product"}],"about":[{"href":"https:\/\/myspainfood.com\/sl\/wp-json\/wp\/v2\/types\/product"}],"wp:featuredmedia":[{"embeddable":true,"href":"https:\/\/myspainfood.com\/sl\/wp-json\/wp\/v2\/media\/31761"}],"wp:attachment":[{"href":"https:\/\/myspainfood.com\/sl\/wp-json\/wp\/v2\/media?parent=31756"}],"wp:term":[{"taxonomy":"product_brand","embeddable":true,"href":"https:\/\/myspainfood.com\/sl\/wp-json\/wp\/v2\/product_brand?post=31756"},{"taxonomy":"product_cat","embeddable":true,"href":"https:\/\/myspainfood.com\/sl\/wp-json\/wp\/v2\/product_cat?post=31756"},{"taxonomy":"product_tag","embeddable":true,"href":"https:\/\/myspainfood.com\/sl\/wp-json\/wp\/v2\/product_tag?post=31756"}],"curies":[{"name":"wp","href":"https:\/\/api.w.org\/{rel}","templated":true}]}}