{"id":32230,"date":"2025-04-10T12:09:28","date_gmt":"2025-04-10T10:09:28","guid":{"rendered":"https:\/\/myspainfood.com\/producto\/el-gran-cardenal-surovi-iberski-sir\/"},"modified":"2025-07-28T12:56:38","modified_gmt":"2025-07-28T10:56:38","slug":"el-gran-cardenal-surovi-iberski-sir","status":"publish","type":"product","link":"https:\/\/myspainfood.com\/sl\/producto\/el-gran-cardenal-surovi-iberski-sir\/","title":{"rendered":"El Gran Cardenal surovi iberski sir"},"content":{"rendered":"<div class=\"et_pb_blurb_container\">\n<div class=\"et_pb_blurb_container\">\n<div class=\"et_pb_column et_pb_column_4_4 et_pb_column_1 et_pb_css_mix_blend_mode_passthrough et-last-child\">\n<div class=\"et_pb_module et_pb_text et_pb_text_1 et_pb_text_align_justified et_pb_bg_layout_light\">\n<div class=\"et_pb_text_inner\">Narejen je po dru\u017einskem receptu z izvrstno me\u0161anico na\u0161ih mle\u010dnih izdelkov, s \u010dimer dose\u017ee izjemno intenzivnost in obstojnost v ustih. Siri z razli\u010dnimi obdobji zorenja v na\u0161i su\u0161ilnici za les, polsu\u0161eni (od 2 do 4 mesecev zorenja) in su\u0161eni (od 4 do 6 mesecev zorenja). <\/div>\n<\/div>\n<\/div>\n<\/div>\n<\/div>\n","protected":false},"excerpt":{"rendered":"<p>Narejen je po dru\u017einskem receptu z izvrstno me\u0161anico na\u0161ih mle\u010dnih izdelkov, s \u010dimer dose\u017ee izjemno intenzivnost in obstojnost v ustih. Siri z razli\u010dnimi obdobji zorenja v na\u0161i su\u0161ilnici za les, polsu\u0161eni (od 2 do 4 mesecev zorenja) in su\u0161eni (od 4 do 6 mesecev zorenja).<\/p>\n","protected":false},"featured_media":32239,"template":"","meta":{"_et_pb_use_builder":"","_et_pb_old_content":"","_et_gb_content_width":""},"product_brand":[1319],"product_cat":[1813,2258,2730],"product_tag":[],"class_list":{"0":"post-32230","1":"product","2":"type-product","3":"status-publish","4":"has-post-thumbnail","6":"product_brand-el-gran-cardenal","7":"product_cat-hladno","8":"product_cat-sir-in-klobasa","9":"product_cat-zdravljenje","10":"product_shipping_class-hladna-posiljka","12":"first","13":"outofstock","14":"taxable","15":"shipping-taxable","16":"product-type-variable"},"_links":{"self":[{"href":"https:\/\/myspainfood.com\/sl\/wp-json\/wp\/v2\/product\/32230","targetHints":{"allow":["GET"]}}],"collection":[{"href":"https:\/\/myspainfood.com\/sl\/wp-json\/wp\/v2\/product"}],"about":[{"href":"https:\/\/myspainfood.com\/sl\/wp-json\/wp\/v2\/types\/product"}],"wp:featuredmedia":[{"embeddable":true,"href":"https:\/\/myspainfood.com\/sl\/wp-json\/wp\/v2\/media\/32239"}],"wp:attachment":[{"href":"https:\/\/myspainfood.com\/sl\/wp-json\/wp\/v2\/media?parent=32230"}],"wp:term":[{"taxonomy":"product_brand","embeddable":true,"href":"https:\/\/myspainfood.com\/sl\/wp-json\/wp\/v2\/product_brand?post=32230"},{"taxonomy":"product_cat","embeddable":true,"href":"https:\/\/myspainfood.com\/sl\/wp-json\/wp\/v2\/product_cat?post=32230"},{"taxonomy":"product_tag","embeddable":true,"href":"https:\/\/myspainfood.com\/sl\/wp-json\/wp\/v2\/product_tag?post=32230"}],"curies":[{"name":"wp","href":"https:\/\/api.w.org\/{rel}","templated":true}]}}