{"id":32594,"date":"2025-04-10T12:09:05","date_gmt":"2025-04-10T10:09:05","guid":{"rendered":"https:\/\/myspainfood.com\/producto\/ekstra-devisko-oljcno-olje-valdezarza-5-litrov-2\/"},"modified":"2026-01-29T12:10:53","modified_gmt":"2026-01-29T11:10:53","slug":"ekstra-devisko-oljcno-olje-valdezarza-5-litrov-2","status":"publish","type":"product","link":"https:\/\/myspainfood.com\/sl\/producto\/ekstra-devisko-oljcno-olje-valdezarza-5-litrov-2\/","title":{"rendered":"Ekstra devi\u0161ko olj\u010dno olje VALDEZARZA 5 litrov"},"content":{"rendered":"<p>Ekstra devi\u0161ko olj\u010dno olje Valdezarza 5l je ekstra devi\u0161ko olj\u010dno olje najvi\u0161je kategorije, pridobljeno neposredno iz oljk in le z mehanskimi postopki.<\/p>\n<p>Valdezarza se nahaja v osr\u010dju gorovja Montes de Toledo (\u0160panija) in ima celovit ekosistem olj\u010dnih nasadov in narave.<\/p>\n<p>Najbolj\u0161i olj\u010dni sok je narejen iz oljk: <a href=\"https:\/\/aceitesvaldezarza.com\/quienes-somos\/\" target=\"_blank\" rel=\"noopener noreferrer nofollow\">VALDEZARZA<\/a> Ekstra devi\u0161ko olj\u010dno olje.<\/p>\n<p>Posestvo Valdezarza se nahaja v ob\u010dini San Mart\u00edn de Montalb\u00e1n, ki je geografsko vklju\u010dena v gorovje Montes de Toledo.<\/p>\n<p>Ve\u010dina tega zemlji\u0161\u010da s povr\u0161ino 700 hektarjev velja za za\u0161\u010diteni sredozemski gozd in nadzorovani ekosistem.<\/p>\n<p>To obmo\u010dje je del projekta ponovne naselitve iberskega risa in na njem lahko u\u017eivate v \u010dudovitih posnetkih ve\u010d risov, ki po\u010divajo pod oljkami.<\/p>\n<p>Njihov obrat za pakiranje jim omogo\u010da ve\u010dji nadzor nad celotnim krogom od oljke do pakiranja.<\/p>\n<p>Poleg tega ima to podjetje tudi dejanske raziskovalne, razvojne in izvedbene projekte, kot je projekt Messor.<\/p>\n<p>\u010ce \u017eelite kupiti <a href=\"https:\/\/latiendadesami.com\/categoria-producto\/aceite\/\" rel=\"noopener noreferrer nofollow\" target=\"_blank\">olje<\/a>, si oglejte na\u0161 spletni katalog in si oglejte \u0161iroko paleto izdelkov, kot je Valdezarza Ekstra devi\u0161ko olj\u010dno olje 5l.<\/p>\n<p>Za ve\u010d informacij o katerem koli na\u0161em \u017eivilu nam pi\u0161ite.<\/p>\n","protected":false},"excerpt":{"rendered":"<p>Ekstra devi\u0161ko olj\u010dno olje Valdezarza 5l je ekstra devi\u0161ko olj\u010dno olje najvi\u0161je kategorije, pridobljeno neposredno iz oljk in le z mehanskimi postopki. Valdezarza se nahaja v osr\u010dju gorovja Montes de Toledo (\u0160panija) in ima celovit ekosistem olj\u010dnih nasadov in narave. Najbolj\u0161i olj\u010dni sok je narejen iz oljk: VALDEZARZA Ekstra devi\u0161ko olj\u010dno olje. Posestvo Valdezarza se [&hellip;]<\/p>\n","protected":false},"featured_media":32598,"template":"","meta":{"_et_pb_use_builder":"","_et_pb_old_content":"","_et_gb_content_width":""},"product_brand":[1221],"product_cat":[2221,2220],"product_tag":[2223],"class_list":{"0":"post-32594","1":"product","2":"type-product","3":"status-publish","4":"has-post-thumbnail","6":"product_brand-valdezarza","7":"product_cat-ekstra-deviska-oljka","8":"product_cat-olje-sl","9":"product_tag-olje-sl","11":"first","12":"outofstock","13":"featured","14":"taxable","15":"shipping-taxable","16":"purchasable","17":"product-type-simple"},"_links":{"self":[{"href":"https:\/\/myspainfood.com\/sl\/wp-json\/wp\/v2\/product\/32594","targetHints":{"allow":["GET"]}}],"collection":[{"href":"https:\/\/myspainfood.com\/sl\/wp-json\/wp\/v2\/product"}],"about":[{"href":"https:\/\/myspainfood.com\/sl\/wp-json\/wp\/v2\/types\/product"}],"wp:featuredmedia":[{"embeddable":true,"href":"https:\/\/myspainfood.com\/sl\/wp-json\/wp\/v2\/media\/32598"}],"wp:attachment":[{"href":"https:\/\/myspainfood.com\/sl\/wp-json\/wp\/v2\/media?parent=32594"}],"wp:term":[{"taxonomy":"product_brand","embeddable":true,"href":"https:\/\/myspainfood.com\/sl\/wp-json\/wp\/v2\/product_brand?post=32594"},{"taxonomy":"product_cat","embeddable":true,"href":"https:\/\/myspainfood.com\/sl\/wp-json\/wp\/v2\/product_cat?post=32594"},{"taxonomy":"product_tag","embeddable":true,"href":"https:\/\/myspainfood.com\/sl\/wp-json\/wp\/v2\/product_tag?post=32594"}],"curies":[{"name":"wp","href":"https:\/\/api.w.org\/{rel}","templated":true}]}}