{"id":32710,"date":"2025-04-10T12:09:07","date_gmt":"2025-04-10T10:09:07","guid":{"rendered":"https:\/\/myspainfood.com\/producto\/ovcji-sir-el-gran-cardenal-z-oljcnim-oljem\/"},"modified":"2025-09-02T10:44:07","modified_gmt":"2025-09-02T08:44:07","slug":"ovcji-sir-el-gran-cardenal-z-oljcnim-oljem","status":"publish","type":"product","link":"https:\/\/myspainfood.com\/sl\/producto\/ovcji-sir-el-gran-cardenal-z-oljcnim-oljem\/","title":{"rendered":"Ov\u010dji sir El Gran Cardenal z olj\u010dnim oljem"},"content":{"rendered":"<div class=\"et_pb_blurb_container\">\n<div class=\"et_pb_blurb_container\">\n<h4 class=\"et_pb_module_header\">Ovce z oljem<\/h4>\n<div class=\"et_pb_blurb_description\">Na\u0161 kastiljski ov\u010dji sir, dobitnik \u0161tirih mednarodnih zlatih medalj, skupaj z enim od zakladov sredozemske prehrane, olj\u010dnim oljem.<\/p>\n<p>Za to uporabljamo lastno olje iz stoletnih oljk, gojenih na zemlji\u0161\u010dih, ki jih je San Isidro obdeloval s svojo \u017eeno&#8230;<\/p><\/div>\n<\/div>\n<\/div>\n","protected":false},"excerpt":{"rendered":"<p>Ovce z oljem Na\u0161 kastiljski ov\u010dji sir, dobitnik \u0161tirih mednarodnih zlatih medalj, skupaj z enim od zakladov sredozemske prehrane, olj\u010dnim oljem. Za to uporabljamo lastno olje iz stoletnih oljk, gojenih na zemlji\u0161\u010dih, ki jih je San Isidro obdeloval s svojo \u017eeno&#8230;<\/p>\n","protected":false},"featured_media":32716,"template":"","meta":{"_et_pb_use_builder":"","_et_pb_old_content":"","_et_gb_content_width":""},"product_brand":[1319],"product_cat":[1813,2258,2730],"product_tag":[],"class_list":{"0":"post-32710","1":"product","2":"type-product","3":"status-publish","4":"has-post-thumbnail","6":"product_brand-el-gran-cardenal","7":"product_cat-hladno","8":"product_cat-sir-in-klobasa","9":"product_cat-zdravljenje","10":"product_shipping_class-hladna-posiljka","12":"first","13":"outofstock","14":"taxable","15":"shipping-taxable","16":"purchasable","17":"product-type-variable"},"_links":{"self":[{"href":"https:\/\/myspainfood.com\/sl\/wp-json\/wp\/v2\/product\/32710","targetHints":{"allow":["GET"]}}],"collection":[{"href":"https:\/\/myspainfood.com\/sl\/wp-json\/wp\/v2\/product"}],"about":[{"href":"https:\/\/myspainfood.com\/sl\/wp-json\/wp\/v2\/types\/product"}],"wp:featuredmedia":[{"embeddable":true,"href":"https:\/\/myspainfood.com\/sl\/wp-json\/wp\/v2\/media\/32716"}],"wp:attachment":[{"href":"https:\/\/myspainfood.com\/sl\/wp-json\/wp\/v2\/media?parent=32710"}],"wp:term":[{"taxonomy":"product_brand","embeddable":true,"href":"https:\/\/myspainfood.com\/sl\/wp-json\/wp\/v2\/product_brand?post=32710"},{"taxonomy":"product_cat","embeddable":true,"href":"https:\/\/myspainfood.com\/sl\/wp-json\/wp\/v2\/product_cat?post=32710"},{"taxonomy":"product_tag","embeddable":true,"href":"https:\/\/myspainfood.com\/sl\/wp-json\/wp\/v2\/product_tag?post=32710"}],"curies":[{"name":"wp","href":"https:\/\/api.w.org\/{rel}","templated":true}]}}