{"id":32746,"date":"2025-04-10T12:09:28","date_gmt":"2025-04-10T10:09:28","guid":{"rendered":"https:\/\/myspainfood.com\/producto\/spanski-ovcji-sir-iz-surovega-mleka-el-gran-cardenal\/"},"modified":"2025-09-02T10:44:13","modified_gmt":"2025-09-02T08:44:13","slug":"spanski-ovcji-sir-iz-surovega-mleka-el-gran-cardenal","status":"publish","type":"product","link":"https:\/\/myspainfood.com\/sl\/producto\/spanski-ovcji-sir-iz-surovega-mleka-el-gran-cardenal\/","title":{"rendered":"\u0160panski ov\u010dji sir iz surovega mleka El Gran Cardenal"},"content":{"rendered":"<div class=\"et_pb_blurb_container\">\n<div class=\"et_pb_blurb_container\">\n<div class=\"et_pb_blurb_container\">\n<p class=\"et_pb_module_header\">Surovo ov\u010dje mleko<\/p>\n<div class=\"et_pb_blurb_description\">Narejen je iz najbolj izbranega mleka, ki se zbira vsak dan, da se zagotovita sve\u017eina in kakovost, kar zagotavlja bolj\u0161i okus in odli\u010dno aromo.<\/div>\n<\/div>\n<\/div>\n<\/div>\n","protected":false},"excerpt":{"rendered":"<p>Surovo ov\u010dje mleko Narejen je iz najbolj izbranega mleka, ki se zbira vsak dan, da se zagotovita sve\u017eina in kakovost, kar zagotavlja bolj\u0161i okus in odli\u010dno aromo.<\/p>\n","protected":false},"featured_media":32753,"template":"","meta":{"_et_pb_use_builder":"","_et_pb_old_content":"","_et_gb_content_width":""},"product_brand":[1319],"product_cat":[1813,2258,2730],"product_tag":[],"class_list":{"0":"post-32746","1":"product","2":"type-product","3":"status-publish","4":"has-post-thumbnail","6":"product_brand-el-gran-cardenal","7":"product_cat-hladno","8":"product_cat-sir-in-klobasa","9":"product_cat-zdravljenje","10":"product_shipping_class-hladna-posiljka","12":"first","13":"outofstock","14":"taxable","15":"shipping-taxable","16":"purchasable","17":"product-type-variable"},"_links":{"self":[{"href":"https:\/\/myspainfood.com\/sl\/wp-json\/wp\/v2\/product\/32746","targetHints":{"allow":["GET"]}}],"collection":[{"href":"https:\/\/myspainfood.com\/sl\/wp-json\/wp\/v2\/product"}],"about":[{"href":"https:\/\/myspainfood.com\/sl\/wp-json\/wp\/v2\/types\/product"}],"wp:featuredmedia":[{"embeddable":true,"href":"https:\/\/myspainfood.com\/sl\/wp-json\/wp\/v2\/media\/32753"}],"wp:attachment":[{"href":"https:\/\/myspainfood.com\/sl\/wp-json\/wp\/v2\/media?parent=32746"}],"wp:term":[{"taxonomy":"product_brand","embeddable":true,"href":"https:\/\/myspainfood.com\/sl\/wp-json\/wp\/v2\/product_brand?post=32746"},{"taxonomy":"product_cat","embeddable":true,"href":"https:\/\/myspainfood.com\/sl\/wp-json\/wp\/v2\/product_cat?post=32746"},{"taxonomy":"product_tag","embeddable":true,"href":"https:\/\/myspainfood.com\/sl\/wp-json\/wp\/v2\/product_tag?post=32746"}],"curies":[{"name":"wp","href":"https:\/\/api.w.org\/{rel}","templated":true}]}}