{"id":32902,"date":"2025-04-10T12:09:07","date_gmt":"2025-04-10T10:09:07","guid":{"rendered":"https:\/\/myspainfood.com\/producto\/ovcji-sir-el-gran-cardenal-s-tartufi\/"},"modified":"2025-07-28T12:56:10","modified_gmt":"2025-07-28T10:56:10","slug":"ovcji-sir-el-gran-cardenal-s-tartufi","status":"publish","type":"product","link":"https:\/\/myspainfood.com\/sl\/producto\/ovcji-sir-el-gran-cardenal-s-tartufi\/","title":{"rendered":"Ov\u010dji sir El Gran Cardenal s tartufi"},"content":{"rendered":"<div class=\"et_pb_blurb_container\">\n<h4 class=\"et_pb_module_header\">Ovce s tartufi<\/h4>\n<div class=\"et_pb_blurb_description\">\n<p>Najbolj ekskluziven med na\u0161imi siri. Dobitnik super zlate medalje na mednarodnem tekmovanju World Cheese Awards 2016-17. <\/p>\n<p>Samo iz ov\u010djega mleka iz najbolj\u0161ih \u010dred, ki mu dodamo tartufe \u017ee na za\u010detku proizvodnje, tako da soobstajajo skupaj ves \u010das zorenja in zagotavljajo nezamenljivo aromo in okus ter spo\u0161tujejo bistvo kastiljskega sira iz ov\u010djega mleka.<\/p>\n<\/div>\n<\/div>\n","protected":false},"excerpt":{"rendered":"<p>Ovce s tartufi Najbolj ekskluziven med na\u0161imi siri. Dobitnik super zlate medalje na mednarodnem tekmovanju World Cheese Awards 2016-17. Samo iz ov\u010djega mleka iz najbolj\u0161ih \u010dred, ki mu dodamo tartufe \u017ee na za\u010detku proizvodnje, tako da soobstajajo skupaj ves \u010das zorenja in zagotavljajo nezamenljivo aromo in okus ter spo\u0161tujejo bistvo kastiljskega sira iz ov\u010djega mleka.<\/p>\n","protected":false},"featured_media":32909,"template":"","meta":{"_et_pb_use_builder":"","_et_pb_old_content":"","_et_gb_content_width":""},"product_brand":[1319],"product_cat":[1813,2258,2730],"product_tag":[],"class_list":{"0":"post-32902","1":"product","2":"type-product","3":"status-publish","4":"has-post-thumbnail","6":"product_brand-el-gran-cardenal","7":"product_cat-hladno","8":"product_cat-sir-in-klobasa","9":"product_cat-zdravljenje","10":"product_shipping_class-hladna-posiljka","12":"first","13":"outofstock","14":"taxable","15":"shipping-taxable","16":"purchasable","17":"product-type-variable"},"_links":{"self":[{"href":"https:\/\/myspainfood.com\/sl\/wp-json\/wp\/v2\/product\/32902","targetHints":{"allow":["GET"]}}],"collection":[{"href":"https:\/\/myspainfood.com\/sl\/wp-json\/wp\/v2\/product"}],"about":[{"href":"https:\/\/myspainfood.com\/sl\/wp-json\/wp\/v2\/types\/product"}],"wp:featuredmedia":[{"embeddable":true,"href":"https:\/\/myspainfood.com\/sl\/wp-json\/wp\/v2\/media\/32909"}],"wp:attachment":[{"href":"https:\/\/myspainfood.com\/sl\/wp-json\/wp\/v2\/media?parent=32902"}],"wp:term":[{"taxonomy":"product_brand","embeddable":true,"href":"https:\/\/myspainfood.com\/sl\/wp-json\/wp\/v2\/product_brand?post=32902"},{"taxonomy":"product_cat","embeddable":true,"href":"https:\/\/myspainfood.com\/sl\/wp-json\/wp\/v2\/product_cat?post=32902"},{"taxonomy":"product_tag","embeddable":true,"href":"https:\/\/myspainfood.com\/sl\/wp-json\/wp\/v2\/product_tag?post=32902"}],"curies":[{"name":"wp","href":"https:\/\/api.w.org\/{rel}","templated":true}]}}