{"id":32934,"date":"2025-04-10T12:09:42","date_gmt":"2025-04-10T10:09:42","guid":{"rendered":"https:\/\/myspainfood.com\/producto\/sir-el-gran-cardenal-old-blend\/"},"modified":"2025-07-28T12:56:42","modified_gmt":"2025-07-28T10:56:42","slug":"sir-el-gran-cardenal-old-blend","status":"publish","type":"product","link":"https:\/\/myspainfood.com\/sl\/producto\/sir-el-gran-cardenal-old-blend\/","title":{"rendered":"Sir El Gran Cardenal Old Blend"},"content":{"rendered":"<div class=\"et_pb_column et_pb_column_4_4 et_pb_column_1 et_pb_css_mix_blend_mode_passthrough et-last-child\">\n<div class=\"et_pb_module et_pb_text et_pb_text_1 et_pb_text_align_justified et_pb_bg_layout_light\">\n<div class=\"et_pb_text_inner\">\n<p>Narejen je po dru\u017einskem receptu iz me\u0161anice ov\u010djega in kravjega mleka, ki zaradi svoje gladkosti in kremastosti zagotavlja odli\u010dno ravnovesje v ustih. Siri z razli\u010dnimi obdobji zorenja v su\u0161ilnici na les: Tierno, Semicurado (od 2 do 4 mesecev zorenja), Curado (od 4 do 6 mesecev zorenja) in Viejo (od 6 do 8 mesecev zorenja). <\/p>\n<\/div>\n<\/div>\n<\/div>\n","protected":false},"excerpt":{"rendered":"<p>Narejen je po dru\u017einskem receptu iz me\u0161anice ov\u010djega in kravjega mleka, ki zaradi svoje gladkosti in kremastosti zagotavlja odli\u010dno ravnovesje v ustih. Siri z razli\u010dnimi obdobji zorenja v su\u0161ilnici na les: Tierno, Semicurado (od 2 do 4 mesecev zorenja), Curado (od 4 do 6 mesecev zorenja) in Viejo (od 6 do 8 mesecev zorenja).<\/p>\n","protected":false},"featured_media":32940,"template":"","meta":{"_et_pb_use_builder":"","_et_pb_old_content":"","_et_gb_content_width":""},"product_brand":[1319],"product_cat":[1813,2258,2730],"product_tag":[],"class_list":{"0":"post-32934","1":"product","2":"type-product","3":"status-publish","4":"has-post-thumbnail","6":"product_brand-el-gran-cardenal","7":"product_cat-hladno","8":"product_cat-sir-in-klobasa","9":"product_cat-zdravljenje","10":"product_shipping_class-hladna-posiljka","12":"first","13":"outofstock","14":"taxable","15":"shipping-taxable","16":"product-type-variable"},"_links":{"self":[{"href":"https:\/\/myspainfood.com\/sl\/wp-json\/wp\/v2\/product\/32934","targetHints":{"allow":["GET"]}}],"collection":[{"href":"https:\/\/myspainfood.com\/sl\/wp-json\/wp\/v2\/product"}],"about":[{"href":"https:\/\/myspainfood.com\/sl\/wp-json\/wp\/v2\/types\/product"}],"wp:featuredmedia":[{"embeddable":true,"href":"https:\/\/myspainfood.com\/sl\/wp-json\/wp\/v2\/media\/32940"}],"wp:attachment":[{"href":"https:\/\/myspainfood.com\/sl\/wp-json\/wp\/v2\/media?parent=32934"}],"wp:term":[{"taxonomy":"product_brand","embeddable":true,"href":"https:\/\/myspainfood.com\/sl\/wp-json\/wp\/v2\/product_brand?post=32934"},{"taxonomy":"product_cat","embeddable":true,"href":"https:\/\/myspainfood.com\/sl\/wp-json\/wp\/v2\/product_cat?post=32934"},{"taxonomy":"product_tag","embeddable":true,"href":"https:\/\/myspainfood.com\/sl\/wp-json\/wp\/v2\/product_tag?post=32934"}],"curies":[{"name":"wp","href":"https:\/\/api.w.org\/{rel}","templated":true}]}}