{"id":33055,"date":"2025-04-10T12:09:08","date_gmt":"2025-04-10T10:09:08","guid":{"rendered":"https:\/\/myspainfood.com\/producto\/ovcji-sir-z-rozmarinom-el-gran-cardenal\/"},"modified":"2025-07-28T10:36:46","modified_gmt":"2025-07-28T08:36:46","slug":"ovcji-sir-z-rozmarinom-el-gran-cardenal","status":"publish","type":"product","link":"https:\/\/myspainfood.com\/sl\/producto\/ovcji-sir-z-rozmarinom-el-gran-cardenal\/","title":{"rendered":"Ov\u010dji sir z ro\u017emarinom El Gran Cardenal"},"content":{"rendered":"<div class=\"et_pb_blurb_container\">\n<div class=\"et_pb_blurb_container\">\n<h4 class=\"et_pb_module_header\">Ovce z ro\u017emarinom<\/h4>\n<div class=\"et_pb_blurb_description\">Ro\u017emarin je aromati\u010dna rastlina, zna\u010dilna za sredozemsko regijo. Njegova aroma prepoji na\u0161 sir Castellano de Oveja in mu daje zelo niansiran vonj in okus, poleg tega pa pomaga za\u0161\u010dititi sir. <\/p>\n<p>V jeziku cvetja je ro\u017emarin simbol dobre volje in odprtosti.<\/p><\/div>\n<\/div>\n<\/div>\n","protected":false},"excerpt":{"rendered":"<p>Ovce z ro\u017emarinom Ro\u017emarin je aromati\u010dna rastlina, zna\u010dilna za sredozemsko regijo. Njegova aroma prepoji na\u0161 sir Castellano de Oveja in mu daje zelo niansiran vonj in okus, poleg tega pa pomaga za\u0161\u010dititi sir. V jeziku cvetja je ro\u017emarin simbol dobre volje in odprtosti.<\/p>\n","protected":false},"featured_media":33058,"template":"","meta":{"_et_pb_use_builder":"","_et_pb_old_content":"","_et_gb_content_width":""},"product_brand":[1319],"product_cat":[1813,2258,2730],"product_tag":[],"class_list":{"0":"post-33055","1":"product","2":"type-product","3":"status-publish","4":"has-post-thumbnail","6":"product_brand-el-gran-cardenal","7":"product_cat-hladno","8":"product_cat-sir-in-klobasa","9":"product_cat-zdravljenje","10":"product_shipping_class-hladna-posiljka","12":"first","13":"outofstock","14":"taxable","15":"shipping-taxable","16":"purchasable","17":"product-type-variable"},"_links":{"self":[{"href":"https:\/\/myspainfood.com\/sl\/wp-json\/wp\/v2\/product\/33055","targetHints":{"allow":["GET"]}}],"collection":[{"href":"https:\/\/myspainfood.com\/sl\/wp-json\/wp\/v2\/product"}],"about":[{"href":"https:\/\/myspainfood.com\/sl\/wp-json\/wp\/v2\/types\/product"}],"wp:featuredmedia":[{"embeddable":true,"href":"https:\/\/myspainfood.com\/sl\/wp-json\/wp\/v2\/media\/33058"}],"wp:attachment":[{"href":"https:\/\/myspainfood.com\/sl\/wp-json\/wp\/v2\/media?parent=33055"}],"wp:term":[{"taxonomy":"product_brand","embeddable":true,"href":"https:\/\/myspainfood.com\/sl\/wp-json\/wp\/v2\/product_brand?post=33055"},{"taxonomy":"product_cat","embeddable":true,"href":"https:\/\/myspainfood.com\/sl\/wp-json\/wp\/v2\/product_cat?post=33055"},{"taxonomy":"product_tag","embeddable":true,"href":"https:\/\/myspainfood.com\/sl\/wp-json\/wp\/v2\/product_tag?post=33055"}],"curies":[{"name":"wp","href":"https:\/\/api.w.org\/{rel}","templated":true}]}}