{"id":33394,"date":"2025-04-10T12:08:59","date_gmt":"2025-04-10T10:08:59","guid":{"rendered":"https:\/\/myspainfood.com\/producto\/m-jesus-de-la-hoz-monsalve-2024-verdejo\/"},"modified":"2026-03-17T10:42:49","modified_gmt":"2026-03-17T09:42:49","slug":"m-jesus-de-la-hoz-monsalve-2024-verdejo","status":"publish","type":"product","link":"https:\/\/myspainfood.com\/sl\/producto\/m-jesus-de-la-hoz-monsalve-2024-verdejo\/","title":{"rendered":"M Jesus de La Hoz Monsalve 2024 Verdejo"},"content":{"rendered":"<div class=\"cs-blog-content\">\n<p>To vino je poimenovano v \u010dast dru\u017einski tradiciji, ki je povezana z vinarstvom. Oprema za pridelavo vina je opremljena z najnovej\u0161o tehnologijo, ki zagotavlja, da mo\u0161t ne izgubi sortnega zna\u010daja. Fermentacija v cisternah iz nerjavnega jekla omogo\u010da popoln nadzor temperature, pri \u010demer se upo\u0161teva strog nadzor kakovosti vsakega postopka. <\/p>\n<p><strong>Barva<\/strong>: svetlo slamnata.<\/p>\n<p><strong>Aroma:<\/strong> izrazita, sortna, sve\u017ee sadje.<\/p>\n<p><strong>Okus:<\/strong> okusen, saden, sve\u017e, mesnat.<\/p>\n<\/div>\n<h1><span class=\"vintage\"> <\/span><\/h1>\n","protected":false},"excerpt":{"rendered":"<p>To vino je poimenovano v \u010dast dru\u017einski tradiciji, ki je povezana z vinarstvom. Oprema za pridelavo vina je opremljena z najnovej\u0161o tehnologijo, ki zagotavlja, da mo\u0161t ne izgubi sortnega zna\u010daja. Fermentacija v cisternah iz nerjavnega jekla omogo\u010da popoln nadzor temperature, pri \u010demer se upo\u0161teva strog nadzor kakovosti vsakega postopka. Barva: svetlo slamnata. Aroma: izrazita, sortna, [&hellip;]<\/p>\n","protected":false},"featured_media":33402,"template":"","meta":{"_et_pb_use_builder":"","_et_pb_old_content":"","_et_gb_content_width":""},"product_brand":[1140],"product_cat":[4854,5244],"product_tag":[7238,7240],"class_list":{"0":"post-33394","1":"product","2":"type-product","3":"status-publish","4":"has-post-thumbnail","6":"product_brand-ladera-de-los-obispos","7":"product_cat-pijace","8":"product_cat-vino-sl-2","9":"product_tag-gotika-sl","10":"product_tag-kolo-sl","12":"first","13":"instock","14":"featured","15":"taxable","16":"shipping-taxable","17":"purchasable","18":"product-type-variable"},"_links":{"self":[{"href":"https:\/\/myspainfood.com\/sl\/wp-json\/wp\/v2\/product\/33394","targetHints":{"allow":["GET"]}}],"collection":[{"href":"https:\/\/myspainfood.com\/sl\/wp-json\/wp\/v2\/product"}],"about":[{"href":"https:\/\/myspainfood.com\/sl\/wp-json\/wp\/v2\/types\/product"}],"wp:featuredmedia":[{"embeddable":true,"href":"https:\/\/myspainfood.com\/sl\/wp-json\/wp\/v2\/media\/33402"}],"wp:attachment":[{"href":"https:\/\/myspainfood.com\/sl\/wp-json\/wp\/v2\/media?parent=33394"}],"wp:term":[{"taxonomy":"product_brand","embeddable":true,"href":"https:\/\/myspainfood.com\/sl\/wp-json\/wp\/v2\/product_brand?post=33394"},{"taxonomy":"product_cat","embeddable":true,"href":"https:\/\/myspainfood.com\/sl\/wp-json\/wp\/v2\/product_cat?post=33394"},{"taxonomy":"product_tag","embeddable":true,"href":"https:\/\/myspainfood.com\/sl\/wp-json\/wp\/v2\/product_tag?post=33394"}],"curies":[{"name":"wp","href":"https:\/\/api.w.org\/{rel}","templated":true}]}}