{"id":33441,"date":"2025-04-10T12:10:14","date_gmt":"2025-04-10T10:10:14","guid":{"rendered":"https:\/\/myspainfood.com\/producto\/naravni-rakci-45-65-areoso\/"},"modified":"2025-04-10T12:10:14","modified_gmt":"2025-04-10T10:10:14","slug":"naravni-rakci-45-65-areoso","status":"publish","type":"product","link":"https:\/\/myspainfood.com\/sl\/producto\/naravni-rakci-45-65-areoso\/","title":{"rendered":"Naravni rakci 45\/65 Areoso"},"content":{"rendered":"<p>Izdelek: rakci 45\/65 kosov.<\/p>\n<p>Sestavine: \u0161koljka, voda in sol<\/p>\n<p>POSTOPEK PRIPRAVE: Petelin\u010dki se pripravljajo podobno kot \u0161koljke, \u010deprav niso tako ob\u010dutljiv proizvod kot \u0161koljke. Postopek je naslednji: kuhajo se v vodi, ki ima ustrezne higiensko-sanitarne lastnosti. Celoten postopek lu\u0161\u010denja in sortiranja je avtomatiziran. Nato se ponovno operejo v vro\u010di vodi in nato zapakirajo. Nato se doda teko\u010dina za pokrivanje, ki je v tem primeru naravna voda. Zapre se in sterilizira z zna\u010dilnimi in ustreznimi parametri za ta izdelek. Nato je pripravljen za skladi\u0161\u010denje in prodajo.      <\/p>\n","protected":false},"excerpt":{"rendered":"<p>Izdelek: rakci 45\/65 kosov. Sestavine: \u0161koljka, voda in sol POSTOPEK PRIPRAVE: Petelin\u010dki se pripravljajo podobno kot \u0161koljke, \u010deprav niso tako ob\u010dutljiv proizvod kot \u0161koljke. Postopek je naslednji: kuhajo se v vodi, ki ima ustrezne higiensko-sanitarne lastnosti. Celoten postopek lu\u0161\u010denja in sortiranja je avtomatiziran. Nato se ponovno operejo v vro\u010di vodi in nato zapakirajo. Nato se [&hellip;]<\/p>\n","protected":false},"featured_media":33444,"template":"","meta":{"_et_pb_use_builder":"","_et_pb_old_content":"","_et_gb_content_width":""},"product_brand":[1358,1075],"product_cat":[1983,5666],"product_tag":[],"class_list":{"0":"post-33441","1":"product","2":"type-product","3":"status-publish","4":"has-post-thumbnail","6":"product_brand-areoso","7":"product_brand-oti","8":"product_cat-ohranja","9":"product_cat-petelincki","11":"first","12":"outofstock","13":"sale","14":"taxable","15":"shipping-taxable","16":"purchasable","17":"product-type-simple"},"_links":{"self":[{"href":"https:\/\/myspainfood.com\/sl\/wp-json\/wp\/v2\/product\/33441","targetHints":{"allow":["GET"]}}],"collection":[{"href":"https:\/\/myspainfood.com\/sl\/wp-json\/wp\/v2\/product"}],"about":[{"href":"https:\/\/myspainfood.com\/sl\/wp-json\/wp\/v2\/types\/product"}],"wp:featuredmedia":[{"embeddable":true,"href":"https:\/\/myspainfood.com\/sl\/wp-json\/wp\/v2\/media\/33444"}],"wp:attachment":[{"href":"https:\/\/myspainfood.com\/sl\/wp-json\/wp\/v2\/media?parent=33441"}],"wp:term":[{"taxonomy":"product_brand","embeddable":true,"href":"https:\/\/myspainfood.com\/sl\/wp-json\/wp\/v2\/product_brand?post=33441"},{"taxonomy":"product_cat","embeddable":true,"href":"https:\/\/myspainfood.com\/sl\/wp-json\/wp\/v2\/product_cat?post=33441"},{"taxonomy":"product_tag","embeddable":true,"href":"https:\/\/myspainfood.com\/sl\/wp-json\/wp\/v2\/product_tag?post=33441"}],"curies":[{"name":"wp","href":"https:\/\/api.w.org\/{rel}","templated":true}]}}