{"id":33891,"date":"2025-04-10T12:10:21","date_gmt":"2025-04-10T10:10:21","guid":{"rendered":"https:\/\/myspainfood.com\/producto\/britovke-v-oljcnem-olju-areoso-115-g\/"},"modified":"2025-09-02T10:47:48","modified_gmt":"2025-09-02T08:47:48","slug":"britovke-v-oljcnem-olju-areoso-115-g","status":"publish","type":"product","link":"https:\/\/myspainfood.com\/sl\/producto\/britovke-v-oljcnem-olju-areoso-115-g\/","title":{"rendered":"Britovke v olj\u010dnem olju Areoso 115 g"},"content":{"rendered":"<p>Izdelek: Razorske \u0161koljke v olj\u010dnem olju<\/p>\n<p>Specifikacije: Drobne \u0161koljke (Ensis arcuatus) iz Galicijske riase, enakomerne velikosti, v olj\u010dnem olju. O\u010di\u0161\u010dene in ro\u010dno izbrane v vsaki plo\u010devinki. <\/p>\n<p>Sestavine: 56,5 %, olj\u010dno olje 43,5 % in sol.<\/p>\n<p>Proizvodni proces: Kot ostali mehku\u017eci gredo tudi brivske \u0161koljke, nabrane v galicijskih riasah, takoj po vstopu v tovarno skozi postopek \u010di\u0161\u010denja. Nato se skuhajo v vodi, ki ima ustrezne higienske in sanitarne lastnosti; mehku\u017eci se odprejo in nato ro\u010dno olu\u0161\u010dijo, pri \u010demer se zelo pazljivo pazijo, da se ne zlomijo. Nato se ponovno operejo v topli slani vodi in zapakirajo. Nato se prema\u017eejo z olj\u010dnim oljem, da dobijo gladko strukturo in intenziven okus. Posode se zaprejo in sterilizirajo z zna\u010dilnimi in ustreznimi parametri za ta proizvod, s \u010dimer se ustvari odli\u010dno okolje za dolgoletno shranjevanje brez kakr\u0161nih koli konzervansov ali umetnih dodatkov. Nato je pripravljen za skladi\u0161\u010denje in prodajo.     <\/p>\n","protected":false},"excerpt":{"rendered":"<p>Izdelek: Razorske \u0161koljke v olj\u010dnem olju Specifikacije: Drobne \u0161koljke (Ensis arcuatus) iz Galicijske riase, enakomerne velikosti, v olj\u010dnem olju. O\u010di\u0161\u010dene in ro\u010dno izbrane v vsaki plo\u010devinki. Sestavine: 56,5 %, olj\u010dno olje 43,5 % in sol. Proizvodni proces: Kot ostali mehku\u017eci gredo tudi brivske \u0161koljke, nabrane v galicijskih riasah, takoj po vstopu v tovarno skozi postopek [&hellip;]<\/p>\n","protected":false},"featured_media":33897,"template":"","meta":{"_et_pb_use_builder":"","_et_pb_old_content":"","_et_gb_content_width":""},"product_brand":[1358],"product_cat":[7554,1983],"product_tag":[],"class_list":{"0":"post-33891","1":"product","2":"type-product","3":"status-publish","4":"has-post-thumbnail","6":"product_brand-areoso","7":"product_cat-brivniki","8":"product_cat-ohranja","10":"first","11":"outofstock","12":"taxable","13":"shipping-taxable","14":"product-type-variable"},"_links":{"self":[{"href":"https:\/\/myspainfood.com\/sl\/wp-json\/wp\/v2\/product\/33891","targetHints":{"allow":["GET"]}}],"collection":[{"href":"https:\/\/myspainfood.com\/sl\/wp-json\/wp\/v2\/product"}],"about":[{"href":"https:\/\/myspainfood.com\/sl\/wp-json\/wp\/v2\/types\/product"}],"wp:featuredmedia":[{"embeddable":true,"href":"https:\/\/myspainfood.com\/sl\/wp-json\/wp\/v2\/media\/33897"}],"wp:attachment":[{"href":"https:\/\/myspainfood.com\/sl\/wp-json\/wp\/v2\/media?parent=33891"}],"wp:term":[{"taxonomy":"product_brand","embeddable":true,"href":"https:\/\/myspainfood.com\/sl\/wp-json\/wp\/v2\/product_brand?post=33891"},{"taxonomy":"product_cat","embeddable":true,"href":"https:\/\/myspainfood.com\/sl\/wp-json\/wp\/v2\/product_cat?post=33891"},{"taxonomy":"product_tag","embeddable":true,"href":"https:\/\/myspainfood.com\/sl\/wp-json\/wp\/v2\/product_tag?post=33891"}],"curies":[{"name":"wp","href":"https:\/\/api.w.org\/{rel}","templated":true}]}}