{"id":34044,"date":"2025-04-10T12:09:58","date_gmt":"2025-04-10T10:09:58","guid":{"rendered":"https:\/\/myspainfood.com\/producto\/banderillas-extra-zacinjeno-chicon-900-gramov-pakiranje-6-enot\/"},"modified":"2025-04-10T12:09:58","modified_gmt":"2025-04-10T10:09:58","slug":"banderillas-extra-zacinjeno-chicon-900-gramov-pakiranje-6-enot","status":"publish","type":"product","link":"https:\/\/myspainfood.com\/sl\/producto\/banderillas-extra-zacinjeno-chicon-900-gramov-pakiranje-6-enot\/","title":{"rendered":"Banderillas Extra (za\u010dinjeno) Chic\u00f3n 900 gramov pakiranje 6 enot"},"content":{"rendered":"<p>Banderillas extra picantes so <a href=\"https:\/\/aceitunaschiconlebron.com\/catalogo\/banderillas-picantes\/\" target=\"_blank\" rel=\"noopener noreferrer nofollow\">kisle kumarice, ki<\/a> se vsak dan u\u017eivajo kot predjed v \u0161tevilnih delih na\u0161e dr\u017eave.<\/p>\n<p>Me\u0161anica okusov, ki jih zagotavljajo sestavine, skupaj s pridihom kisa in pikantnostjo \u010dilija daje poseben okus na\u0161im pikantnim banderiljam.<\/p>\n<p>Pikantne banderille so obi\u010dajno sestavljene iz kumaric, \u010dilija, \u010debule, oliv in paprike. Zato je me\u0161anica teh okusov tako izvrstna. <\/p>\n<h3><strong>Prednosti ekstra pikantnih banderill<\/strong><\/h3>\n<p>Ali ste vedeli, kako koristne so za\u010dinjene kumarice banderilla in kisle kumarice na splo\u0161no? Tukaj je seznam najpomembnej\u0161ih: <\/p>\n<ul>\n<li>Bogata s probiotiki.<\/li>\n<li>Pomagajo pri prebavi.<\/li>\n<li>Krepijo imunski sistem.<\/li>\n<li>Zmanj\u0161ujejo \u017eeljo po sladkorju.<\/li>\n<li>Ugoden za \u017eol\u010dnik.<\/li>\n<\/ul>\n<p>&nbsp;<\/p>\n<p>\u010ce \u017eelite kupiti oljke ali katero koli drugo vrsto <a href=\"https:\/\/latiendadesami.com\/categoria-producto\/encurtidos\/\" rel=\"noopener noreferrer nofollow\" target=\"_blank\">kislih kumaric<\/a>, si oglejte na\u0161 spletni katalog in si oglejte \u0161iroko paleto <a href=\"https:\/\/latiendadesami.com\/categoria-producto\/encurtidos\/aceitunas\/\" target=\"_blank\" rel=\"noopener noreferrer nofollow\">oljk, ki jih<\/a> imamo na voljo.<\/p>\n","protected":false},"excerpt":{"rendered":"<p>banderillas picante<\/p>\n<p>Odvisno od koli\u010dine<\/p>\n","protected":false},"featured_media":34049,"template":"","meta":{"_et_pb_use_builder":"","_et_pb_old_content":"","_et_gb_content_width":""},"product_brand":[1036],"product_cat":[3090,2852],"product_tag":[4111,2091],"class_list":{"0":"post-34044","1":"product","2":"type-product","3":"status-publish","4":"has-post-thumbnail","6":"product_brand-chicon","7":"product_cat-pickles-sl-2","8":"product_cat-trgovina-na-debelo","9":"product_tag-dodatno","10":"product_tag-zacinjeno","12":"first","13":"instock","14":"taxable","15":"shipping-taxable","16":"purchasable","17":"product-type-variable"},"_links":{"self":[{"href":"https:\/\/myspainfood.com\/sl\/wp-json\/wp\/v2\/product\/34044","targetHints":{"allow":["GET"]}}],"collection":[{"href":"https:\/\/myspainfood.com\/sl\/wp-json\/wp\/v2\/product"}],"about":[{"href":"https:\/\/myspainfood.com\/sl\/wp-json\/wp\/v2\/types\/product"}],"wp:featuredmedia":[{"embeddable":true,"href":"https:\/\/myspainfood.com\/sl\/wp-json\/wp\/v2\/media\/34049"}],"wp:attachment":[{"href":"https:\/\/myspainfood.com\/sl\/wp-json\/wp\/v2\/media?parent=34044"}],"wp:term":[{"taxonomy":"product_brand","embeddable":true,"href":"https:\/\/myspainfood.com\/sl\/wp-json\/wp\/v2\/product_brand?post=34044"},{"taxonomy":"product_cat","embeddable":true,"href":"https:\/\/myspainfood.com\/sl\/wp-json\/wp\/v2\/product_cat?post=34044"},{"taxonomy":"product_tag","embeddable":true,"href":"https:\/\/myspainfood.com\/sl\/wp-json\/wp\/v2\/product_tag?post=34044"}],"curies":[{"name":"wp","href":"https:\/\/api.w.org\/{rel}","templated":true}]}}