{"id":34170,"date":"2025-04-10T12:09:58","date_gmt":"2025-04-10T10:09:58","guid":{"rendered":"https:\/\/myspainfood.com\/producto\/chicon-extra-olive-kumarice-900-gramov-pakiranje-6-enot\/"},"modified":"2025-09-02T10:50:22","modified_gmt":"2025-09-02T08:50:22","slug":"chicon-extra-olive-kumarice-900-gramov-pakiranje-6-enot","status":"publish","type":"product","link":"https:\/\/myspainfood.com\/sl\/producto\/chicon-extra-olive-kumarice-900-gramov-pakiranje-6-enot\/","title":{"rendered":"Chic\u00f3n Extra olive kumarice 900 gramov pakiranje 6 enot"},"content":{"rendered":"<p>Kumarice <a href=\"https:\/\/aceitunaschiconlebron.com\/\" target=\"_blank\" rel=\"noopener noreferrer nofollow\">Chic\u00f3n<\/a> Extra so proizvedene v Antequeri v Malagi.<\/p>\n<p>Izdelani so po tradicionalnem receptu in na tradicionalen na\u010din.<\/p>\n<p>To so zelo majhne, ne\u017ene kumarice z rahlim in okusnim pridihom kisa.<\/p>\n<p>Me\u0161anica okusov, ki jih zagotavljajo sestavine, skupaj s pridihom kisa daje poseben okus, ki je zelo prijeten za brbon\u010dice.<\/p>\n<p>Kumare so prigrizek, ki krepi imunski sistem, kar pomeni, da podpirajo obrambne sposobnosti telesa in splo\u0161no zdravje.<\/p>\n<h3><strong>Prednosti dodatnih kumaric<\/strong><\/h3>\n<p>Ali ste vedeli, kako koristne so kisle kumarice na splo\u0161no? Tukaj je seznam najpomembnej\u0161ih: <\/p>\n<ul>\n<li>Bogata s probiotiki.<\/li>\n<li>Pomagajo pri prebavi.<\/li>\n<li>Krepijo imunski sistem.<\/li>\n<li>Zmanj\u0161ujejo \u017eeljo po sladkorju.<\/li>\n<li>Ugoden za \u017eol\u010dnik.<\/li>\n<\/ul>\n<p>\u010ce \u017eelite kupiti oljke ali katero koli drugo vrsto <a href=\"https:\/\/latiendadesami.com\/categoria-producto\/encurtidos\/\" rel=\"noopener noreferrer nofollow\" target=\"_blank\">kislih kumaric<\/a>, si oglejte na\u0161 spletni katalog in si oglejte \u0161iroko paleto <a href=\"https:\/\/latiendadesami.com\/categoria-producto\/encurtidos\/pepinillos\/\" target=\"_blank\" rel=\"noopener noreferrer nofollow\">oljk, ki jih<\/a> imamo na voljo.<\/p>\n","protected":false},"excerpt":{"rendered":"<p>Kumarice Chic\u00f3n Extra so proizvedene v Antequeri v Malagi. Izdelani so po tradicionalnem receptu in na tradicionalen na\u010din. To so zelo majhne, ne\u017ene kumarice z rahlim in okusnim pridihom kisa. Me\u0161anica okusov, ki jih zagotavljajo sestavine, skupaj s pridihom kisa daje poseben okus, ki je zelo prijeten za brbon\u010dice. Kumare so prigrizek, ki krepi imunski [&hellip;]<\/p>\n","protected":false},"featured_media":22725,"template":"","meta":{"_et_pb_use_builder":"","_et_pb_old_content":"","_et_gb_content_width":""},"product_brand":[1036],"product_cat":[3090,2852],"product_tag":[4111],"class_list":{"0":"post-34170","1":"product","2":"type-product","3":"status-publish","4":"has-post-thumbnail","6":"product_brand-chicon","7":"product_cat-pickles-sl-2","8":"product_cat-trgovina-na-debelo","9":"product_tag-dodatno","11":"first","12":"outofstock","13":"taxable","14":"shipping-taxable","15":"purchasable","16":"product-type-variable"},"_links":{"self":[{"href":"https:\/\/myspainfood.com\/sl\/wp-json\/wp\/v2\/product\/34170","targetHints":{"allow":["GET"]}}],"collection":[{"href":"https:\/\/myspainfood.com\/sl\/wp-json\/wp\/v2\/product"}],"about":[{"href":"https:\/\/myspainfood.com\/sl\/wp-json\/wp\/v2\/types\/product"}],"wp:featuredmedia":[{"embeddable":true,"href":"https:\/\/myspainfood.com\/sl\/wp-json\/wp\/v2\/media\/22725"}],"wp:attachment":[{"href":"https:\/\/myspainfood.com\/sl\/wp-json\/wp\/v2\/media?parent=34170"}],"wp:term":[{"taxonomy":"product_brand","embeddable":true,"href":"https:\/\/myspainfood.com\/sl\/wp-json\/wp\/v2\/product_brand?post=34170"},{"taxonomy":"product_cat","embeddable":true,"href":"https:\/\/myspainfood.com\/sl\/wp-json\/wp\/v2\/product_cat?post=34170"},{"taxonomy":"product_tag","embeddable":true,"href":"https:\/\/myspainfood.com\/sl\/wp-json\/wp\/v2\/product_tag?post=34170"}],"curies":[{"name":"wp","href":"https:\/\/api.w.org\/{rel}","templated":true}]}}