{"id":34235,"date":"2025-04-10T12:10:12","date_gmt":"2025-04-10T10:10:12","guid":{"rendered":"https:\/\/myspainfood.com\/producto\/norveski-dimljeni-losos-port-faroe-600-g\/"},"modified":"2025-06-24T13:41:14","modified_gmt":"2025-06-24T11:41:14","slug":"norveski-dimljeni-losos-port-faroe-600-g","status":"publish","type":"product","link":"https:\/\/myspainfood.com\/sl\/producto\/norveski-dimljeni-losos-port-faroe-600-g\/","title":{"rendered":"Norve\u0161ki dimljeni losos Port Faroe 600 g"},"content":{"rendered":"<p>Dimljenje je tehnika, ki se uporablja za konzerviranje \u017eivil.<\/p>\n<p> Gre za izpostavljanje \u017eivil viru dima, ki izvira iz ognji\u0161\u010d iz lesa z nizko vsebnostjo smole.<\/p>\n<p> Ta postopek jim poleg konzerviranja daje tudi poseben okus po dimu.<\/p>\n<p> Dimljeni losos je \u017eivilo, pridobljeno z izpostavljanjem lososa opisanemu dimu, ki mu daje dalj\u0161i \u010das konzerviranja ter druga\u010den in zna\u010dilen okus.<\/p>\n<p>&nbsp;<\/p>\n","protected":false},"excerpt":{"rendered":"<p>Dimljenje je tehnika, ki se uporablja za konzerviranje \u017eivil. Gre za izpostavljanje \u017eivil viru dima, ki izvira iz ognji\u0161\u010d iz lesa z nizko vsebnostjo smole. Ta postopek jim poleg konzerviranja daje tudi poseben okus po dimu. Dimljeni losos je \u017eivilo, pridobljeno z izpostavljanjem lososa opisanemu dimu, ki mu daje dalj\u0161i \u010das konzerviranja ter druga\u010den in [&hellip;]<\/p>\n","protected":false},"featured_media":34241,"template":"","meta":{"_et_pb_use_builder":"","_et_pb_old_content":"","_et_gb_content_width":""},"product_brand":[1361],"product_cat":[1813,7704,7702],"product_tag":[],"class_list":{"0":"post-34235","1":"product","2":"type-product","3":"status-publish","4":"has-post-thumbnail","6":"product_brand-ahumados-fernandez-molina","7":"product_cat-hladno","8":"product_cat-losos","9":"product_cat-posebni-bozicni-program","10":"product_shipping_class-hladna-posiljka","12":"first","13":"instock","14":"sale","15":"taxable","16":"shipping-taxable","17":"purchasable","18":"product-type-variable"},"_links":{"self":[{"href":"https:\/\/myspainfood.com\/sl\/wp-json\/wp\/v2\/product\/34235","targetHints":{"allow":["GET"]}}],"collection":[{"href":"https:\/\/myspainfood.com\/sl\/wp-json\/wp\/v2\/product"}],"about":[{"href":"https:\/\/myspainfood.com\/sl\/wp-json\/wp\/v2\/types\/product"}],"wp:featuredmedia":[{"embeddable":true,"href":"https:\/\/myspainfood.com\/sl\/wp-json\/wp\/v2\/media\/34241"}],"wp:attachment":[{"href":"https:\/\/myspainfood.com\/sl\/wp-json\/wp\/v2\/media?parent=34235"}],"wp:term":[{"taxonomy":"product_brand","embeddable":true,"href":"https:\/\/myspainfood.com\/sl\/wp-json\/wp\/v2\/product_brand?post=34235"},{"taxonomy":"product_cat","embeddable":true,"href":"https:\/\/myspainfood.com\/sl\/wp-json\/wp\/v2\/product_cat?post=34235"},{"taxonomy":"product_tag","embeddable":true,"href":"https:\/\/myspainfood.com\/sl\/wp-json\/wp\/v2\/product_tag?post=34235"}],"curies":[{"name":"wp","href":"https:\/\/api.w.org\/{rel}","templated":true}]}}