{"id":34644,"date":"2025-04-10T12:10:13","date_gmt":"2025-04-10T10:10:13","guid":{"rendered":"https:\/\/myspainfood.com\/producto\/sir-flor-de-esgueva-viejo-32-kg\/"},"modified":"2025-06-24T13:43:22","modified_gmt":"2025-06-24T11:43:22","slug":"sir-flor-de-esgueva-viejo-32-kg","status":"publish","type":"product","link":"https:\/\/myspainfood.com\/sl\/producto\/sir-flor-de-esgueva-viejo-32-kg\/","title":{"rendered":"Sir Flor de Esgueva Viejo 3,2 kg"},"content":{"rendered":"<div class=\"et_pb_blurb_container\">\n<div class=\"et_pb_blurb_container\">\n<h1 class=\"vc_custom_heading\">Cvet Esgueva Viejo<\/h1>\n<p class=\"vc_custom_heading us_custom_c587e30b\">Narejen je samo iz surovega ov\u010djega mleka in zori v naravni skorji najmanj sedem mesecev.<\/p>\n<div class=\"wpb_text_column us_custom_afe9a513\">\n<div class=\"wpb_wrapper\">\n<p>To je popolnost glede intenzivnosti in teksture. Je zelo primeren za ljubitelje sira, ki imajo radi elasti\u010dno in skoraj topljivo teksturo, vendar ne izgubijo \u010distega ov\u010djega okusa in intenzivnosti v ustih. Ima dolg in dolgotrajen priokus, ki \u0161e nekaj minut pu\u0161\u010da prijeten ob\u010dutek.  <\/p>\n<\/div>\n<\/div>\n<\/div>\n<\/div>\n","protected":false},"excerpt":{"rendered":"<p>Cvet Esgueva Viejo Narejen je samo iz surovega ov\u010djega mleka in zori v naravni skorji najmanj sedem mesecev. To je popolnost glede intenzivnosti in teksture. Je zelo primeren za ljubitelje sira, ki imajo radi elasti\u010dno in skoraj topljivo teksturo, vendar ne izgubijo \u010distega ov\u010djega okusa in intenzivnosti v ustih. Ima dolg in dolgotrajen priokus, ki [&hellip;]<\/p>\n","protected":false},"featured_media":34656,"template":"","meta":{"_et_pb_use_builder":"","_et_pb_old_content":"","_et_gb_content_width":""},"product_brand":[1367],"product_cat":[1813,2258,2730],"product_tag":[],"class_list":{"0":"post-34644","1":"product","2":"type-product","3":"status-publish","4":"has-post-thumbnail","6":"product_brand-flor-de-esgueva","7":"product_cat-hladno","8":"product_cat-sir-in-klobasa","9":"product_cat-zdravljenje","10":"product_shipping_class-hladna-posiljka","12":"first","13":"outofstock","14":"taxable","15":"shipping-taxable","16":"purchasable","17":"product-type-variable"},"_links":{"self":[{"href":"https:\/\/myspainfood.com\/sl\/wp-json\/wp\/v2\/product\/34644","targetHints":{"allow":["GET"]}}],"collection":[{"href":"https:\/\/myspainfood.com\/sl\/wp-json\/wp\/v2\/product"}],"about":[{"href":"https:\/\/myspainfood.com\/sl\/wp-json\/wp\/v2\/types\/product"}],"wp:featuredmedia":[{"embeddable":true,"href":"https:\/\/myspainfood.com\/sl\/wp-json\/wp\/v2\/media\/34656"}],"wp:attachment":[{"href":"https:\/\/myspainfood.com\/sl\/wp-json\/wp\/v2\/media?parent=34644"}],"wp:term":[{"taxonomy":"product_brand","embeddable":true,"href":"https:\/\/myspainfood.com\/sl\/wp-json\/wp\/v2\/product_brand?post=34644"},{"taxonomy":"product_cat","embeddable":true,"href":"https:\/\/myspainfood.com\/sl\/wp-json\/wp\/v2\/product_cat?post=34644"},{"taxonomy":"product_tag","embeddable":true,"href":"https:\/\/myspainfood.com\/sl\/wp-json\/wp\/v2\/product_tag?post=34644"}],"curies":[{"name":"wp","href":"https:\/\/api.w.org\/{rel}","templated":true}]}}