{"id":37197,"date":"2025-04-10T12:11:40","date_gmt":"2025-04-10T10:11:40","guid":{"rendered":"https:\/\/myspainfood.com\/producto\/andaluzijski-gazpacho-z-ekstra-deviskim-oljcnim-oljem-arteoliva-1-liter\/"},"modified":"2026-01-29T12:25:51","modified_gmt":"2026-01-29T11:25:51","slug":"andaluzijski-gazpacho-z-ekstra-deviskim-oljcnim-oljem-arteoliva-1-liter","status":"publish","type":"product","link":"https:\/\/myspainfood.com\/sl\/producto\/andaluzijski-gazpacho-z-ekstra-deviskim-oljcnim-oljem-arteoliva-1-liter\/","title":{"rendered":"Andaluzijski Gazpacho z ekstra devi\u0161kim olj\u010dnim oljem ARTEOLIVA 1 liter"},"content":{"rendered":"<p>Gre za izdelek, ki zvesto sledi tradicionalnemu receptu pravega andaluzijskega gazpacha. Vsebuje sve\u017eo zelenjavo vrhunske kakovosti, kot so paradi\u017enik, kumare, poper, \u010desen, ekstra devi\u0161ko olj\u010dno olje in kruh, kis sherry, vodo in morsko sol. Za razliko od drugih izdelkov na trgu gazpacho &#8220;ArteOliva&#8221; vsebuje ve\u010d ekstra devi\u0161kega olj\u010dnega olja in kruha, ki velja za bistveno sestavino tradicionalnega recepta.  <\/p>\n","protected":false},"excerpt":{"rendered":"<p>Gre za izdelek, ki zvesto sledi tradicionalnemu receptu pravega andaluzijskega gazpacha. Vsebuje sve\u017eo zelenjavo vrhunske kakovosti, kot so paradi\u017enik, kumare, poper, \u010desen, ekstra devi\u0161ko olj\u010dno olje in kruh, kis sherry, vodo in morsko sol. Za razliko od drugih izdelkov na trgu gazpacho &#8220;ArteOliva&#8221; vsebuje ve\u010d ekstra devi\u0161kega olj\u010dnega olja in kruha, ki velja za bistveno [&hellip;]<\/p>\n","protected":false},"featured_media":37202,"template":"","meta":{"_et_pb_use_builder":"","_et_pb_old_content":"","_et_gb_content_width":""},"product_brand":[1457],"product_cat":[2221,1983,4854],"product_tag":[],"class_list":{"0":"post-37197","1":"product","2":"type-product","3":"status-publish","4":"has-post-thumbnail","6":"product_brand-arteoliva","7":"product_cat-ekstra-deviska-oljka","8":"product_cat-ohranja","9":"product_cat-pijace","11":"first","12":"outofstock","13":"taxable","14":"shipping-taxable","15":"product-type-variable"},"_links":{"self":[{"href":"https:\/\/myspainfood.com\/sl\/wp-json\/wp\/v2\/product\/37197","targetHints":{"allow":["GET"]}}],"collection":[{"href":"https:\/\/myspainfood.com\/sl\/wp-json\/wp\/v2\/product"}],"about":[{"href":"https:\/\/myspainfood.com\/sl\/wp-json\/wp\/v2\/types\/product"}],"wp:featuredmedia":[{"embeddable":true,"href":"https:\/\/myspainfood.com\/sl\/wp-json\/wp\/v2\/media\/37202"}],"wp:attachment":[{"href":"https:\/\/myspainfood.com\/sl\/wp-json\/wp\/v2\/media?parent=37197"}],"wp:term":[{"taxonomy":"product_brand","embeddable":true,"href":"https:\/\/myspainfood.com\/sl\/wp-json\/wp\/v2\/product_brand?post=37197"},{"taxonomy":"product_cat","embeddable":true,"href":"https:\/\/myspainfood.com\/sl\/wp-json\/wp\/v2\/product_cat?post=37197"},{"taxonomy":"product_tag","embeddable":true,"href":"https:\/\/myspainfood.com\/sl\/wp-json\/wp\/v2\/product_tag?post=37197"}],"curies":[{"name":"wp","href":"https:\/\/api.w.org\/{rel}","templated":true}]}}