{"id":37325,"date":"2025-04-10T12:05:09","date_gmt":"2025-04-10T10:05:09","guid":{"rendered":"https:\/\/myspainfood.com\/producto\/beli-cesen-900-gr-chicon\/"},"modified":"2025-09-02T10:48:37","modified_gmt":"2025-09-02T08:48:37","slug":"beli-cesen-900-gr-chicon","status":"publish","type":"product","link":"https:\/\/myspainfood.com\/sl\/producto\/beli-cesen-900-gr-chicon\/","title":{"rendered":"Beli \u010desen 900 gr Chic\u00f3n"},"content":{"rendered":"<p><strong>Beli \u010desen v olju<\/strong>, olupljen, predelan in su\u0161en, da se zmeh\u010da njegov naravni okus in ohranijo prvotne lastnosti.<\/p>\n<p>\u010cesen v olju je poslastica za brbon\u010dice, bodisi kot predjed bodisi kot dodatek k najbolj\u0161im jedem.<\/p>\n<h3><strong>Prednosti <a href=\"https:\/\/aceitunaschiconlebron.com\/catalogo\/ajos-en-aceite\/\" target=\"_blank\" rel=\"noopener noreferrer nofollow\">olja<\/a> belega \u010desna<\/strong><\/h3>\n<p>Ali veste, kak\u0161ne so glavne prednosti \u010desna v olju kot ocvirkov? Poleg \u0161tevilnih drugih lastnosti so bogati s probiotiki, krepijo imunski sistem in celo pomagajo pri prebavi. <\/p>\n<p>Kisle kumarice so se iz starodavne tehnike konzerviranja hrane po vsem svetu prelevile v enega najbolj cenjenih tapasov ali predjedi v \u0161panski gastronomiji. Poleg okusnega <strong>\u010desna v olju<\/strong> lahko v na\u0161em spletnem katalogu najdete tudi druge vrste kislih kumaric, kot so kapre, sladke banderille ali pikantne banderille. <\/p>\n<h3><strong>Lastnosti Mariniran \u010desen<\/strong><\/h3>\n<p>Ima <strong>antibioti\u010dne lastnosti<\/strong>. \u010cesnovo olje uni\u010duje \u0161tevilne mikrobe, kot so virusi, bakterije, glivice in paraziti. <\/p>\n<p>Deluje <strong>razstrupljevalno,<\/strong> je vir vitamina C, encimov in mineralov, ki krepijo obrambne sposobnosti in odpornost telesa.<\/p>\n<p><strong>\u010cesen v olju \u0161\u010diti na\u0161e srce<\/strong> pred sr\u010dno-\u017eilnimi te\u017eavami, kot sta sr\u010dni infarkt in ateroskleroza.<\/p>\n<p><strong>Lastnost kislega \u010desna<\/strong> je tudi ta, da zni\u017euje holesterol, saj lahko zmerno zni\u017ea trigliceride in skupni holesterol v krvi, kar lahko zmanj\u0161a arterijske obloge.<\/p>\n<p>Skratka, \u010desen v olju ali <a href=\"https:\/\/latiendadesami.com\/categoria-producto\/encurtidos\/\" target=\"_blank\" rel=\"noopener noreferrer nofollow\">mariniran<\/a> \u010desen ima \u0161tevilne lastnosti in koristi za zdravje ljudi.<\/p>\n","protected":false},"excerpt":{"rendered":"<p>Beli \u010desen v olju, olupljen, predelan in su\u0161en, da se zmeh\u010da njegov naravni okus in ohranijo prvotne lastnosti. \u010cesen v olju je poslastica za brbon\u010dice, bodisi kot predjed bodisi kot dodatek k najbolj\u0161im jedem. Prednosti olja belega \u010desna Ali veste, kak\u0161ne so glavne prednosti \u010desna v olju kot ocvirkov? Poleg \u0161tevilnih drugih lastnosti so bogati [&hellip;]<\/p>\n","protected":false},"featured_media":37326,"template":"","meta":{"_et_pb_use_builder":"","_et_pb_old_content":"","_et_gb_content_width":""},"product_brand":[1036],"product_cat":[4161,1717],"product_tag":[4164,4163],"class_list":{"0":"post-37325","1":"product","2":"type-product","3":"status-publish","4":"has-post-thumbnail","6":"product_brand-chicon","7":"product_cat-cesen","8":"product_cat-pickles-sl","9":"product_tag-bela","10":"product_tag-cesen","12":"first","13":"instock","14":"taxable","15":"shipping-taxable","16":"purchasable","17":"product-type-variable"},"_links":{"self":[{"href":"https:\/\/myspainfood.com\/sl\/wp-json\/wp\/v2\/product\/37325","targetHints":{"allow":["GET"]}}],"collection":[{"href":"https:\/\/myspainfood.com\/sl\/wp-json\/wp\/v2\/product"}],"about":[{"href":"https:\/\/myspainfood.com\/sl\/wp-json\/wp\/v2\/types\/product"}],"wp:featuredmedia":[{"embeddable":true,"href":"https:\/\/myspainfood.com\/sl\/wp-json\/wp\/v2\/media\/37326"}],"wp:attachment":[{"href":"https:\/\/myspainfood.com\/sl\/wp-json\/wp\/v2\/media?parent=37325"}],"wp:term":[{"taxonomy":"product_brand","embeddable":true,"href":"https:\/\/myspainfood.com\/sl\/wp-json\/wp\/v2\/product_brand?post=37325"},{"taxonomy":"product_cat","embeddable":true,"href":"https:\/\/myspainfood.com\/sl\/wp-json\/wp\/v2\/product_cat?post=37325"},{"taxonomy":"product_tag","embeddable":true,"href":"https:\/\/myspainfood.com\/sl\/wp-json\/wp\/v2\/product_tag?post=37325"}],"curies":[{"name":"wp","href":"https:\/\/api.w.org\/{rel}","templated":true}]}}