{"id":37367,"date":"2025-04-10T12:08:44","date_gmt":"2025-04-10T10:08:44","guid":{"rendered":"https:\/\/myspainfood.com\/producto\/lanena-hobotnica-60-enot\/"},"modified":"2026-04-24T07:38:48","modified_gmt":"2026-04-24T05:38:48","slug":"lanena-hobotnica-60-enot","status":"publish","type":"product","link":"https:\/\/myspainfood.com\/sl\/producto\/lanena-hobotnica-60-enot\/","title":{"rendered":"Lanena hobotnica 60 enot"},"content":{"rendered":"<p>Olje (85 % son\u010dni\u010dno, 15 % olj\u010dno), hobotnica, olive, polnjene z in\u010duni, rde\u010da paprika, kumare in \u010debula.<\/p>\n","protected":false},"excerpt":{"rendered":"<p>Olje (85 % son\u010dni\u010dno, 15 % olj\u010dno), hobotnica, olive, polnjene z in\u010duni, rde\u010da paprika, kumare in \u010debula.<\/p>\n","protected":false},"featured_media":37368,"template":"","meta":{"_et_pb_use_builder":"","_et_pb_old_content":"","_et_gb_content_width":""},"product_brand":[],"product_cat":[1813,8112,2007,1720,1717,1817,1815],"product_tag":[],"class_list":{"0":"post-37367","1":"product","2":"type-product","3":"status-publish","4":"has-post-thumbnail","6":"product_cat-hladno","7":"product_cat-hobotnica","8":"product_cat-kumarice","9":"product_cat-oljke","10":"product_cat-pickles-sl","11":"product_cat-pintxos-sl","12":"product_cat-sardele","13":"product_shipping_class-hladna-posiljka","15":"first","16":"outofstock","17":"taxable","18":"shipping-taxable","19":"purchasable","20":"product-type-simple"},"_links":{"self":[{"href":"https:\/\/myspainfood.com\/sl\/wp-json\/wp\/v2\/product\/37367","targetHints":{"allow":["GET"]}}],"collection":[{"href":"https:\/\/myspainfood.com\/sl\/wp-json\/wp\/v2\/product"}],"about":[{"href":"https:\/\/myspainfood.com\/sl\/wp-json\/wp\/v2\/types\/product"}],"wp:featuredmedia":[{"embeddable":true,"href":"https:\/\/myspainfood.com\/sl\/wp-json\/wp\/v2\/media\/37368"}],"wp:attachment":[{"href":"https:\/\/myspainfood.com\/sl\/wp-json\/wp\/v2\/media?parent=37367"}],"wp:term":[{"taxonomy":"product_brand","embeddable":true,"href":"https:\/\/myspainfood.com\/sl\/wp-json\/wp\/v2\/product_brand?post=37367"},{"taxonomy":"product_cat","embeddable":true,"href":"https:\/\/myspainfood.com\/sl\/wp-json\/wp\/v2\/product_cat?post=37367"},{"taxonomy":"product_tag","embeddable":true,"href":"https:\/\/myspainfood.com\/sl\/wp-json\/wp\/v2\/product_tag?post=37367"}],"curies":[{"name":"wp","href":"https:\/\/api.w.org\/{rel}","templated":true}]}}