{"id":37393,"date":"2025-04-10T12:08:46","date_gmt":"2025-04-10T10:08:46","guid":{"rendered":"https:\/\/myspainfood.com\/producto\/trojni-sardoni-55-kosov\/"},"modified":"2026-04-24T07:37:08","modified_gmt":"2026-04-24T05:37:08","slug":"trojni-sardoni-55-kosov","status":"publish","type":"product","link":"https:\/\/myspainfood.com\/sl\/producto\/trojni-sardoni-55-kosov\/","title":{"rendered":"Trojni sardoni 55 kosov"},"content":{"rendered":"<p>Olje (85 % son\u010dni\u010dno olje, 15 % olj\u010dno olje), oljke, polnjene z <strong>in\u010duni<\/strong>,<strong> in\u010duni<\/strong> v kisu in piparra.<\/p>\n","protected":false},"excerpt":{"rendered":"<p>Olje (85 % son\u010dni\u010dno olje, 15 % olj\u010dno olje), oljke, polnjene z in\u010duni, in\u010duni v kisu in piparra.<\/p>\n","protected":false},"featured_media":37394,"template":"","meta":{"_et_pb_use_builder":"","_et_pb_old_content":"","_et_gb_content_width":""},"product_brand":[],"product_cat":[1813,1720,1717,1817,1902,1815],"product_tag":[],"class_list":{"0":"post-37393","1":"product","2":"type-product","3":"status-publish","4":"has-post-thumbnail","6":"product_cat-hladno","7":"product_cat-oljke","8":"product_cat-pickles-sl","9":"product_cat-pintxos-sl","10":"product_cat-sardele-sl","11":"product_cat-sardele","12":"product_shipping_class-hladna-posiljka","14":"first","15":"instock","16":"taxable","17":"shipping-taxable","18":"purchasable","19":"product-type-simple"},"_links":{"self":[{"href":"https:\/\/myspainfood.com\/sl\/wp-json\/wp\/v2\/product\/37393","targetHints":{"allow":["GET"]}}],"collection":[{"href":"https:\/\/myspainfood.com\/sl\/wp-json\/wp\/v2\/product"}],"about":[{"href":"https:\/\/myspainfood.com\/sl\/wp-json\/wp\/v2\/types\/product"}],"wp:featuredmedia":[{"embeddable":true,"href":"https:\/\/myspainfood.com\/sl\/wp-json\/wp\/v2\/media\/37394"}],"wp:attachment":[{"href":"https:\/\/myspainfood.com\/sl\/wp-json\/wp\/v2\/media?parent=37393"}],"wp:term":[{"taxonomy":"product_brand","embeddable":true,"href":"https:\/\/myspainfood.com\/sl\/wp-json\/wp\/v2\/product_brand?post=37393"},{"taxonomy":"product_cat","embeddable":true,"href":"https:\/\/myspainfood.com\/sl\/wp-json\/wp\/v2\/product_cat?post=37393"},{"taxonomy":"product_tag","embeddable":true,"href":"https:\/\/myspainfood.com\/sl\/wp-json\/wp\/v2\/product_tag?post=37393"}],"curies":[{"name":"wp","href":"https:\/\/api.w.org\/{rel}","templated":true}]}}