{"id":37397,"date":"2025-04-10T12:08:54","date_gmt":"2025-04-10T10:08:54","guid":{"rendered":"https:\/\/myspainfood.com\/producto\/sanmer-black-pearl-olive-140-160-celih-5kg\/"},"modified":"2025-04-10T12:08:54","modified_gmt":"2025-04-10T10:08:54","slug":"sanmer-black-pearl-olive-140-160-celih-5kg","status":"publish","type":"product","link":"https:\/\/myspainfood.com\/sl\/producto\/sanmer-black-pearl-olive-140-160-celih-5kg\/","title":{"rendered":"Sanmer Black Pearl Olive 140\/160 celih 5kg"},"content":{"rendered":"<p>Intenzivna \u010drna barva z mo\u010dnim sijajem, so\u010dno meso in prijetna tekstura. Odli\u010dna priloga sve\u017eim solatam in picam, slastna z vsemi blagimi jedmi. <\/p>\n","protected":false},"excerpt":{"rendered":"<p>Intenzivna \u010drna barva z mo\u010dnim sijajem, so\u010dno meso in prijetna tekstura. Odli\u010dna priloga sve\u017eim solatam in picam, slastna z vsemi blagimi jedmi.<\/p>\n","protected":false},"featured_media":37398,"template":"","meta":{"_et_pb_use_builder":"","_et_pb_old_content":"","_et_gb_content_width":""},"product_brand":[1069,1303],"product_cat":[1720,1717],"product_tag":[8117,2055],"class_list":{"0":"post-37397","1":"product","2":"type-product","3":"status-publish","4":"has-post-thumbnail","6":"product_brand-sangar","7":"product_brand-sanmer","8":"product_cat-oljke","9":"product_cat-pickles-sl","10":"product_tag-crna-sl","11":"product_tag-kamilica-sl","13":"first","14":"outofstock","15":"taxable","16":"shipping-taxable","17":"purchasable","18":"product-type-simple"},"_links":{"self":[{"href":"https:\/\/myspainfood.com\/sl\/wp-json\/wp\/v2\/product\/37397","targetHints":{"allow":["GET"]}}],"collection":[{"href":"https:\/\/myspainfood.com\/sl\/wp-json\/wp\/v2\/product"}],"about":[{"href":"https:\/\/myspainfood.com\/sl\/wp-json\/wp\/v2\/types\/product"}],"wp:featuredmedia":[{"embeddable":true,"href":"https:\/\/myspainfood.com\/sl\/wp-json\/wp\/v2\/media\/37398"}],"wp:attachment":[{"href":"https:\/\/myspainfood.com\/sl\/wp-json\/wp\/v2\/media?parent=37397"}],"wp:term":[{"taxonomy":"product_brand","embeddable":true,"href":"https:\/\/myspainfood.com\/sl\/wp-json\/wp\/v2\/product_brand?post=37397"},{"taxonomy":"product_cat","embeddable":true,"href":"https:\/\/myspainfood.com\/sl\/wp-json\/wp\/v2\/product_cat?post=37397"},{"taxonomy":"product_tag","embeddable":true,"href":"https:\/\/myspainfood.com\/sl\/wp-json\/wp\/v2\/product_tag?post=37397"}],"curies":[{"name":"wp","href":"https:\/\/api.w.org\/{rel}","templated":true}]}}