{"id":37606,"date":"2025-04-10T12:10:09","date_gmt":"2025-04-10T10:10:09","guid":{"rendered":"https:\/\/myspainfood.com\/producto\/nabor-tradicionalnih-pastet-cazorla-gourmet\/"},"modified":"2025-04-10T12:10:09","modified_gmt":"2025-04-10T10:10:09","slug":"nabor-tradicionalnih-pastet-cazorla-gourmet","status":"publish","type":"product","link":"https:\/\/myspainfood.com\/sl\/producto\/nabor-tradicionalnih-pastet-cazorla-gourmet\/","title":{"rendered":"Nabor tradicionalnih pa\u0161tet Cazorla Gourmet"},"content":{"rendered":"<p>Ta \u0161katla vsebuje 6 na\u0161ih tradicionalnih pa\u0161tet Gourmet Cazorla.<\/p>\n<p> Popolno darilo za va\u0161e najdra\u017eje&#8230;<\/p>\n","protected":false},"excerpt":{"rendered":"<p>Ta \u0161katla vsebuje 6 na\u0161ih tradicionalnih pa\u0161tet Gourmet Cazorla. Popolno darilo za va\u0161e najdra\u017eje&#8230;<\/p>\n","protected":false},"featured_media":37607,"template":"","meta":{"_et_pb_use_builder":"","_et_pb_old_content":"","_et_gb_content_width":""},"product_brand":[],"product_cat":[1983,8159],"product_tag":[],"class_list":{"0":"post-37606","1":"product","2":"type-product","3":"status-publish","4":"has-post-thumbnail","6":"product_cat-ohranja","7":"product_cat-pasteta","9":"first","10":"instock","11":"taxable","12":"shipping-taxable","13":"purchasable","14":"product-type-simple"},"_links":{"self":[{"href":"https:\/\/myspainfood.com\/sl\/wp-json\/wp\/v2\/product\/37606","targetHints":{"allow":["GET"]}}],"collection":[{"href":"https:\/\/myspainfood.com\/sl\/wp-json\/wp\/v2\/product"}],"about":[{"href":"https:\/\/myspainfood.com\/sl\/wp-json\/wp\/v2\/types\/product"}],"wp:featuredmedia":[{"embeddable":true,"href":"https:\/\/myspainfood.com\/sl\/wp-json\/wp\/v2\/media\/37607"}],"wp:attachment":[{"href":"https:\/\/myspainfood.com\/sl\/wp-json\/wp\/v2\/media?parent=37606"}],"wp:term":[{"taxonomy":"product_brand","embeddable":true,"href":"https:\/\/myspainfood.com\/sl\/wp-json\/wp\/v2\/product_brand?post=37606"},{"taxonomy":"product_cat","embeddable":true,"href":"https:\/\/myspainfood.com\/sl\/wp-json\/wp\/v2\/product_cat?post=37606"},{"taxonomy":"product_tag","embeddable":true,"href":"https:\/\/myspainfood.com\/sl\/wp-json\/wp\/v2\/product_tag?post=37606"}],"curies":[{"name":"wp","href":"https:\/\/api.w.org\/{rel}","templated":true}]}}