{"id":37727,"date":"2025-04-10T12:10:39","date_gmt":"2025-04-10T10:10:39","guid":{"rendered":"https:\/\/myspainfood.com\/producto\/jajcevec-sesekljan-almagro-45-kg-surovega\/"},"modified":"2025-04-10T12:10:39","modified_gmt":"2025-04-10T10:10:39","slug":"jajcevec-sesekljan-almagro-45-kg-surovega","status":"publish","type":"product","link":"https:\/\/myspainfood.com\/sl\/producto\/jajcevec-sesekljan-almagro-45-kg-surovega\/","title":{"rendered":"Jaj\u010devec, sesekljan Almagro 4,5 kg surovega"},"content":{"rendered":"<p>Sesekljan jaj\u010devec Almagro je tradicionalni proizvod iz regije Campo de Calatrava v osr\u010dju La <a href=\"https:\/\/www.laencajera.es\/berenjenas-de-almagro\" target=\"_blank\" rel=\"noopener noreferrer nofollow\">Manche<\/a>.<\/p>\n<p>Proizvod z za\u0161\u010diteno geografsko ozna\u010dbo, ki je postal gastronomska referen\u010dna to\u010dka, bodisi kot aperitiv bodisi v toplih ali hladnih jedeh.<\/p>\n<p>Sestavine: Vklju\u010dujejo: jaj\u010devec &#8220;De Almagro&#8221;, vodo, sol, vinski kis, poper, koroma\u010d, naravne za\u010dimbe (\u010desen, kumina, paprika, olj\u010dno olje), oja\u010devalec okusa (E-621), kislina (E-330), konzervansi (E-270, E-211, E-202E-223), antioksidant (E-300) in naravne arome.<\/p>\n<p>Hranite v hladnem in suhem prostoru, med 3 in 10 \u00b0C.<\/p>\n<p>Za\u0161\u010ditite pred son\u010dno svetlobo in mo\u010dnimi vonjavami.<\/p>\n<p>Jaj\u010devec iz Almagra po odprtju embala\u017ee hranite v hladilniku in porabite v 30 dneh.<\/p>\n<p>\u010ce \u017eelite kupiti olive ali katero koli drugo vrsto <a href=\"https:\/\/latiendadesami.com\/categoria-producto\/encurtidos\/\" rel=\"noopener noreferrer nofollow\" target=\"_blank\">kislih kumaric<\/a>, si oglejte na\u0161 spletni katalog in si oglejte \u0161iroko paleto <a href=\"https:\/\/latiendadesami.com\/categoria-producto\/encurtidos\/berenjenas\/\" target=\"_blank\" rel=\"noopener noreferrer nofollow\">jaj\u010devcev<\/a>, ki jih imamo na voljo.<\/p>\n<p>Blagovna znamka je La Encajonera, dru\u017einsko podjetje, ustanovljeno leta 1990, s sede\u017eem v osr\u010dju La Manche, v mestu ALMAGRO v provinci Ciudad Real.<\/p>\n<p>Postopek proizvodnje njenih izdelkov se za\u010dne na istem obmo\u010dju gojenja, kjer se izbere izdelek najbolj\u0161e kakovosti.<\/p>\n<p>Tovarna je opremljena z najnaprednej\u0161o tehnologijo, hkrati pa ohranja tradicijo in znanje obrtnikov.<\/p>\n","protected":false},"excerpt":{"rendered":"<p>Sesekljan jaj\u010devec Almagro je tradicionalni proizvod iz regije Campo de Calatrava v osr\u010dju La Manche. Proizvod z za\u0161\u010diteno geografsko ozna\u010dbo, ki je postal gastronomska referen\u010dna to\u010dka, bodisi kot aperitiv bodisi v toplih ali hladnih jedeh. Sestavine: Vklju\u010dujejo: jaj\u010devec &#8220;De Almagro&#8221;, vodo, sol, vinski kis, poper, koroma\u010d, naravne za\u010dimbe (\u010desen, kumina, paprika, olj\u010dno olje), oja\u010devalec okusa [&hellip;]<\/p>\n","protected":false},"featured_media":37728,"template":"","meta":{"_et_pb_use_builder":"","_et_pb_old_content":"","_et_gb_content_width":""},"product_brand":[],"product_cat":[2138,1717],"product_tag":[2139],"class_list":{"0":"post-37727","1":"product","2":"type-product","3":"status-publish","4":"has-post-thumbnail","6":"product_cat-jajcevci","7":"product_cat-pickles-sl","8":"product_tag-alinada-sl","10":"first","11":"instock","12":"taxable","13":"shipping-taxable","14":"purchasable","15":"product-type-simple"},"_links":{"self":[{"href":"https:\/\/myspainfood.com\/sl\/wp-json\/wp\/v2\/product\/37727","targetHints":{"allow":["GET"]}}],"collection":[{"href":"https:\/\/myspainfood.com\/sl\/wp-json\/wp\/v2\/product"}],"about":[{"href":"https:\/\/myspainfood.com\/sl\/wp-json\/wp\/v2\/types\/product"}],"wp:featuredmedia":[{"embeddable":true,"href":"https:\/\/myspainfood.com\/sl\/wp-json\/wp\/v2\/media\/37728"}],"wp:attachment":[{"href":"https:\/\/myspainfood.com\/sl\/wp-json\/wp\/v2\/media?parent=37727"}],"wp:term":[{"taxonomy":"product_brand","embeddable":true,"href":"https:\/\/myspainfood.com\/sl\/wp-json\/wp\/v2\/product_brand?post=37727"},{"taxonomy":"product_cat","embeddable":true,"href":"https:\/\/myspainfood.com\/sl\/wp-json\/wp\/v2\/product_cat?post=37727"},{"taxonomy":"product_tag","embeddable":true,"href":"https:\/\/myspainfood.com\/sl\/wp-json\/wp\/v2\/product_tag?post=37727"}],"curies":[{"name":"wp","href":"https:\/\/api.w.org\/{rel}","templated":true}]}}