{"id":37770,"date":"2025-04-10T12:10:07","date_gmt":"2025-04-10T10:10:07","guid":{"rendered":"https:\/\/myspainfood.com\/producto\/razlicne-iberske-pastete-gourmet-cazorla\/"},"modified":"2025-04-10T12:10:07","modified_gmt":"2025-04-10T10:10:07","slug":"razlicne-iberske-pastete-gourmet-cazorla","status":"publish","type":"product","link":"https:\/\/myspainfood.com\/sl\/producto\/razlicne-iberske-pastete-gourmet-cazorla\/","title":{"rendered":"Razli\u010dne iberske pa\u0161tete Gourmet Cazorla"},"content":{"rendered":"<p>Ta \u0161katla vsebuje 6 na\u0161ih tradicionalnih pa\u0161tet Gourmet Cazorla.<\/p>\n<p> Popolno darilo za va\u0161e najdra\u017eje&#8230; za rojstni dan, za bo\u017ei\u010d, v zahvalo za trud ali samo zato, pa tudi za vas, ker si to zaslu\u017eite.<\/p>\n","protected":false},"excerpt":{"rendered":"<p>Ta \u0161katla vsebuje 6 na\u0161ih tradicionalnih pa\u0161tet Gourmet Cazorla. Popolno darilo za va\u0161e najdra\u017eje&#8230; za rojstni dan, za bo\u017ei\u010d, v zahvalo za trud ali samo zato, pa tudi za vas, ker si to zaslu\u017eite.<\/p>\n","protected":false},"featured_media":37772,"template":"","meta":{"_et_pb_use_builder":"","_et_pb_old_content":"","_et_gb_content_width":""},"product_brand":[],"product_cat":[1983,8159],"product_tag":[],"class_list":{"0":"post-37770","1":"product","2":"type-product","3":"status-publish","4":"has-post-thumbnail","6":"product_cat-ohranja","7":"product_cat-pasteta","9":"first","10":"instock","11":"taxable","12":"shipping-taxable","13":"purchasable","14":"product-type-simple"},"_links":{"self":[{"href":"https:\/\/myspainfood.com\/sl\/wp-json\/wp\/v2\/product\/37770","targetHints":{"allow":["GET"]}}],"collection":[{"href":"https:\/\/myspainfood.com\/sl\/wp-json\/wp\/v2\/product"}],"about":[{"href":"https:\/\/myspainfood.com\/sl\/wp-json\/wp\/v2\/types\/product"}],"wp:featuredmedia":[{"embeddable":true,"href":"https:\/\/myspainfood.com\/sl\/wp-json\/wp\/v2\/media\/37772"}],"wp:attachment":[{"href":"https:\/\/myspainfood.com\/sl\/wp-json\/wp\/v2\/media?parent=37770"}],"wp:term":[{"taxonomy":"product_brand","embeddable":true,"href":"https:\/\/myspainfood.com\/sl\/wp-json\/wp\/v2\/product_brand?post=37770"},{"taxonomy":"product_cat","embeddable":true,"href":"https:\/\/myspainfood.com\/sl\/wp-json\/wp\/v2\/product_cat?post=37770"},{"taxonomy":"product_tag","embeddable":true,"href":"https:\/\/myspainfood.com\/sl\/wp-json\/wp\/v2\/product_tag?post=37770"}],"curies":[{"name":"wp","href":"https:\/\/api.w.org\/{rel}","templated":true}]}}