{"id":38073,"date":"2025-04-10T12:14:40","date_gmt":"2025-04-10T10:14:40","guid":{"rendered":"https:\/\/myspainfood.com\/producto\/cile-escabeche-skoljke-10-15-kosov-marevento\/"},"modified":"2026-01-30T14:30:29","modified_gmt":"2026-01-30T13:30:29","slug":"cile-escabeche-skoljke-10-15-kosov-marevento","status":"publish","type":"product","link":"https:\/\/myspainfood.com\/sl\/producto\/cile-escabeche-skoljke-10-15-kosov-marevento\/","title":{"rendered":"\u010cile escabeche \u0161koljke 10-15 kosov Marevento"},"content":{"rendered":"<p>Kuhane in ocvrte v son\u010dni\u010dnem olju. Bisi se odstranijo ro\u010dno in pakirajo eden za drugim. Spremlja jih edinstvena marinada iz popolnoma naravnih sestavin. Sestavine: (son\u010dni\u010dno olje, rde\u010di vinski kis, voda, naravne arome, za\u010dimbe in sol).<\/p>\n","protected":false},"excerpt":{"rendered":"<p>Kuhane in ocvrte v son\u010dni\u010dnem olju. Bisi se odstranijo ro\u010dno in pakirajo eden za drugim. Spremlja jih edinstvena marinada iz popolnoma naravnih sestavin. Sestavine: (son\u010dni\u010dno olje, rde\u010di vinski kis, voda, naravne arome, za\u010dimbe in sol).<\/p>\n","protected":false},"featured_media":38074,"template":"","meta":{"_et_pb_use_builder":"","_et_pb_old_content":"","_et_gb_content_width":""},"product_brand":[1428],"product_cat":[1983,4056],"product_tag":[],"class_list":{"0":"post-38073","1":"product","2":"type-product","3":"status-publish","4":"has-post-thumbnail","6":"product_brand-portonovo","7":"product_cat-ohranja","8":"product_cat-skoljke-sl-3","10":"first","11":"instock","12":"taxable","13":"shipping-taxable","14":"purchasable","15":"product-type-variable"},"_links":{"self":[{"href":"https:\/\/myspainfood.com\/sl\/wp-json\/wp\/v2\/product\/38073","targetHints":{"allow":["GET"]}}],"collection":[{"href":"https:\/\/myspainfood.com\/sl\/wp-json\/wp\/v2\/product"}],"about":[{"href":"https:\/\/myspainfood.com\/sl\/wp-json\/wp\/v2\/types\/product"}],"wp:featuredmedia":[{"embeddable":true,"href":"https:\/\/myspainfood.com\/sl\/wp-json\/wp\/v2\/media\/38074"}],"wp:attachment":[{"href":"https:\/\/myspainfood.com\/sl\/wp-json\/wp\/v2\/media?parent=38073"}],"wp:term":[{"taxonomy":"product_brand","embeddable":true,"href":"https:\/\/myspainfood.com\/sl\/wp-json\/wp\/v2\/product_brand?post=38073"},{"taxonomy":"product_cat","embeddable":true,"href":"https:\/\/myspainfood.com\/sl\/wp-json\/wp\/v2\/product_cat?post=38073"},{"taxonomy":"product_tag","embeddable":true,"href":"https:\/\/myspainfood.com\/sl\/wp-json\/wp\/v2\/product_tag?post=38073"}],"curies":[{"name":"wp","href":"https:\/\/api.w.org\/{rel}","templated":true}]}}