{"id":38156,"date":"2025-04-10T12:14:40","date_gmt":"2025-04-10T10:14:40","guid":{"rendered":"https:\/\/myspainfood.com\/producto\/novozelandske-skoljke-v-marinirani-omaki-4-6-kosov-giant-portonovo-115-gr\/"},"modified":"2026-01-30T14:31:33","modified_gmt":"2026-01-30T13:31:33","slug":"novozelandske-skoljke-v-marinirani-omaki-4-6-kosov-giant-portonovo-115-gr","status":"publish","type":"product","link":"https:\/\/myspainfood.com\/sl\/producto\/novozelandske-skoljke-v-marinirani-omaki-4-6-kosov-giant-portonovo-115-gr\/","title":{"rendered":"Novozelandske \u0161koljke v marinirani omaki 4-6 kosov Giant Portonovo - 115 Gr"},"content":{"rendered":"<p>Odkrijte intenzivnost okusa in kakovost <strong>novozelandskih \u0161koljk v kisli omaki<\/strong> <strong>Gigante Portonovo<\/strong>. Ta vrhunski izdelek vsebuje od 4 do 6 izbranih kosov velikih \u0161koljk v 115-gramski embala\u017ei, ki je idealna za u\u017eivanje v tapasih, solatah ali kot gurmanska predjed. <\/p>\n<p>Te \u0161koljke, vzgojene v kristalno \u010distih vodah Nove Zelandije, se odlikujejo po mesnati strukturi in neprekosljivem okusu, ki ga izbolj\u0161a ne\u017ena marinada, ki poudari njihovo sve\u017eino in kakovost. Bogate so tudi z beljakovinami, omega-3 in esencialnimi minerali, zato so zdrava in okusna izbira za vsako prehrano. <\/p>\n<p>\u010ce \u017eelite ve\u010d morskih sade\u017eev, obi\u0161\u010dite na\u0161 <a href=\"https:\/\/latiendadesami.com\/categoria-producto\/conservas\/\" target=\"_new\" rel=\"noopener noreferrer nofollow\" target=\"_blank\">oddelek s konzervirano hrano<\/a> in odkrijte prednosti <strong>mariniranih novozelandskih klapavic<\/strong> v uravnote\u017eeni prehrani. Okusite kakovost in pristnost, ki ju lahko ponudi le Portonovo!<\/p>\n","protected":false},"excerpt":{"rendered":"<p>Odkrijte intenzivnost okusa in kakovost novozelandskih \u0161koljk v kisli omaki Gigante Portonovo. Ta vrhunski izdelek vsebuje od 4 do 6 izbranih kosov velikih \u0161koljk v 115-gramski embala\u017ei, ki je idealna za u\u017eivanje v tapasih, solatah ali kot gurmanska predjed. Te \u0161koljke, vzgojene v kristalno \u010distih vodah Nove Zelandije, se odlikujejo po mesnati strukturi in neprekosljivem [&hellip;]<\/p>\n","protected":false},"featured_media":38157,"template":"","meta":{"_et_pb_use_builder":"","_et_pb_old_content":"","_et_gb_content_width":""},"product_brand":[1428],"product_cat":[1983,4056],"product_tag":[],"class_list":{"0":"post-38156","1":"product","2":"type-product","3":"status-publish","4":"has-post-thumbnail","6":"product_brand-portonovo","7":"product_cat-ohranja","8":"product_cat-skoljke-sl-3","10":"first","11":"outofstock","12":"taxable","13":"shipping-taxable","14":"product-type-variable"},"_links":{"self":[{"href":"https:\/\/myspainfood.com\/sl\/wp-json\/wp\/v2\/product\/38156","targetHints":{"allow":["GET"]}}],"collection":[{"href":"https:\/\/myspainfood.com\/sl\/wp-json\/wp\/v2\/product"}],"about":[{"href":"https:\/\/myspainfood.com\/sl\/wp-json\/wp\/v2\/types\/product"}],"wp:featuredmedia":[{"embeddable":true,"href":"https:\/\/myspainfood.com\/sl\/wp-json\/wp\/v2\/media\/38157"}],"wp:attachment":[{"href":"https:\/\/myspainfood.com\/sl\/wp-json\/wp\/v2\/media?parent=38156"}],"wp:term":[{"taxonomy":"product_brand","embeddable":true,"href":"https:\/\/myspainfood.com\/sl\/wp-json\/wp\/v2\/product_brand?post=38156"},{"taxonomy":"product_cat","embeddable":true,"href":"https:\/\/myspainfood.com\/sl\/wp-json\/wp\/v2\/product_cat?post=38156"},{"taxonomy":"product_tag","embeddable":true,"href":"https:\/\/myspainfood.com\/sl\/wp-json\/wp\/v2\/product_tag?post=38156"}],"curies":[{"name":"wp","href":"https:\/\/api.w.org\/{rel}","templated":true}]}}