{"id":38533,"date":"2025-04-10T12:07:33","date_gmt":"2025-04-10T10:07:33","guid":{"rendered":"https:\/\/myspainfood.com\/producto\/skoljke-v-marinirani-omaki-13-18-harlekin-v-omaki-iz-pokrovac\/"},"modified":"2025-04-10T12:07:33","modified_gmt":"2025-04-10T10:07:33","slug":"skoljke-v-marinirani-omaki-13-18-harlekin-v-omaki-iz-pokrovac","status":"publish","type":"product","link":"https:\/\/myspainfood.com\/sl\/producto\/skoljke-v-marinirani-omaki-13-18-harlekin-v-omaki-iz-pokrovac\/","title":{"rendered":"\u0160koljke v marinirani omaki 13\/18 Harlekin v omaki iz pokrova\u010d"},"content":{"rendered":"<p><a href=\"https:\/\/conservasarlequin.com\/arlequin\/\" target=\"_blank\" rel=\"noopener noreferrer nofollow\">Harlequin<\/a> Mussel 13\/18 v omaki iz pokrova\u010d je obrtni\u0161ko konzerviran izdelek.<\/p>\n<p><strong>Neto te\u017ea \/ Escu:<\/strong> 112g\/69g<\/p>\n<p><strong>Rok trajanja<\/strong>: 5 let<\/p>\n<p><strong>Ohranjanje:<\/strong> Okolje<\/p>\n<p><strong>\u0160tevilo filejev\/\u0161tevilo kosov:<\/strong> 13\/18<\/p>\n<p>Poslanstvo dru\u017ebe Conservas <a href=\"https:\/\/latiendadesami.com\/marca\/arlequin\/\" target=\"_blank\" rel=\"noopener noreferrer nofollow\">Arlequ\u00edn<\/a> je ponuditi odli\u010den izdelek, najbolj\u0161o storitev in \u0161iroko paleto ribjih konzerv po najbolj\u0161i ceni.<\/p>\n<p>Specializirani so tudi za sardone, sardele, in\u010dune, bonito, rumenoplavutega tuna, \u0161koljke, 13\/18 harlekinske \u0161koljke v omaki iz pokrova\u010d, sku\u0161o, gulas in sardinele.<\/p>\n<p>Comidista v \u010dasopisu El Pa\u00eds je na primer o ventresci dejal: &#8220;Je tako ne\u017ena, skoraj kremna, da si jo \u017eeli\u0161 poro\u010diti in \u017eiveti sre\u010dno, dokler te Gospod ne vzame.&#8221;<\/p>\n<h4>Glavne prednosti hrane v plo\u010devinkah<\/h4>\n<ol>\n<li>Ohranijo vse hranilne lastnosti hrane. \u017divila ohranijo svojo sve\u017eino. <\/li>\n<li>Uporabljena \u017eivila so zdrava in zaradi visoke vsebnosti vitaminov in beljakovin primerna za optimalno prehrano.<\/li>\n<li>Ti izdelki imajo dalj\u0161o \u017eivljenjsko dobo (obi\u010dajno 2-5 let).<\/li>\n<li>Konzerve je zelo enostavno shranjevati, saj je njihova embala\u017ea enostavna za uporabo.<\/li>\n<\/ol>\n<p>\u010ce \u017eelite kupiti tunino ali katero koli drugo vrsto <a href=\"https:\/\/latiendadesami.com\/categoria-producto\/conservas\/\" rel=\"noopener noreferrer nofollow\" target=\"_blank\">konzervirane hrane<\/a>, si oglejte na\u0161 spletni katalog in si oglejte \u0161iroko ponudbo <a href=\"https:\/\/latiendadesami.com\/categoria-producto\/conservas\/atun-y-bonito\/\" target=\"_blank\" rel=\"noopener noreferrer nofollow\">tunine<\/a>.<\/p>\n<p>Za ve\u010d informacij nam pi\u0161ite.<\/p>\n","protected":false},"excerpt":{"rendered":"<p>Harlequin Mussel 13\/18 v omaki iz pokrova\u010d je obrtni\u0161ko konzerviran izdelek. Neto te\u017ea \/ Escu: 112g\/69g Rok trajanja: 5 let Ohranjanje: Okolje \u0160tevilo filejev\/\u0161tevilo kosov: 13\/18 Poslanstvo dru\u017ebe Conservas Arlequ\u00edn je ponuditi odli\u010den izdelek, najbolj\u0161o storitev in \u0161iroko paleto ribjih konzerv po najbolj\u0161i ceni. Specializirani so tudi za sardone, sardele, in\u010dune, bonito, rumenoplavutega tuna, \u0161koljke, [&hellip;]<\/p>\n","protected":false},"featured_media":38534,"template":"","meta":{"_et_pb_use_builder":"","_et_pb_old_content":"","_et_gb_content_width":""},"product_brand":[1162],"product_cat":[1983,4056],"product_tag":[],"class_list":{"0":"post-38533","1":"product","2":"type-product","3":"status-publish","4":"has-post-thumbnail","6":"product_brand-arlequin","7":"product_cat-ohranja","8":"product_cat-skoljke-sl-3","10":"first","11":"outofstock","12":"sale","13":"taxable","14":"shipping-taxable","15":"purchasable","16":"product-type-simple"},"_links":{"self":[{"href":"https:\/\/myspainfood.com\/sl\/wp-json\/wp\/v2\/product\/38533","targetHints":{"allow":["GET"]}}],"collection":[{"href":"https:\/\/myspainfood.com\/sl\/wp-json\/wp\/v2\/product"}],"about":[{"href":"https:\/\/myspainfood.com\/sl\/wp-json\/wp\/v2\/types\/product"}],"wp:featuredmedia":[{"embeddable":true,"href":"https:\/\/myspainfood.com\/sl\/wp-json\/wp\/v2\/media\/38534"}],"wp:attachment":[{"href":"https:\/\/myspainfood.com\/sl\/wp-json\/wp\/v2\/media?parent=38533"}],"wp:term":[{"taxonomy":"product_brand","embeddable":true,"href":"https:\/\/myspainfood.com\/sl\/wp-json\/wp\/v2\/product_brand?post=38533"},{"taxonomy":"product_cat","embeddable":true,"href":"https:\/\/myspainfood.com\/sl\/wp-json\/wp\/v2\/product_cat?post=38533"},{"taxonomy":"product_tag","embeddable":true,"href":"https:\/\/myspainfood.com\/sl\/wp-json\/wp\/v2\/product_tag?post=38533"}],"curies":[{"name":"wp","href":"https:\/\/api.w.org\/{rel}","templated":true}]}}