{"id":38613,"date":"2025-04-10T12:09:10","date_gmt":"2025-04-10T10:09:10","guid":{"rendered":"https:\/\/myspainfood.com\/producto\/kozji-in-kravji-sir-ribera-del-duero-vino-el-gran-cardenal\/"},"modified":"2025-06-24T16:14:05","modified_gmt":"2025-06-24T14:14:05","slug":"kozji-in-kravji-sir-ribera-del-duero-vino-el-gran-cardenal","status":"publish","type":"product","link":"https:\/\/myspainfood.com\/sl\/producto\/kozji-in-kravji-sir-ribera-del-duero-vino-el-gran-cardenal\/","title":{"rendered":"Kozji in kravji sir Ribera del Duero Vino El Gran Cardenal"},"content":{"rendered":"<div class=\"et_pb_blurb_container\">\n<div class=\"et_pb_blurb_container\">\n<h4 class=\"et_pb_module_header\">Koza z vinom Ribera de Duero<\/h4>\n<div class=\"et_pb_blurb_description\">Kremni sir iz kozjega in kravjega mleka, ki ga spremlja eno od odli\u010dnih \u0161panskih vin, vino Ribera del Duero (poimenovanje, ki vklju\u010duje vinograde v Kastilji in Le\u00f3nu).<\/p>\n<p>Barva vina je vidna znotraj sira, saj se doda med proizvodnjo.<\/p><\/div>\n<\/div>\n<\/div>\n","protected":false},"excerpt":{"rendered":"<p>Koza z vinom Ribera de Duero Kremni sir iz kozjega in kravjega mleka, ki ga spremlja eno od odli\u010dnih \u0161panskih vin, vino Ribera del Duero (poimenovanje, ki vklju\u010duje vinograde v Kastilji in Le\u00f3nu). Barva vina je vidna znotraj sira, saj se doda med proizvodnjo.<\/p>\n","protected":false},"featured_media":38619,"template":"","meta":{"_et_pb_use_builder":"","_et_pb_old_content":"","_et_gb_content_width":""},"product_brand":[1319],"product_cat":[1813,2258,2730],"product_tag":[],"class_list":{"0":"post-38613","1":"product","2":"type-product","3":"status-publish","4":"has-post-thumbnail","6":"product_brand-el-gran-cardenal","7":"product_cat-hladno","8":"product_cat-sir-in-klobasa","9":"product_cat-zdravljenje","10":"product_shipping_class-hladna-posiljka","12":"first","13":"instock","14":"taxable","15":"shipping-taxable","16":"purchasable","17":"product-type-variable"},"_links":{"self":[{"href":"https:\/\/myspainfood.com\/sl\/wp-json\/wp\/v2\/product\/38613","targetHints":{"allow":["GET"]}}],"collection":[{"href":"https:\/\/myspainfood.com\/sl\/wp-json\/wp\/v2\/product"}],"about":[{"href":"https:\/\/myspainfood.com\/sl\/wp-json\/wp\/v2\/types\/product"}],"wp:featuredmedia":[{"embeddable":true,"href":"https:\/\/myspainfood.com\/sl\/wp-json\/wp\/v2\/media\/38619"}],"wp:attachment":[{"href":"https:\/\/myspainfood.com\/sl\/wp-json\/wp\/v2\/media?parent=38613"}],"wp:term":[{"taxonomy":"product_brand","embeddable":true,"href":"https:\/\/myspainfood.com\/sl\/wp-json\/wp\/v2\/product_brand?post=38613"},{"taxonomy":"product_cat","embeddable":true,"href":"https:\/\/myspainfood.com\/sl\/wp-json\/wp\/v2\/product_cat?post=38613"},{"taxonomy":"product_tag","embeddable":true,"href":"https:\/\/myspainfood.com\/sl\/wp-json\/wp\/v2\/product_tag?post=38613"}],"curies":[{"name":"wp","href":"https:\/\/api.w.org\/{rel}","templated":true}]}}