{"id":38691,"date":"2025-04-10T12:09:16","date_gmt":"2025-04-10T10:09:16","guid":{"rendered":"https:\/\/myspainfood.com\/producto\/sardoni-kantabrijskega-morja-platinaste-serije-v-oljcnem-olju\/"},"modified":"2025-06-24T13:38:49","modified_gmt":"2025-06-24T11:38:49","slug":"sardoni-kantabrijskega-morja-platinaste-serije-v-oljcnem-olju","status":"publish","type":"product","link":"https:\/\/myspainfood.com\/sl\/producto\/sardoni-kantabrijskega-morja-platinaste-serije-v-oljcnem-olju\/","title":{"rendered":"Sardoni Kantabrijskega morja platinaste serije v olj\u010dnem olju"},"content":{"rendered":"<p><a href=\"https:\/\/conservasarlequin.com\/serie-oro\/\" target=\"_blank\" rel=\"noopener noreferrer nofollow\">Arlequin<\/a> Platinum Series Anchovy v olj\u010dnem olju je obrtni\u0161ko konzerviran izdelek.<\/p>\n<p><strong>E. A. N.:<\/strong> 8421993910985<\/p>\n<p><strong>Koda:<\/strong> 10010044<\/p>\n<p><strong>Neto te\u017ea: <\/strong>110 g \/ 70 g<\/p>\n<p><strong>\u0160tevilo filetov\/\u0161tevilo kosov:<\/strong> 12<\/p>\n<p>Poslanstvo dru\u017ebe Conservas <a href=\"https:\/\/latiendadesami.com\/marca\/arlequin\/\" target=\"_blank\" rel=\"noopener noreferrer nofollow\">Arlequ\u00edn<\/a> je ponuditi odli\u010den izdelek, najbolj\u0161o storitev in \u0161iroko paleto ribjih konzerv po najbolj\u0161i ceni.<\/p>\n<p>Specializirani so tudi za sardele, Anchoa Arlequin Serie Oro 00, Serie Platinum v olj\u010dnem olju, sardone, bonito, rumenoplavutega tuna, \u0161koljke, sku\u0161o in sardine.<\/p>\n<p>Comidista v \u010dasopisu El Pa\u00eds je na primer o ventresci dejal: &#8220;Je tako ne\u017ena, skoraj kremna, da si jo \u017eeli\u0161 poro\u010diti in \u017eiveti sre\u010dno, dokler te Gospod ne vzame.&#8221;<\/p>\n<h4>Glavne prednosti hrane v plo\u010devinkah<\/h4>\n<ol>\n<li>Ohranijo vse hranilne lastnosti hrane. \u017divila ohranijo svojo sve\u017eino. <\/li>\n<li>Uporabljena \u017eivila so zdrava in zaradi visoke vsebnosti vitaminov in beljakovin primerna za optimalno prehrano.<\/li>\n<li>Ti izdelki imajo dalj\u0161o \u017eivljenjsko dobo (obi\u010dajno 2-5 let).<\/li>\n<li>Konzerve je zelo enostavno shranjevati, saj je njihova embala\u017ea enostavna za uporabo.<\/li>\n<\/ol>\n<p>\u010ce \u017eelite kupiti tunino ali katero koli drugo vrsto <a href=\"https:\/\/latiendadesami.com\/categoria-producto\/conservas\/\" rel=\"noopener noreferrer nofollow\" target=\"_blank\">konzervirane hrane<\/a>, si oglejte na\u0161 spletni katalog in si oglejte \u0161iroko ponudbo <a href=\"https:\/\/latiendadesami.com\/categoria-producto\/conservas\/atun-y-bonito\/\" target=\"_blank\" rel=\"noopener noreferrer nofollow\">tunine<\/a>.<\/p>\n<p>Za ve\u010d informacij nam pi\u0161ite.<\/p>\n","protected":false},"excerpt":{"rendered":"<p>Arlequin Platinum Series Anchovy v olj\u010dnem olju je obrtni\u0161ko konzerviran izdelek. E. A. N.: 8421993910985 Koda: 10010044 Neto te\u017ea: 110 g \/ 70 g \u0160tevilo filetov\/\u0161tevilo kosov: 12 Poslanstvo dru\u017ebe Conservas Arlequ\u00edn je ponuditi odli\u010den izdelek, najbolj\u0161o storitev in \u0161iroko paleto ribjih konzerv po najbolj\u0161i ceni. Specializirani so tudi za sardele, Anchoa Arlequin Serie Oro [&hellip;]<\/p>\n","protected":false},"featured_media":38692,"template":"","meta":{"_et_pb_use_builder":"","_et_pb_old_content":"","_et_gb_content_width":""},"product_brand":[1162],"product_cat":[1813,5170],"product_tag":[8217],"class_list":{"0":"post-38691","1":"product","2":"type-product","3":"status-publish","4":"has-post-thumbnail","6":"product_brand-arlequin","7":"product_cat-hladno","8":"product_cat-sardele-sl-3","9":"product_tag-serija-platinum","10":"product_shipping_class-hladna-posiljka","12":"first","13":"outofstock","14":"sale","15":"taxable","16":"shipping-taxable","17":"purchasable","18":"product-type-simple"},"_links":{"self":[{"href":"https:\/\/myspainfood.com\/sl\/wp-json\/wp\/v2\/product\/38691","targetHints":{"allow":["GET"]}}],"collection":[{"href":"https:\/\/myspainfood.com\/sl\/wp-json\/wp\/v2\/product"}],"about":[{"href":"https:\/\/myspainfood.com\/sl\/wp-json\/wp\/v2\/types\/product"}],"wp:featuredmedia":[{"embeddable":true,"href":"https:\/\/myspainfood.com\/sl\/wp-json\/wp\/v2\/media\/38692"}],"wp:attachment":[{"href":"https:\/\/myspainfood.com\/sl\/wp-json\/wp\/v2\/media?parent=38691"}],"wp:term":[{"taxonomy":"product_brand","embeddable":true,"href":"https:\/\/myspainfood.com\/sl\/wp-json\/wp\/v2\/product_brand?post=38691"},{"taxonomy":"product_cat","embeddable":true,"href":"https:\/\/myspainfood.com\/sl\/wp-json\/wp\/v2\/product_cat?post=38691"},{"taxonomy":"product_tag","embeddable":true,"href":"https:\/\/myspainfood.com\/sl\/wp-json\/wp\/v2\/product_tag?post=38691"}],"curies":[{"name":"wp","href":"https:\/\/api.w.org\/{rel}","templated":true}]}}