{"id":38982,"date":"2025-04-10T12:09:43","date_gmt":"2025-04-10T10:09:43","guid":{"rendered":"https:\/\/myspainfood.com\/producto\/el-gran-cardenal-polpredelan-sir-san-isidro\/"},"modified":"2025-07-28T12:56:53","modified_gmt":"2025-07-28T10:56:53","slug":"el-gran-cardenal-polpredelan-sir-san-isidro","status":"publish","type":"product","link":"https:\/\/myspainfood.com\/sl\/producto\/el-gran-cardenal-polpredelan-sir-san-isidro\/","title":{"rendered":"El Gran Cardenal polpredelan sir San Isidro"},"content":{"rendered":"<p>Najmehkej\u0161i med siri zaradi ve\u010dje vsebnosti kravjega mleka in najmanj 10 % ov\u010djega mleka.<\/p>\n<p>Glede na zorenje ga lahko najdemo v dveh vrstah: polzorjenem (od 2 do 4 mesecev zorenja) in zorjenem (od 4 do 6 mesecev zorenja).<\/p>\n","protected":false},"excerpt":{"rendered":"<p>Najmehkej\u0161i med siri zaradi ve\u010dje vsebnosti kravjega mleka in najmanj 10 % ov\u010djega mleka. Glede na zorenje ga lahko najdemo v dveh vrstah: polzorjenem (od 2 do 4 mesecev zorenja) in zorjenem (od 4 do 6 mesecev zorenja).<\/p>\n","protected":false},"featured_media":38988,"template":"","meta":{"_et_pb_use_builder":"","_et_pb_old_content":"","_et_gb_content_width":""},"product_brand":[1319],"product_cat":[1813,2258,2730],"product_tag":[],"class_list":{"0":"post-38982","1":"product","2":"type-product","3":"status-publish","4":"has-post-thumbnail","6":"product_brand-el-gran-cardenal","7":"product_cat-hladno","8":"product_cat-sir-in-klobasa","9":"product_cat-zdravljenje","10":"product_shipping_class-hladna-posiljka","12":"first","13":"outofstock","14":"taxable","15":"shipping-taxable","16":"product-type-variable"},"_links":{"self":[{"href":"https:\/\/myspainfood.com\/sl\/wp-json\/wp\/v2\/product\/38982","targetHints":{"allow":["GET"]}}],"collection":[{"href":"https:\/\/myspainfood.com\/sl\/wp-json\/wp\/v2\/product"}],"about":[{"href":"https:\/\/myspainfood.com\/sl\/wp-json\/wp\/v2\/types\/product"}],"wp:featuredmedia":[{"embeddable":true,"href":"https:\/\/myspainfood.com\/sl\/wp-json\/wp\/v2\/media\/38988"}],"wp:attachment":[{"href":"https:\/\/myspainfood.com\/sl\/wp-json\/wp\/v2\/media?parent=38982"}],"wp:term":[{"taxonomy":"product_brand","embeddable":true,"href":"https:\/\/myspainfood.com\/sl\/wp-json\/wp\/v2\/product_brand?post=38982"},{"taxonomy":"product_cat","embeddable":true,"href":"https:\/\/myspainfood.com\/sl\/wp-json\/wp\/v2\/product_cat?post=38982"},{"taxonomy":"product_tag","embeddable":true,"href":"https:\/\/myspainfood.com\/sl\/wp-json\/wp\/v2\/product_tag?post=38982"}],"curies":[{"name":"wp","href":"https:\/\/api.w.org\/{rel}","templated":true}]}}