{"id":39052,"date":"2025-04-10T12:09:47","date_gmt":"2025-04-10T10:09:47","guid":{"rendered":"https:\/\/myspainfood.com\/producto\/sparglji-4-6-oti\/"},"modified":"2025-04-10T12:09:47","modified_gmt":"2025-04-10T10:09:47","slug":"sparglji-4-6-oti","status":"publish","type":"product","link":"https:\/\/myspainfood.com\/sl\/producto\/sparglji-4-6-oti\/","title":{"rendered":"\u0160parglji 4\/6 OTI"},"content":{"rendered":"<p>\u0160parglji 4\/6 OTI je naravni izdelek, narejen na <a href=\"http:\/\/www.conservasoti.es\/paginas\/historia.html\" target=\"_blank\" rel=\"noopener noreferrer nofollow\">tradicionalen na\u010din<\/a>.<\/p>\n<p>Kot ve\u010dina zelenjave so tudi \u0161parglji bogati z vlakninami in imajo malo kalorij, le 23 Kcal na 100 g, zaradi nizke vsebnosti ogljikovih hidratov in dejstva, da prakti\u010dno ne vsebujejo ma\u0161\u010dob.<\/p>\n<p>Conservas Oti je podjetje z dru\u017einsko tradicijo, katerega dobro delo se prena\u0161a iz roda v rod.<\/p>\n<p>Dru\u017eina je s trdim delom in prizadevanji v veliki meri omogo\u010dila rast in \u0161iritev <span class=\"negrita\">podjetja Conservas Oti<\/span>.<\/p>\n<p>Glavna poslovna podro\u010dja so Iz morja, Iz kopnega in Iz kmetije.<\/p>\n<p>Iz morja: \u0161koljke, Ventresca, Sardinillas, Melva&#8230; Bonito del norte Costera OTI 415 g <\/p>\n<p>Med lokalnimi proizvodi so: mle\u010dna \u010di\u010derika, beli fi\u017eol, fi\u017eol pinto, le\u010da pardina&#8230;<\/p>\n<p>S kmetije: sir PUro de Oveja, iberski pr\u0161ut iz \u017eeloda, salchich\u00f3n iz \u017eeloda, iberski \u010dorizo iz \u017eeloda&#8230;<\/p>\n<h4>Glavne prednosti hrane v plo\u010devinkah<\/h4>\n<ol>\n<li>Ohranijo vse hranilne lastnosti hrane. \u017divila ohranijo svojo sve\u017eino. <\/li>\n<li>Uporabljena \u017eivila so zdrava in zaradi visoke vsebnosti vitaminov in beljakovin primerna za optimalno prehrano.<\/li>\n<li>Ti izdelki imajo dalj\u0161o \u017eivljenjsko dobo (obi\u010dajno 2-5 let).<\/li>\n<li>Konzerve je zelo enostavno shranjevati, saj je njihova embala\u017ea enostavna za uporabo.<\/li>\n<\/ol>\n<p>\u010ce \u017eelite kupiti tunino ali katero koli drugo vrsto <a href=\"https:\/\/latiendadesami.com\/categoria-producto\/conservas\/\" rel=\"noopener noreferrer nofollow\" target=\"_blank\">konzervirane hrane<\/a>, si oglejte na\u0161 spletni katalog in si oglejte \u0161iroko ponudbo <a href=\"https:\/\/latiendadesami.com\/categoria-producto\/conservas\/atun-y-bonito\/\" target=\"_blank\" rel=\"noopener noreferrer nofollow\">tunine<\/a>.<\/p>\n<p>Za ve\u010d informacij nam pi\u0161ite.<\/p>\n","protected":false},"excerpt":{"rendered":"<p>\u0160parglji 4\/6 OTI je naravni izdelek, narejen na tradicionalen na\u010din. Kot ve\u010dina zelenjave so tudi \u0161parglji bogati z vlakninami in imajo malo kalorij, le 23 Kcal na 100 g, zaradi nizke vsebnosti ogljikovih hidratov in dejstva, da prakti\u010dno ne vsebujejo ma\u0161\u010dob. Conservas Oti je podjetje z dru\u017einsko tradicijo, katerega dobro delo se prena\u0161a iz roda [&hellip;]<\/p>\n","protected":false},"featured_media":39062,"template":"","meta":{"_et_pb_use_builder":"","_et_pb_old_content":"","_et_gb_content_width":""},"product_brand":[1075],"product_cat":[2854,2852],"product_tag":[],"class_list":{"0":"post-39052","1":"product","2":"type-product","3":"status-publish","4":"has-post-thumbnail","6":"product_brand-oti","7":"product_cat-ohranja-sl","8":"product_cat-trgovina-na-debelo","10":"first","11":"outofstock","12":"taxable","13":"shipping-taxable","14":"product-type-variable"},"_links":{"self":[{"href":"https:\/\/myspainfood.com\/sl\/wp-json\/wp\/v2\/product\/39052","targetHints":{"allow":["GET"]}}],"collection":[{"href":"https:\/\/myspainfood.com\/sl\/wp-json\/wp\/v2\/product"}],"about":[{"href":"https:\/\/myspainfood.com\/sl\/wp-json\/wp\/v2\/types\/product"}],"wp:featuredmedia":[{"embeddable":true,"href":"https:\/\/myspainfood.com\/sl\/wp-json\/wp\/v2\/media\/39062"}],"wp:attachment":[{"href":"https:\/\/myspainfood.com\/sl\/wp-json\/wp\/v2\/media?parent=39052"}],"wp:term":[{"taxonomy":"product_brand","embeddable":true,"href":"https:\/\/myspainfood.com\/sl\/wp-json\/wp\/v2\/product_brand?post=39052"},{"taxonomy":"product_cat","embeddable":true,"href":"https:\/\/myspainfood.com\/sl\/wp-json\/wp\/v2\/product_cat?post=39052"},{"taxonomy":"product_tag","embeddable":true,"href":"https:\/\/myspainfood.com\/sl\/wp-json\/wp\/v2\/product_tag?post=39052"}],"curies":[{"name":"wp","href":"https:\/\/api.w.org\/{rel}","templated":true}]}}