{"id":39162,"date":"2025-04-10T12:09:22","date_gmt":"2025-04-10T10:09:22","guid":{"rendered":"https:\/\/myspainfood.com\/producto\/oti-marinirane-skoljke-40-60-kosov-iz-galicije\/"},"modified":"2025-04-10T12:09:22","modified_gmt":"2025-04-10T10:09:22","slug":"oti-marinirane-skoljke-40-60-kosov-iz-galicije","status":"publish","type":"product","link":"https:\/\/myspainfood.com\/sl\/producto\/oti-marinirane-skoljke-40-60-kosov-iz-galicije\/","title":{"rendered":"Oti marinirane \u0161koljke 40\/60 kosov iz Galicije"},"content":{"rendered":"<p>Najkakovostnej\u0161i in najve\u010dji primerki se v najbolj\u0161em trenutku pridobivajo iz najbolj\u0161ih posod. So odli\u010dnega videza, enakomerne barve, brez brade in zelo okusni, rezultat skrbnega izbora in predelave. Za pripravo okusne marinirane omake, ki je idealen dodatek k temu mehku\u017ecu, se uporabljajo sestavine najvi\u0161je kakovosti.  <\/p>\n","protected":false},"excerpt":{"rendered":"<p>Najkakovostnej\u0161i in najve\u010dji primerki se v najbolj\u0161em trenutku pridobivajo iz najbolj\u0161ih posod. So odli\u010dnega videza, enakomerne barve, brez brade in zelo okusni, rezultat skrbnega izbora in predelave. Za pripravo okusne marinirane omake, ki je idealen dodatek k temu mehku\u017ecu, se uporabljajo sestavine najvi\u0161je kakovosti.<\/p>\n","protected":false},"featured_media":24296,"template":"","meta":{"_et_pb_use_builder":"","_et_pb_old_content":"","_et_gb_content_width":""},"product_brand":[1075],"product_cat":[1983,4056,2852],"product_tag":[],"class_list":{"0":"post-39162","1":"product","2":"type-product","3":"status-publish","4":"has-post-thumbnail","6":"product_brand-oti","7":"product_cat-ohranja","8":"product_cat-skoljke-sl-3","9":"product_cat-trgovina-na-debelo","11":"first","12":"outofstock","13":"taxable","14":"shipping-taxable","15":"purchasable","16":"product-type-simple"},"_links":{"self":[{"href":"https:\/\/myspainfood.com\/sl\/wp-json\/wp\/v2\/product\/39162","targetHints":{"allow":["GET"]}}],"collection":[{"href":"https:\/\/myspainfood.com\/sl\/wp-json\/wp\/v2\/product"}],"about":[{"href":"https:\/\/myspainfood.com\/sl\/wp-json\/wp\/v2\/types\/product"}],"wp:featuredmedia":[{"embeddable":true,"href":"https:\/\/myspainfood.com\/sl\/wp-json\/wp\/v2\/media\/24296"}],"wp:attachment":[{"href":"https:\/\/myspainfood.com\/sl\/wp-json\/wp\/v2\/media?parent=39162"}],"wp:term":[{"taxonomy":"product_brand","embeddable":true,"href":"https:\/\/myspainfood.com\/sl\/wp-json\/wp\/v2\/product_brand?post=39162"},{"taxonomy":"product_cat","embeddable":true,"href":"https:\/\/myspainfood.com\/sl\/wp-json\/wp\/v2\/product_cat?post=39162"},{"taxonomy":"product_tag","embeddable":true,"href":"https:\/\/myspainfood.com\/sl\/wp-json\/wp\/v2\/product_tag?post=39162"}],"curies":[{"name":"wp","href":"https:\/\/api.w.org\/{rel}","templated":true}]}}