{"id":39163,"date":"2025-04-10T12:09:23","date_gmt":"2025-04-10T10:09:23","guid":{"rendered":"https:\/\/myspainfood.com\/producto\/mini-sirove-zvezdice-130-kosov\/"},"modified":"2025-06-24T13:41:34","modified_gmt":"2025-06-24T11:41:34","slug":"mini-sirove-zvezdice-130-kosov","status":"publish","type":"product","link":"https:\/\/myspainfood.com\/sl\/producto\/mini-sirove-zvezdice-130-kosov\/","title":{"rendered":"Mini sirove zvezdice 130 kosov"},"content":{"rendered":"<p>Olje (85 % son\u010dni\u010dno, 15 % olj\u010dno), oljke, polnjene s sardoni, file sardona, polsuhi sir in rde\u010da paprika.<\/p>\n","protected":false},"excerpt":{"rendered":"<p>Olje (85 % son\u010dni\u010dno, 15 % olj\u010dno), oljke, polnjene s sardoni, file sardona, polsuhi sir in rde\u010da paprika.<\/p>\n","protected":false},"featured_media":39165,"template":"","meta":{"_et_pb_use_builder":"","_et_pb_old_content":"","_et_gb_content_width":""},"product_brand":[1277],"product_cat":[1813,1720,1717,1817,1815,2258],"product_tag":[],"class_list":{"0":"post-39163","1":"product","2":"type-product","3":"status-publish","4":"has-post-thumbnail","6":"product_brand-bokeo","7":"product_cat-hladno","8":"product_cat-oljke","9":"product_cat-pickles-sl","10":"product_cat-pintxos-sl","11":"product_cat-sardele","12":"product_cat-sir-in-klobasa","13":"product_shipping_class-hladna-posiljka","15":"first","16":"outofstock","17":"taxable","18":"shipping-taxable","19":"purchasable","20":"product-type-simple"},"_links":{"self":[{"href":"https:\/\/myspainfood.com\/sl\/wp-json\/wp\/v2\/product\/39163","targetHints":{"allow":["GET"]}}],"collection":[{"href":"https:\/\/myspainfood.com\/sl\/wp-json\/wp\/v2\/product"}],"about":[{"href":"https:\/\/myspainfood.com\/sl\/wp-json\/wp\/v2\/types\/product"}],"wp:featuredmedia":[{"embeddable":true,"href":"https:\/\/myspainfood.com\/sl\/wp-json\/wp\/v2\/media\/39165"}],"wp:attachment":[{"href":"https:\/\/myspainfood.com\/sl\/wp-json\/wp\/v2\/media?parent=39163"}],"wp:term":[{"taxonomy":"product_brand","embeddable":true,"href":"https:\/\/myspainfood.com\/sl\/wp-json\/wp\/v2\/product_brand?post=39163"},{"taxonomy":"product_cat","embeddable":true,"href":"https:\/\/myspainfood.com\/sl\/wp-json\/wp\/v2\/product_cat?post=39163"},{"taxonomy":"product_tag","embeddable":true,"href":"https:\/\/myspainfood.com\/sl\/wp-json\/wp\/v2\/product_tag?post=39163"}],"curies":[{"name":"wp","href":"https:\/\/api.w.org\/{rel}","templated":true}]}}