{"id":39179,"date":"2025-04-10T12:09:21","date_gmt":"2025-04-10T10:09:21","guid":{"rendered":"https:\/\/myspainfood.com\/producto\/240-kosov-oti-marinirane-skoljke-7-10-kosov\/"},"modified":"2025-04-10T12:09:21","modified_gmt":"2025-04-10T10:09:21","slug":"240-kosov-oti-marinirane-skoljke-7-10-kosov","status":"publish","type":"product","link":"https:\/\/myspainfood.com\/sl\/producto\/240-kosov-oti-marinirane-skoljke-7-10-kosov\/","title":{"rendered":"240 kosov. Oti marinirane \u0161koljke 7\/10 kosov"},"content":{"rendered":"<p>10 \u0161katel po 24 enot - 240 enot po 5,98 evra<\/p>\n<p>Oti \u0161koljke 7\/10 kosov so naravni izdelek, izdelan na <a href=\"http:\/\/www.conservasoti.es\/paginas\/historia.html\" target=\"_blank\" rel=\"noopener noreferrer nofollow\">tradicionalen<\/a> na\u010din.<\/p>\n<p>Conservas Oti je podjetje z dru\u017einsko tradicijo, katerega dobro delo se prena\u0161a iz roda v rod.<\/p>\n<p>Dru\u017eina je s trdim delom in prizadevanji v veliki meri omogo\u010dila rast in \u0161iritev <span class=\"negrita\">podjetja Conservas Oti<\/span>.<\/p>\n<p>Glavna poslovna podro\u010dja so Iz morja, Iz kopnega in Iz kmetije.<\/p>\n<p>Iz morja: \u0161koljke, Ventresca, Sardinillas, Melva&#8230; Oti \u0161koljka 7\/10 kosov <\/p>\n<p>Med lokalnimi proizvodi so: mle\u010dna \u010di\u010derika, beli fi\u017eol, fi\u017eol pinto, le\u010da pardina&#8230;<\/p>\n<p>S kmetije: \u010disti ov\u010dji sir, iberski pr\u0161ut iz \u017eelodovine, iberski sal\u010di\u010don iz \u017eelodovine, iberski \u010dorizo iz \u017eelodovine,&#8230;<\/p>\n<h4>Glavne prednosti hrane v plo\u010devinkah<\/h4>\n<ol>\n<li>Ohranijo vse hranilne lastnosti hrane. \u017divila ohranijo svojo sve\u017eino. <\/li>\n<li>Uporabljena \u017eivila so zdrava in zaradi visoke vsebnosti vitaminov in beljakovin primerna za optimalno prehrano.<\/li>\n<li>Ti izdelki imajo dalj\u0161o \u017eivljenjsko dobo (obi\u010dajno 2-5 let).<\/li>\n<li>Konzerve je zelo enostavno shranjevati, saj je njihova embala\u017ea enostavna za uporabo.<\/li>\n<\/ol>\n<p>\u010ce \u017eelite kupiti tunino ali katero koli drugo vrsto <a href=\"https:\/\/latiendadesami.com\/categoria-producto\/conservas\/\" rel=\"noopener noreferrer nofollow\" target=\"_blank\">konzervirane hrane<\/a>, si oglejte na\u0161 spletni katalog in si oglejte \u0161iroko ponudbo <a href=\"https:\/\/latiendadesami.com\/categoria-producto\/conservas\/atun-y-bonito\/\" target=\"_blank\" rel=\"noopener noreferrer nofollow\">tunine<\/a>.<\/p>\n<p>Za ve\u010d informacij nam pi\u0161ite.<\/p>\n","protected":false},"excerpt":{"rendered":"<p>10 \u0161katel po 24 enot - 240 enot po 5,98 evra Oti \u0161koljke 7\/10 kosov so naravni izdelek, izdelan na tradicionalen na\u010din. Conservas Oti je podjetje z dru\u017einsko tradicijo, katerega dobro delo se prena\u0161a iz roda v rod. Dru\u017eina je s trdim delom in prizadevanji v veliki meri omogo\u010dila rast in \u0161iritev podjetja Conservas Oti. [&hellip;]<\/p>\n","protected":false},"featured_media":24837,"template":"","meta":{"_et_pb_use_builder":"","_et_pb_old_content":"","_et_gb_content_width":""},"product_brand":[1075],"product_cat":[1983,4056,2852],"product_tag":[],"class_list":{"0":"post-39179","1":"product","2":"type-product","3":"status-publish","4":"has-post-thumbnail","6":"product_brand-oti","7":"product_cat-ohranja","8":"product_cat-skoljke-sl-3","9":"product_cat-trgovina-na-debelo","11":"first","12":"outofstock","13":"taxable","14":"shipping-taxable","15":"purchasable","16":"product-type-simple"},"_links":{"self":[{"href":"https:\/\/myspainfood.com\/sl\/wp-json\/wp\/v2\/product\/39179","targetHints":{"allow":["GET"]}}],"collection":[{"href":"https:\/\/myspainfood.com\/sl\/wp-json\/wp\/v2\/product"}],"about":[{"href":"https:\/\/myspainfood.com\/sl\/wp-json\/wp\/v2\/types\/product"}],"wp:featuredmedia":[{"embeddable":true,"href":"https:\/\/myspainfood.com\/sl\/wp-json\/wp\/v2\/media\/24837"}],"wp:attachment":[{"href":"https:\/\/myspainfood.com\/sl\/wp-json\/wp\/v2\/media?parent=39179"}],"wp:term":[{"taxonomy":"product_brand","embeddable":true,"href":"https:\/\/myspainfood.com\/sl\/wp-json\/wp\/v2\/product_brand?post=39179"},{"taxonomy":"product_cat","embeddable":true,"href":"https:\/\/myspainfood.com\/sl\/wp-json\/wp\/v2\/product_cat?post=39179"},{"taxonomy":"product_tag","embeddable":true,"href":"https:\/\/myspainfood.com\/sl\/wp-json\/wp\/v2\/product_tag?post=39179"}],"curies":[{"name":"wp","href":"https:\/\/api.w.org\/{rel}","templated":true}]}}