{"id":39542,"date":"2025-04-10T12:14:28","date_gmt":"2025-04-10T10:14:28","guid":{"rendered":"https:\/\/myspainfood.com\/producto\/pincha-selection-bonito-fileti-v-oljcnem-olju-50-oljcno-olje-50-soncnicno-olje-400-g\/"},"modified":"2025-06-19T10:29:46","modified_gmt":"2025-06-19T08:29:46","slug":"pincha-selection-bonito-fileti-v-oljcnem-olju-50-oljcno-olje-50-soncnicno-olje-400-g","status":"publish","type":"product","link":"https:\/\/myspainfood.com\/sl\/producto\/pincha-selection-bonito-fileti-v-oljcnem-olju-50-oljcno-olje-50-soncnicno-olje-400-g\/","title":{"rendered":"Pincha Selection Bonito fileti v olj\u010dnem olju (50 % olj\u010dno olje - 50 % son\u010dni\u010dno olje) 400 g"},"content":{"rendered":"<p><strong>Do\u017eivite najvi\u0161jo kakovost in okus morja s fileti Pincha Selecci\u00f3n Bonito v olju<\/strong>. Ta ekskluzivni izdelek, predstavljen v 400-gramski obliki, zdru\u017euje poslastico tune s popolno me\u0161anico olj\u010dnega in son\u010dni\u010dnega olja ter ponuja edinstveno kulinari\u010dno izku\u0161njo. <\/p>\n<p><strong>Zna\u010dilnosti izdelka:<\/strong><\/p>\n<ul>\n<li><strong>Premium izbor:<\/strong> Na\u0161i fileti tune so skrbno izbrani iz najbolj\u0161ega ulova, kar zagotavlja ne\u017eno strukturo in izvrsten okus.<\/li>\n<li><strong>Visokokakovostna me\u0161anica olj:<\/strong> kombinacija 50 % olj\u010dnega in 50 % son\u010dni\u010dnega olja zagotavlja popolno ravnovesje med okusom in blagostjo ter izbolj\u0161a naravne lastnosti tune.<\/li>\n<li><strong>Prehranske koristi:<\/strong> Ta izdelek je bogat vir beljakovin, omega-3 in vitaminov, idealen za uravnote\u017eeno in zdravo prehrano.<\/li>\n<li><strong>Vsestranskost v kuhinji:<\/strong> odli\u010den za pripravo najrazli\u010dnej\u0161ih jedi, od solat in tapasov do testenin in glavnih jedi. Zaradi svoje vsestranskosti je nepogre\u0161ljiva sestavina v va\u0161i shrambi. <\/li>\n<li><strong>Dru\u017einski format:<\/strong> 400-gramsko pakiranje je idealno za dru\u017eine ali tiste, ki i\u0161\u010dejo priro\u010dno in cenovno ugodno mo\u017enost za vsakodnevne priprave.<\/li>\n<\/ul>\n<p><strong>Prednosti izbire Pincha Selecci\u00f3n:<\/strong><\/p>\n<ul>\n<li><strong>Zavezanost k odli\u010dnosti:<\/strong> Prizadevamo si ponuditi najkakovostnej\u0161e morske proizvode s poudarkom na trajnosti in spo\u0161tovanju okolja.<\/li>\n<li><strong>Pristen okus morja:<\/strong> u\u017eivajte v pristnem okusu bonita, ribe, ki je cenjena zaradi ne\u017enega belega mesa.<\/li>\n<li><strong>Optimalno konzerviranje:<\/strong> uporabljamo tradicionalne metode konzerviranja, s katerimi zagotovimo, da vsak file bonita ohrani svoje hranilne lastnosti in sve\u017eino.<\/li>\n<\/ul>\n<p><strong>Nasveti za ohranjanje narave:<\/strong><\/p>\n<p>Da bi izdelek ohranili v najbolj\u0161i mo\u017eni obliki, ga hranite v hladnem in suhem prostoru. Po odprtju ga hranite v hladilniku in porabite v 3 dneh. <\/p>\n<p><strong>U\u017eivajte v vrhunski gastronomski izku\u0161nji:<\/strong><\/p>\n<p>S <strong>Pincha Selecci\u00f3n Bonito Fillets v olju (50 % olj\u010dno - 50 % son\u010dni\u010dno<\/strong>) dodajte svojim jedem pridih elegance in okusa. Kot nala\u0161\u010d za tiste, ki cenijo kakovost, hranljivost in okus v vsakem gri\u017eljaju. <\/p>\n<p>Vsak obrok spremenite v gurmansko do\u017eivetje s Pincha Selecci\u00f3n!<\/p>\n","protected":false},"excerpt":{"rendered":"<p>Do\u017eivite najvi\u0161jo kakovost in okus morja s fileti Pincha Selecci\u00f3n Bonito v olju. Ta ekskluzivni izdelek, predstavljen v 400-gramski obliki, zdru\u017euje poslastico tune s popolno me\u0161anico olj\u010dnega in son\u010dni\u010dnega olja ter ponuja edinstveno kulinari\u010dno izku\u0161njo. Zna\u010dilnosti izdelka: Premium izbor: Na\u0161i fileti tune so skrbno izbrani iz najbolj\u0161ega ulova, kar zagotavlja ne\u017eno strukturo in izvrsten okus. [&hellip;]<\/p>\n","protected":false},"featured_media":39550,"template":"","meta":{"_et_pb_use_builder":"","_et_pb_old_content":"","_et_gb_content_width":""},"product_brand":[1467],"product_cat":[1983,4374],"product_tag":[],"class_list":{"0":"post-39542","1":"product","2":"type-product","3":"status-publish","4":"has-post-thumbnail","6":"product_brand-pincha-seleccion","7":"product_cat-ohranja","8":"product_cat-tun-in-bonito","10":"first","11":"instock","12":"featured","13":"taxable","14":"shipping-taxable","15":"purchasable","16":"product-type-variable"},"_links":{"self":[{"href":"https:\/\/myspainfood.com\/sl\/wp-json\/wp\/v2\/product\/39542","targetHints":{"allow":["GET"]}}],"collection":[{"href":"https:\/\/myspainfood.com\/sl\/wp-json\/wp\/v2\/product"}],"about":[{"href":"https:\/\/myspainfood.com\/sl\/wp-json\/wp\/v2\/types\/product"}],"wp:featuredmedia":[{"embeddable":true,"href":"https:\/\/myspainfood.com\/sl\/wp-json\/wp\/v2\/media\/39550"}],"wp:attachment":[{"href":"https:\/\/myspainfood.com\/sl\/wp-json\/wp\/v2\/media?parent=39542"}],"wp:term":[{"taxonomy":"product_brand","embeddable":true,"href":"https:\/\/myspainfood.com\/sl\/wp-json\/wp\/v2\/product_brand?post=39542"},{"taxonomy":"product_cat","embeddable":true,"href":"https:\/\/myspainfood.com\/sl\/wp-json\/wp\/v2\/product_cat?post=39542"},{"taxonomy":"product_tag","embeddable":true,"href":"https:\/\/myspainfood.com\/sl\/wp-json\/wp\/v2\/product_tag?post=39542"}],"curies":[{"name":"wp","href":"https:\/\/api.w.org\/{rel}","templated":true}]}}