{"id":40388,"date":"2025-04-10T12:12:57","date_gmt":"2025-04-10T10:12:57","guid":{"rendered":"https:\/\/myspainfood.com\/producto\/la-vieja-fabrica-raspberry-jam-280-g\/"},"modified":"2025-04-10T12:12:57","modified_gmt":"2025-04-10T10:12:57","slug":"la-vieja-fabrica-raspberry-jam-280-g","status":"publish","type":"product","link":"https:\/\/myspainfood.com\/sl\/producto\/la-vieja-fabrica-raspberry-jam-280-g\/","title":{"rendered":"La Vieja F\u00e1brica Raspberry Jam 280 g"},"content":{"rendered":"<p>Malinova marmelada La Vieja F\u00e1brica je gurmanski izdelek, ki se odlikuje po intenzivnem okusu in pripravi iz sestavin najvi\u0161je kakovosti. Ta marmelada je narejena iz sve\u017eih in izbranih malin, zato ponuja edinstveno okusno izku\u0161njo, ki v vsakem gri\u017eljaju ujame bistvo sadja. <\/p>\n<p><span class=\"info-key \"><strong>Ime \u017eivila:<\/strong><\/span> Malinova marmelada<\/p>\n<p><span class=\"info-key \"><strong>Ime izvajalca<\/strong><\/span>: \u00c1ngel Camacho Alimentaci\u00f3n, S.L.<\/p>\n<p><strong><span class=\"info-key \">Naslov upravljavca:<\/span><\/strong> del Pilar, 6 - 41530 Mor\u00f3n de la Frontera (Sevilla): Avda.<\/p>\n<p><span class=\"info-key \"><strong>Kraj porekla \u017eivila:<\/strong><\/span> Izdelek iz \u0160panije<\/p>\n<p><strong><span class=\"info-key \">Neto koli\u010dina:<\/span><\/strong> 350 g<\/p>\n<p><strong><span class=\"info-key \">Drugi obvezni podatki na etiketi:<\/span><\/strong> Izdelano iz 45 g malin na 100 g.<\/p>\n<p><strong>Skupna vsebnost sladkorja<\/strong> 50 g na 100 g.<\/p>\n","protected":false},"excerpt":{"rendered":"<p>Malinova marmelada La Vieja F\u00e1brica je gurmanski izdelek, ki se odlikuje po intenzivnem okusu in pripravi iz sestavin najvi\u0161je kakovosti. Ta marmelada je narejena iz sve\u017eih in izbranih malin, zato ponuja edinstveno okusno izku\u0161njo, ki v vsakem gri\u017eljaju ujame bistvo sadja. Ime \u017eivila: Malinova marmelada Ime izvajalca: \u00c1ngel Camacho Alimentaci\u00f3n, S.L. Naslov upravljavca: del Pilar, [&hellip;]<\/p>\n","protected":false},"featured_media":40394,"template":"","meta":{"_et_pb_use_builder":"","_et_pb_old_content":"","_et_gb_content_width":""},"product_brand":[1460],"product_cat":[1983],"product_tag":[],"class_list":{"0":"post-40388","1":"product","2":"type-product","3":"status-publish","4":"has-post-thumbnail","6":"product_brand-la-vieja-fabrica","7":"product_cat-ohranja","9":"first","10":"outofstock","11":"taxable","12":"shipping-taxable","13":"product-type-variable"},"_links":{"self":[{"href":"https:\/\/myspainfood.com\/sl\/wp-json\/wp\/v2\/product\/40388","targetHints":{"allow":["GET"]}}],"collection":[{"href":"https:\/\/myspainfood.com\/sl\/wp-json\/wp\/v2\/product"}],"about":[{"href":"https:\/\/myspainfood.com\/sl\/wp-json\/wp\/v2\/types\/product"}],"wp:featuredmedia":[{"embeddable":true,"href":"https:\/\/myspainfood.com\/sl\/wp-json\/wp\/v2\/media\/40394"}],"wp:attachment":[{"href":"https:\/\/myspainfood.com\/sl\/wp-json\/wp\/v2\/media?parent=40388"}],"wp:term":[{"taxonomy":"product_brand","embeddable":true,"href":"https:\/\/myspainfood.com\/sl\/wp-json\/wp\/v2\/product_brand?post=40388"},{"taxonomy":"product_cat","embeddable":true,"href":"https:\/\/myspainfood.com\/sl\/wp-json\/wp\/v2\/product_cat?post=40388"},{"taxonomy":"product_tag","embeddable":true,"href":"https:\/\/myspainfood.com\/sl\/wp-json\/wp\/v2\/product_tag?post=40388"}],"curies":[{"name":"wp","href":"https:\/\/api.w.org\/{rel}","templated":true}]}}