{"id":40475,"date":"2025-04-10T12:12:57","date_gmt":"2025-04-10T10:12:57","guid":{"rendered":"https:\/\/myspainfood.com\/producto\/la-vieja-fabrica-jagodni-dzem-diet-280-g\/"},"modified":"2025-04-10T12:12:57","modified_gmt":"2025-04-10T10:12:57","slug":"la-vieja-fabrica-jagodni-dzem-diet-280-g","status":"publish","type":"product","link":"https:\/\/myspainfood.com\/sl\/producto\/la-vieja-fabrica-jagodni-dzem-diet-280-g\/","title":{"rendered":"La Vieja F\u00e1brica Jagodni d\u017eem DIET 280 g"},"content":{"rendered":"<p>Dietni jagodni d\u017eem La Vieja F\u00e1brica je okusna in zdrava izbira za vse, ki \u017eelijo u\u017eivati v pristnem okusu jagod brez dodanih rafiniranih sladkorjev. Ta dietna marmelada je narejena iz naravnih sestavin in nizkokalori\u010dnih sladil ter je odli\u010dna alternativa za tiste, ki pazijo na vnos kalorij in glikemije. <\/p>\n<p><span class=\"info-key \"><strong>Ime \u017eivila<\/strong>:<\/span> Dietna jagodna marmelada<\/p>\n<p><span class=\"info-key \"><strong>Ime izvajalca<\/strong><\/span>: \u00c1ngel Camacho Alimentaci\u00f3n, S.L.<\/p>\n<p><span class=\"info-key \"><strong>Naslov upravljavca:<\/strong><\/span> Avda. del Pilar, 6 - 41530 Mor\u00f3n de la Frontera (Sevilla)<\/p>\n<p><strong><span class=\"info-key \">Kraj izvora \u017eivila:<\/span><\/strong> Izdelek iz \u0160panije<\/p>\n<p><strong><span class=\"info-key \">Neto koli\u010dina:<\/span><\/strong> 280 g<\/p>\n<p><strong><span class=\"info-key \">Drugi obvezni podatki za ozna\u010devanje:<\/span><\/strong> Primerno za diabetike. Izdelano iz 55 g jagod na 100 g. <\/p>\n<p><strong>Skupna vsebnost sladkorja<\/strong> 42 g na 100 g.<\/p>\n","protected":false},"excerpt":{"rendered":"<p>Dietni jagodni d\u017eem La Vieja F\u00e1brica je okusna in zdrava izbira za vse, ki \u017eelijo u\u017eivati v pristnem okusu jagod brez dodanih rafiniranih sladkorjev. Ta dietna marmelada je narejena iz naravnih sestavin in nizkokalori\u010dnih sladil ter je odli\u010dna alternativa za tiste, ki pazijo na vnos kalorij in glikemije. Ime \u017eivila: Dietna jagodna marmelada Ime izvajalca: [&hellip;]<\/p>\n","protected":false},"featured_media":40481,"template":"","meta":{"_et_pb_use_builder":"","_et_pb_old_content":"","_et_gb_content_width":""},"product_brand":[1460],"product_cat":[1983],"product_tag":[],"class_list":{"0":"post-40475","1":"product","2":"type-product","3":"status-publish","4":"has-post-thumbnail","6":"product_brand-la-vieja-fabrica","7":"product_cat-ohranja","9":"first","10":"outofstock","11":"taxable","12":"shipping-taxable","13":"product-type-variable"},"_links":{"self":[{"href":"https:\/\/myspainfood.com\/sl\/wp-json\/wp\/v2\/product\/40475","targetHints":{"allow":["GET"]}}],"collection":[{"href":"https:\/\/myspainfood.com\/sl\/wp-json\/wp\/v2\/product"}],"about":[{"href":"https:\/\/myspainfood.com\/sl\/wp-json\/wp\/v2\/types\/product"}],"wp:featuredmedia":[{"embeddable":true,"href":"https:\/\/myspainfood.com\/sl\/wp-json\/wp\/v2\/media\/40481"}],"wp:attachment":[{"href":"https:\/\/myspainfood.com\/sl\/wp-json\/wp\/v2\/media?parent=40475"}],"wp:term":[{"taxonomy":"product_brand","embeddable":true,"href":"https:\/\/myspainfood.com\/sl\/wp-json\/wp\/v2\/product_brand?post=40475"},{"taxonomy":"product_cat","embeddable":true,"href":"https:\/\/myspainfood.com\/sl\/wp-json\/wp\/v2\/product_cat?post=40475"},{"taxonomy":"product_tag","embeddable":true,"href":"https:\/\/myspainfood.com\/sl\/wp-json\/wp\/v2\/product_tag?post=40475"}],"curies":[{"name":"wp","href":"https:\/\/api.w.org\/{rel}","templated":true}]}}