{"id":40690,"date":"2025-04-10T12:13:20","date_gmt":"2025-04-10T10:13:20","guid":{"rendered":"https:\/\/myspainfood.com\/producto\/vino-mataromera-ribera-del-duero-crianza-2019-oznaka-porekla-75-cl\/"},"modified":"2026-01-29T12:52:26","modified_gmt":"2026-01-29T11:52:26","slug":"vino-mataromera-ribera-del-duero-crianza-2019-oznaka-porekla-75-cl","status":"publish","type":"product","link":"https:\/\/myspainfood.com\/sl\/producto\/vino-mataromera-ribera-del-duero-crianza-2019-oznaka-porekla-75-cl\/","title":{"rendered":"Vino Mataromera Ribera del Duero Crianza 2019 Oznaka porekla 75 cl"},"content":{"rendered":"<p>Mataromera je priznana vinska klet v Ribera del Duero, znana po svoji predanosti odli\u010dnosti ter uporabi vinogradni\u0161kih in vinarskih tehnik, ki spo\u0161tujejo tako tradicijo kot inovacije. To vino odra\u017ea edinstven zna\u010daj vinogradov na pobo\u010djih doline Duero, kjer ekstremno celinsko podnebje in ilovnato-apnen\u010dasta tla zagotavljajo idealne pogoje za gojenje sorte Tempranillo. <\/p>\n<p>&nbsp;<\/p>\n<p>To vino je pristen izraz Ribera del Duero, ki ponuja bogato in nepozabno senzori\u010dno izku\u0161njo. Odli\u010dno za posebna praznovanja ali za u\u017eivanje na prefinjeni ve\u010derji. <\/p>\n<p>&nbsp;<\/p>\n<p>V francoskih in ameri\u0161kih hrastovih sodih je zorelo pribli\u017eno 14 mesecev, nato pa je bilo \u0161e dodatno izpopolnjeno v steklenici.<\/p>\n","protected":false},"excerpt":{"rendered":"<p>Mataromera je priznana vinska klet v Ribera del Duero, znana po svoji predanosti odli\u010dnosti ter uporabi vinogradni\u0161kih in vinarskih tehnik, ki spo\u0161tujejo tako tradicijo kot inovacije. To vino odra\u017ea edinstven zna\u010daj vinogradov na pobo\u010djih doline Duero, kjer ekstremno celinsko podnebje in ilovnato-apnen\u010dasta tla zagotavljajo idealne pogoje za gojenje sorte Tempranillo. &nbsp; To vino je pristen [&hellip;]<\/p>\n","protected":false},"featured_media":40696,"template":"","meta":{"_et_pb_use_builder":"","_et_pb_old_content":"","_et_gb_content_width":""},"product_brand":[1462],"product_cat":[4854,6259],"product_tag":[],"class_list":{"0":"post-40690","1":"product","2":"type-product","3":"status-publish","4":"has-post-thumbnail","6":"product_brand-matarromera","7":"product_cat-pijace","8":"product_cat-vino-sl-3","10":"first","11":"outofstock","12":"taxable","13":"shipping-taxable","14":"product-type-variable"},"_links":{"self":[{"href":"https:\/\/myspainfood.com\/sl\/wp-json\/wp\/v2\/product\/40690","targetHints":{"allow":["GET"]}}],"collection":[{"href":"https:\/\/myspainfood.com\/sl\/wp-json\/wp\/v2\/product"}],"about":[{"href":"https:\/\/myspainfood.com\/sl\/wp-json\/wp\/v2\/types\/product"}],"wp:featuredmedia":[{"embeddable":true,"href":"https:\/\/myspainfood.com\/sl\/wp-json\/wp\/v2\/media\/40696"}],"wp:attachment":[{"href":"https:\/\/myspainfood.com\/sl\/wp-json\/wp\/v2\/media?parent=40690"}],"wp:term":[{"taxonomy":"product_brand","embeddable":true,"href":"https:\/\/myspainfood.com\/sl\/wp-json\/wp\/v2\/product_brand?post=40690"},{"taxonomy":"product_cat","embeddable":true,"href":"https:\/\/myspainfood.com\/sl\/wp-json\/wp\/v2\/product_cat?post=40690"},{"taxonomy":"product_tag","embeddable":true,"href":"https:\/\/myspainfood.com\/sl\/wp-json\/wp\/v2\/product_tag?post=40690"}],"curies":[{"name":"wp","href":"https:\/\/api.w.org\/{rel}","templated":true}]}}