{"id":40738,"date":"2025-04-10T12:13:45","date_gmt":"2025-04-10T10:13:45","guid":{"rendered":"https:\/\/myspainfood.com\/producto\/sierra-zarza-gourmet-kozji-sir-750-gramov\/"},"modified":"2025-09-02T10:53:48","modified_gmt":"2025-09-02T08:53:48","slug":"sierra-zarza-gourmet-kozji-sir-750-gramov","status":"publish","type":"product","link":"https:\/\/myspainfood.com\/sl\/producto\/sierra-zarza-gourmet-kozji-sir-750-gramov\/","title":{"rendered":"Sierra Zarza Gourmet kozji sir 750 gramov"},"content":{"rendered":"<p>Odkrijte pristno bistvo pode\u017eelja z na\u0161im izvrstnim kozjim sirom Sierra Zarza, obrtni\u0161kim u\u017eitkom, ki pooseblja tradicijo in kakovost naj\u010distej\u0161ega kozjega mleka. Ta sir, pridobljen iz izbranih \u010dred, ki se prosto pasejo na pobo\u010djih Sierre Zarza, ponuja neprimerljivo gastronomsko do\u017eivetje. <\/p>\n<p>Kozji sir Sierra Zarza je na voljo v elegantni predstavitvi, ki je idealna tako za posebne prilo\u017enosti kot za vsakdanjo uporabo. Odli\u010dno se ujema z belimi in ro\u017enatimi vini, je pa tudi odli\u010den dodatek solatam, tapasom in gurmanskim sladicam. Zaradi svoje vsestranskosti v kuhinji je nepogre\u0161ljiva sestavina za ljubitelje dobre hrane.  <\/p>\n<p>Odkrijte pristno bistvo pode\u017eelja z na\u0161im izvrstnim kozjim sirom Sierra Zarza, obrtni\u0161kim u\u017eitkom, ki pooseblja tradicijo in kakovost naj\u010distej\u0161ega kozjega mleka. Ta sir, pridobljen iz izbranih \u010dred, ki se prosto pasejo na pobo\u010djih Sierre Zarza, ponuja neprimerljivo gastronomsko do\u017eivetje. <\/p>\n<p>&nbsp;<\/p>\n<p>Kozji sir Sierra Zarza je na voljo v elegantni predstavitvi, ki je idealna tako za posebne prilo\u017enosti kot za vsakdanjo uporabo. Odli\u010dno se ujema z belimi in ro\u017enatimi vini, je pa tudi odli\u010den dodatek solatam, tapasom in gurmanskim sladicam. Zaradi svoje vsestranskosti v kuhinji je nepogre\u0161ljiva sestavina za ljubitelje dobre hrane.  <\/p>\n","protected":false},"excerpt":{"rendered":"<p>Odkrijte pristno bistvo pode\u017eelja z na\u0161im izvrstnim kozjim sirom Sierra Zarza, obrtni\u0161kim u\u017eitkom, ki pooseblja tradicijo in kakovost naj\u010distej\u0161ega kozjega mleka. Ta sir, pridobljen iz izbranih \u010dred, ki se prosto pasejo na pobo\u010djih Sierre Zarza, ponuja neprimerljivo gastronomsko do\u017eivetje. Kozji sir Sierra Zarza je na voljo v elegantni predstavitvi, ki je idealna tako za posebne [&hellip;]<\/p>\n","protected":false},"featured_media":40743,"template":"","meta":{"_et_pb_use_builder":"","_et_pb_old_content":"","_et_gb_content_width":""},"product_brand":[1465],"product_cat":[2258,2730],"product_tag":[],"class_list":{"0":"post-40738","1":"product","2":"type-product","3":"status-publish","4":"has-post-thumbnail","6":"product_brand-sierra-zarza","7":"product_cat-sir-in-klobasa","8":"product_cat-zdravljenje","10":"first","11":"outofstock","12":"taxable","13":"shipping-taxable","14":"purchasable","15":"product-type-variable"},"_links":{"self":[{"href":"https:\/\/myspainfood.com\/sl\/wp-json\/wp\/v2\/product\/40738","targetHints":{"allow":["GET"]}}],"collection":[{"href":"https:\/\/myspainfood.com\/sl\/wp-json\/wp\/v2\/product"}],"about":[{"href":"https:\/\/myspainfood.com\/sl\/wp-json\/wp\/v2\/types\/product"}],"wp:featuredmedia":[{"embeddable":true,"href":"https:\/\/myspainfood.com\/sl\/wp-json\/wp\/v2\/media\/40743"}],"wp:attachment":[{"href":"https:\/\/myspainfood.com\/sl\/wp-json\/wp\/v2\/media?parent=40738"}],"wp:term":[{"taxonomy":"product_brand","embeddable":true,"href":"https:\/\/myspainfood.com\/sl\/wp-json\/wp\/v2\/product_brand?post=40738"},{"taxonomy":"product_cat","embeddable":true,"href":"https:\/\/myspainfood.com\/sl\/wp-json\/wp\/v2\/product_cat?post=40738"},{"taxonomy":"product_tag","embeddable":true,"href":"https:\/\/myspainfood.com\/sl\/wp-json\/wp\/v2\/product_tag?post=40738"}],"curies":[{"name":"wp","href":"https:\/\/api.w.org\/{rel}","templated":true}]}}