{"id":40806,"date":"2025-04-10T12:13:45","date_gmt":"2025-04-10T10:13:45","guid":{"rendered":"https:\/\/myspainfood.com\/producto\/ramon-bilbao-rioja-crianza-2020-z-oznacbo-porekla-75-cl\/"},"modified":"2026-01-29T12:57:12","modified_gmt":"2026-01-29T11:57:12","slug":"ramon-bilbao-rioja-crianza-2020-z-oznacbo-porekla-75-cl","status":"publish","type":"product","link":"https:\/\/myspainfood.com\/sl\/producto\/ramon-bilbao-rioja-crianza-2020-z-oznacbo-porekla-75-cl\/","title":{"rendered":"Ramon Bilbao Rioja Crianza 2020 z ozna\u010dbo porekla 75 cl"},"content":{"rendered":"<p>Odkrijte odli\u010dnost Rioje z rde\u010dim vinom Ram\u00f3n Bilbao Crianza 2020, ki odra\u017ea tradicijo in inovativni duh ene najpresti\u017enej\u0161ih \u0161panskih kleti. To vino, izdelano s skrbno pozornostjo do podrobnosti, je pristen prikaz kakovosti in zna\u010daja regije Rioja. <\/p>\n<p>&nbsp;<\/p>\n<p>Vinska klet Ram\u00f3n Bilbao, ustanovljena leta 1924, zdru\u017euje tradicijo vinarstva v regiji Rioja z inovativno vizijo in ustvarja vina, ki so hkrati poklon dedi\u0161\u010dini regije in izraz sodobnosti. Ram\u00f3n Bilbao Crianza 2020 je vino, ki vas vabi k raziskovanju bogastva in raznolikosti Rioje, idealno za vse prilo\u017enosti, od uradnih ve\u010derij do neformalnih sre\u010danj. <\/p>\n","protected":false},"excerpt":{"rendered":"<p>Odkrijte odli\u010dnost Rioje z rde\u010dim vinom Ram\u00f3n Bilbao Crianza 2020, ki odra\u017ea tradicijo in inovativni duh ene najpresti\u017enej\u0161ih \u0161panskih kleti. To vino, izdelano s skrbno pozornostjo do podrobnosti, je pristen prikaz kakovosti in zna\u010daja regije Rioja. &nbsp; Vinska klet Ram\u00f3n Bilbao, ustanovljena leta 1924, zdru\u017euje tradicijo vinarstva v regiji Rioja z inovativno vizijo in ustvarja [&hellip;]<\/p>\n","protected":false},"featured_media":40814,"template":"","meta":{"_et_pb_use_builder":"","_et_pb_old_content":"","_et_gb_content_width":""},"product_brand":[1463],"product_cat":[4854,6259],"product_tag":[],"class_list":{"0":"post-40806","1":"product","2":"type-product","3":"status-publish","4":"has-post-thumbnail","6":"product_brand-ramon-bilbao","7":"product_cat-pijace","8":"product_cat-vino-sl-3","10":"first","11":"outofstock","12":"taxable","13":"shipping-taxable","14":"product-type-variable"},"_links":{"self":[{"href":"https:\/\/myspainfood.com\/sl\/wp-json\/wp\/v2\/product\/40806","targetHints":{"allow":["GET"]}}],"collection":[{"href":"https:\/\/myspainfood.com\/sl\/wp-json\/wp\/v2\/product"}],"about":[{"href":"https:\/\/myspainfood.com\/sl\/wp-json\/wp\/v2\/types\/product"}],"wp:featuredmedia":[{"embeddable":true,"href":"https:\/\/myspainfood.com\/sl\/wp-json\/wp\/v2\/media\/40814"}],"wp:attachment":[{"href":"https:\/\/myspainfood.com\/sl\/wp-json\/wp\/v2\/media?parent=40806"}],"wp:term":[{"taxonomy":"product_brand","embeddable":true,"href":"https:\/\/myspainfood.com\/sl\/wp-json\/wp\/v2\/product_brand?post=40806"},{"taxonomy":"product_cat","embeddable":true,"href":"https:\/\/myspainfood.com\/sl\/wp-json\/wp\/v2\/product_cat?post=40806"},{"taxonomy":"product_tag","embeddable":true,"href":"https:\/\/myspainfood.com\/sl\/wp-json\/wp\/v2\/product_tag?post=40806"}],"curies":[{"name":"wp","href":"https:\/\/api.w.org\/{rel}","templated":true}]}}