{"id":40851,"date":"2025-04-10T12:14:06","date_gmt":"2025-04-10T10:14:06","guid":{"rendered":"https:\/\/myspainfood.com\/producto\/a-inigo-garbanzos-de-primera-3-kg\/"},"modified":"2025-04-10T12:14:06","modified_gmt":"2025-04-10T10:14:06","slug":"a-inigo-garbanzos-de-primera-3-kg","status":"publish","type":"product","link":"https:\/\/myspainfood.com\/sl\/producto\/a-inigo-garbanzos-de-primera-3-kg\/","title":{"rendered":"A. I\u00f1igo Garbanzos de Primera 3 kg"},"content":{"rendered":"<p>Odkrijte <strong>\u010di\u010deriko podjetja Primera A. I\u00f1igo. I\u00f1igo<\/strong>, skrbno izbrana, da vam ponudi najbolj\u0161o kakovost in okus vsakega zrna. Ta vrhunska \u010di\u010derika je popolna sestavina, ki bo izbolj\u0161ala va\u0161e jedi, saj zagotavlja gladko in kremasto teksturo, ki se prilagaja najrazli\u010dnej\u0161im receptom. <\/p>\n<p><strong>Prednosti:<\/strong><\/p>\n<ul>\n<li><strong>Hranljiva:<\/strong> vsebuje veliko vlaknin in beljakovin, ki so bistvenega pomena za zdravo in uravnote\u017eeno prehrano.<\/li>\n<li><strong>Energijski<\/strong>: dajejo energijo in nasitijo ter so idealni za vsak dnevni obrok.<\/li>\n<li><strong>Zdravo:<\/strong> Brez dodatkov in konzervansov so naravna in zdrava izbira za vso dru\u017eino.<\/li>\n<li><strong>Vsestranskost v kuhinji:<\/strong> Prilagodijo se najrazli\u010dnej\u0161im receptom, tako tradicionalnim kot sodobnim, in omogo\u010dajo ustvarjanje okusnih in hranljivih jedi.<\/li>\n<\/ul>\n<p><strong>Priporo\u010dila za uporabo:<\/strong><\/p>\n<ul>\n<li><strong>Solate:<\/strong> Dodajte jih solatam, da jim dodate teksturo in hranilno vrednost.<\/li>\n<li><strong>Juhe in enolon\u010dnice:<\/strong> Odli\u010dno se obogati mesne, perutninske in zelenjavne enolon\u010dnice ter juhe.<\/li>\n<li><strong>Humus:<\/strong> Uporabite jih za pripravo doma\u010dega humusa, dodajte tahini, limono, \u010desen in olj\u010dno olje.<\/li>\n<li><strong>Tradicionalne jedi:<\/strong> idealen za enolon\u010dnice, enolon\u010dnice in druge tradicionalne \u0161panske recepte.<\/li>\n<\/ul>\n<p><strong>Ohranjanje:<\/strong><\/p>\n<ul>\n<li>Shranjujte v hladnem in suhem prostoru.<\/li>\n<li>Posodo hranite tesno zaprto, da ohranite sve\u017eino.<\/li>\n<\/ul>\n","protected":false},"excerpt":{"rendered":"<p>Odkrijte \u010di\u010deriko podjetja Primera A. I\u00f1igo. I\u00f1igo, skrbno izbrana, da vam ponudi najbolj\u0161o kakovost in okus vsakega zrna. Ta vrhunska \u010di\u010derika je popolna sestavina, ki bo izbolj\u0161ala va\u0161e jedi, saj zagotavlja gladko in kremasto teksturo, ki se prilagaja najrazli\u010dnej\u0161im receptom. Prednosti: Hranljiva: vsebuje veliko vlaknin in beljakovin, ki so bistvenega pomena za zdravo in uravnote\u017eeno [&hellip;]<\/p>\n","protected":false},"featured_media":40859,"template":"","meta":{"_et_pb_use_builder":"","_et_pb_old_content":"","_et_gb_content_width":""},"product_brand":[1461],"product_cat":[8044],"product_tag":[],"class_list":{"0":"post-40851","1":"product","2":"type-product","3":"status-publish","4":"has-post-thumbnail","6":"product_brand-a-inigo","7":"product_cat-kategorija-testiranja-sl","9":"first","10":"outofstock","11":"taxable","12":"shipping-taxable","13":"product-type-variable"},"_links":{"self":[{"href":"https:\/\/myspainfood.com\/sl\/wp-json\/wp\/v2\/product\/40851","targetHints":{"allow":["GET"]}}],"collection":[{"href":"https:\/\/myspainfood.com\/sl\/wp-json\/wp\/v2\/product"}],"about":[{"href":"https:\/\/myspainfood.com\/sl\/wp-json\/wp\/v2\/types\/product"}],"wp:featuredmedia":[{"embeddable":true,"href":"https:\/\/myspainfood.com\/sl\/wp-json\/wp\/v2\/media\/40859"}],"wp:attachment":[{"href":"https:\/\/myspainfood.com\/sl\/wp-json\/wp\/v2\/media?parent=40851"}],"wp:term":[{"taxonomy":"product_brand","embeddable":true,"href":"https:\/\/myspainfood.com\/sl\/wp-json\/wp\/v2\/product_brand?post=40851"},{"taxonomy":"product_cat","embeddable":true,"href":"https:\/\/myspainfood.com\/sl\/wp-json\/wp\/v2\/product_cat?post=40851"},{"taxonomy":"product_tag","embeddable":true,"href":"https:\/\/myspainfood.com\/sl\/wp-json\/wp\/v2\/product_tag?post=40851"}],"curies":[{"name":"wp","href":"https:\/\/api.w.org\/{rel}","templated":true}]}}